{"id":26711,"date":"2021-08-31T17:04:54","date_gmt":"2021-08-31T15:04:54","guid":{"rendered":"https:\/\/kymos.com\/informativa-sui-cookie\/"},"modified":"2025-11-24T11:04:24","modified_gmt":"2025-11-24T10:04:24","slug":"informativa-sui-cookie","status":"publish","type":"page","link":"https:\/\/kymos.com\/it\/informativa-sui-cookie\/","title":{"rendered":"Informativa sui cookie"},"content":{"rendered":"<p><div class=\"fusion-fullwidth fullwidth-box fusion-builder-row-1 fusion-flex-container hundred-percent-fullwidth non-hundred-percent-height-scrolling\" style=\"--awb-border-radius-top-left:0px;--awb-border-radius-top-right:0px;--awb-border-radius-bottom-right:0px;--awb-border-radius-bottom-left:0px;--awb-flex-wrap:wrap;\" ><div class=\"fusion-builder-row fusion-row fusion-flex-align-items-flex-start fusion-flex-justify-content-center fusion-flex-content-wrap\" style=\"width:calc( 100% + 20px ) !important;max-width:calc( 100% + 20px ) !important;margin-left: calc(-20px \/ 2 );margin-right: calc(-20px \/ 2 );\"><div class=\"fusion-layout-column fusion_builder_column fusion-builder-column-0 fusion_builder_column_1_1 1_1 fusion-flex-column\" style=\"--awb-bg-size:cover;--awb-width-large:100%;--awb-margin-top-large:0px;--awb-spacing-right-large:10px;--awb-margin-bottom-large:20px;--awb-spacing-left-large:10px;--awb-width-medium:100%;--awb-order-medium:0;--awb-spacing-right-medium:10px;--awb-spacing-left-medium:10px;--awb-width-small:100%;--awb-order-small:0;--awb-spacing-right-small:10px;--awb-spacing-left-small:10px;\"><div class=\"fusion-column-wrapper fusion-column-has-shadow fusion-flex-justify-content-flex-start fusion-content-layout-column\"><div class=\"fusion-title title fusion-title-1 fusion-sep-none fusion-title-center fusion-title-text fusion-title-size-one\"><h1 class=\"fusion-title-heading title-heading-center\" style=\"margin:0;\">Informativa sui cookie<\/h1><\/div><\/div><\/div><\/div><\/div><div class=\"fusion-fullwidth fullwidth-box fusion-builder-row-2 fusion-flex-container fusion-parallax-none nonhundred-percent-fullwidth non-hundred-percent-height-scrolling lazyload\" style=\"--awb-border-radius-top-left:0px;--awb-border-radius-top-right:0px;--awb-border-radius-bottom-right:0px;--awb-border-radius-bottom-left:0px;--awb-margin-bottom:100px;--awb-min-height:350px;--awb-background-size:cover;--awb-flex-wrap:wrap;\" data-bg=\"https:\/\/kymos.com\/wp-content\/uploads\/2021\/07\/KYMOS-FACILITIES_GMP_GLP-Archive_20210623-BCN-0484-1.jpg\" ><div class=\"fusion-builder-row fusion-row fusion-flex-align-items-flex-start fusion-flex-content-wrap\" style=\"max-width:calc( 1170px + 20px );margin-left: calc(-20px \/ 2 );margin-right: calc(-20px \/ 2 );\"><\/div><\/div><div class=\"fusion-fullwidth fullwidth-box fusion-builder-row-3 fusion-flex-container nonhundred-percent-fullwidth non-hundred-percent-height-scrolling\" style=\"--awb-border-radius-top-left:0px;--awb-border-radius-top-right:0px;--awb-border-radius-bottom-right:0px;--awb-border-radius-bottom-left:0px;--awb-padding-bottom:100px;--awb-margin-bottom:100px;--awb-flex-wrap:wrap;\" ><div class=\"fusion-builder-row fusion-row fusion-flex-align-items-flex-start fusion-flex-content-wrap\" style=\"max-width:calc( 1170px + 20px );margin-left: calc(-20px \/ 2 );margin-right: calc(-20px \/ 2 );\"><div class=\"fusion-layout-column fusion_builder_column fusion-builder-column-1 fusion_builder_column_1_1 1_1 fusion-flex-column\" style=\"--awb-bg-size:cover;--awb-width-large:100%;--awb-margin-top-large:0px;--awb-spacing-right-large:10px;--awb-margin-bottom-large:0px;--awb-spacing-left-large:10px;--awb-width-medium:100%;--awb-spacing-right-medium:10px;--awb-spacing-left-medium:10px;--awb-width-small:100%;--awb-spacing-right-small:10px;--awb-spacing-left-small:10px;\"><div class=\"fusion-column-wrapper fusion-flex-justify-content-flex-start fusion-content-layout-column\"><div class=\"fusion-text fusion-text-1\"><p>I cookie sono file che vengono scaricati sul computer quando si accede ad alcuni siti web. I cookie consentono a un sito web, tra le altre cose, di memorizzare e recuperare informazioni su un utente o sul suo computer e sulle sue abitudini di navigazione e, a seconda delle informazioni che contengono e del modo in cui si utilizza il computer, possono essere utilizzati per riconoscere l&#8217;utente. Il browser dell&#8217;utente memorizza i cookie sul disco rigido solo durante la sessione corrente, occupando uno spazio di memoria minimo e senza danneggiare il computer. I cookie non contengono alcun tipo di informazione personale e la maggior parte di essi viene eliminata dal disco rigido al termine della sessione del browser (i cosiddetti cookie di sessione). La maggior parte dei browser accetta i cookie come standard e, indipendentemente da essi, consente o impedisce le impostazioni di sicurezza relative ai cookie temporanei o memorizzati.    <\/p>\n<p>Senza il tuo esplicito consenso, ovvero attivando i cookie nel tuo browser, KYMOS SL (KYMOS) e\/o le sue affiliate non collegheranno nei cookie i dati memorizzati con i tuoi dati personali forniti al momento della registrazione.<\/p>\n<p>Quali tipi di cookie utilizza questo sito web?<\/p>\n<ul>\n<li>Cookie tecnici: sono quelli che permettono all&#8217;utente la navigazione attraverso una pagina web, piattaforma o applicazione e l&#8217;utilizzo delle diverse opzioni o servizi che possono esistere come, ad esempio, controllare il traffico e la comunicazione dei dati, identificare la sessione, accedere a parti ad accesso limitato, ricordare gli elementi che compongono un ordine, realizzare il processo di acquisto di un ordine, realizzare la richiesta di registrazione o partecipazione a un evento, utilizzare elementi di sicurezza durante la navigazione, memorizzare contenuti per la trasmissione di video o audio o condividere contenuti attraverso i social network.<\/li>\n<li>Cookie di personalizzazione: sono quelli che permettono all&#8217;utente di accedere al servizio con alcune caratteristiche generali predefinite nel terminale dell&#8217;utente come ad esempio la lingua, il tipo di browser attraverso il quale accedere al servizio, la configurazione regionale da cui accedere al servizio, ecc.<\/li>\n<li>Cookie di analisi: sono quelli che, trattati da noi o da terze parti, ci permettono di quantificare il numero di utenti e quindi di effettuare la misurazione e l&#8217;analisi statistica dell&#8217;utilizzo del servizio offerto agli utenti. In questo modo, la tua navigazione sul nostro sito web viene analizzata al fine di migliorare l&#8217;offerta di prodotti o servizi che offriamo. <\/li>\n<li>Cookie di terze parti: il sito web KYMOS pu\u00f2 utilizzare servizi di terze parti che, per conto di KYMOS, raccolgono informazioni a fini statistici, di utilizzo del Sito da parte dell&#8217;utente e per la fornitura di altri servizi correlati all&#8217;attivit\u00e0 del Sito web e di altri servizi Internet.<\/li>\n<\/ul>\n<p>Nello specifico, questo sito web utilizza i seguenti cookie forniti da Google, Inc. con sede negli Stati Uniti, 1600 Amphitheatre Parkway, Mountain View, California 94043:<\/p>\n<p>a) <a href=\"https:\/\/www.google.com\/analytics\/terms\/us.html\" data-wpel-link=\"external\">Google Analytics<\/a> : si tratta di un servizio web di analisi che raccoglie informazioni, incluso l&#8217;indirizzo IP dell&#8217;utente, che saranno trasmesse, trattate e archiviate da Google secondo le modalit\u00e0 stabilite nel sito web Google.com. Compresa l&#8217;eventuale trasmissione di tali informazioni a terzi per esigenze di legge o quando tali terzi elaborano le informazioni per conto di Google. <\/p>\n<p>b) <a href=\"https:\/\/support.google.com\/ds\/answer\/2839090?hl=en\" data-wpel-link=\"external\">DoubleClick<\/a> : utilizza i cookie per migliorare la pubblicit\u00e0, inviando un cookie al browser dopo ogni impressione, clic o altra attivit\u00e0 che si traduce in una chiamata ai nostri server. Se il browser accetta il cookie, il cookie viene memorizzato sul browser. <\/p>\n<p>c) <a href=\"https:\/\/support.google.com\/tagmanager\/answer\/6102821?hl=en\" data-wpel-link=\"external\">Google Tag Manager<\/a> : \u00e8 un sistema che consente di aggiornare rapidamente e facilmente tag e frammenti di codice sul tuo sito web o sulla tua app mobile. Una volta aggiunto il frammento di Tag Manager al tuo sito web o alla tua app mobile, puoi configurare i tag tramite un&#8217;interfaccia utente basata sul web, senza dover modificare e implementare codice aggiuntivo. Questo riduce gli errori e ti evita di dover coinvolgere uno sviluppatore ogni volta che devi apportare modifiche.  <\/p>\n<p>d) <a href=\"https:\/\/support.google.com\/optimize\/answer\/6262388?hl=en\" data-wpel-link=\"external\">Pubblico di GA<\/a> : un pubblico di remarketing \u00e8 un elenco di cookie o ID di pubblicit\u00e0 mobile che rappresenta un gruppo di utenti che desideri coinvolgere nuovamente in base alla loro probabilit\u00e0 di conversione.<\/p>\n<p>Inoltre, questo sito Web utilizza i seguenti cookie di Drupal: `<\/p>\n<p>a) <a href=\"https:\/\/www.acquia.com\/about-us\/legal\/privacy-policy\" data-wpel-link=\"external\">has_js<\/a> : determina se JavaScript \u00e8 abilitato o meno in modo che Drupal possa eseguire operazioni in modo pi\u00f9 efficiente per migliorare l&#8217;esperienza dell&#8217;utente.<\/p>\n<p>b) <a href=\"https:\/\/www.acquia.com\/about-us\/legal\/privacy-policy\" data-wpel-link=\"external\">Cookie-agreed<\/a> : indica se la politica sui cookie \u00e8 stata accettata.<\/p>\n<p>L&#8217;utente accetta, utilizzando questo Sito, il trattamento delle informazioni raccolte nei modi e per le finalit\u00e0 sopra indicate. Riconosce inoltre di conoscere la possibilit\u00e0 di opporsi al trattamento di tali dati o informazioni, rifiutando a tal fine l&#8217;uso dei Cookie selezionando l&#8217;impostazione appropriata nel proprio browser. Tuttavia, questa opzione di blocco dei Cookie nel browser potrebbe non consentire il pieno utilizzo di tutte le funzionalit\u00e0 del Sito.  <\/p>\n<p>A meno che tu non abbia modificato le impostazioni del tuo browser, il nostro sistema creer\u00e0 dei cookie non appena visiti il nostro Sito Web. Tieni presente che tutti i browser Internet consentono di modificare tale configurazione. Per ulteriori informazioni su come modificare le impostazioni dei cookie nei seguenti browser, ti rimandiamo al link corrispondente:  <\/p>\n<h4>Internet Explorer<\/h4>\n<p><a href=\"https:\/\/support.microsoft.com\/kb\/196955\" data-wpel-link=\"external\">https:\/\/support.microsoft.com\/kb\/196955<\/a><\/p>\n<p><a href=\"https:\/\/www.allaboutcookies.org\/es\/administrar-las-cookies\/internet-explorer7-plus.html\" data-wpel-link=\"external\">https:\/\/www.allaboutcookies.org\/es\/administrar-las-cookies\/internet-explorer7-plus.html<\/a><\/p>\n<p><a href=\"https:\/\/www.allaboutcookies.org\/es\/administrar-las-cookies\/internet-explorer8-plus.html\" data-wpel-link=\"external\">https:\/\/www.allaboutcookies.org\/es\/administrar-las-cookies\/internet-explorer8-plus.html<\/a><\/p>\n<p><a href=\"https:\/\/www.allaboutcookies.org\/es\/administrar-las-cookies\/internet-explorer9-plus.html\" data-wpel-link=\"external\">https:\/\/www.allaboutcookies.org\/es\/administrar-las-cookies\/internet-explorer9-plus.html<\/a><\/p>\n<p><a href=\"https:\/\/support.microsoft.com\/es-es\/help\/17442\/windows-internet-explorer-delete-manage-cookies\" data-wpel-link=\"external\">https:\/\/support.microsoft.com\/es-es\/help\/17442\/windows-internet-explorer-delete-manage-cookies<\/a><\/p>\n<h4>Firefox<\/h4>\n<p><a href=\"https:\/\/support.mozilla.org\/es\/kb\/habilitar-y-deshabilitar-cookies-sitios-web-rastrear-preferencias%22%20%5Co%20%22Abre%20ventana%20nueva%22%20%5Ct%20%22_blank\" data-wpel-link=\"external\">https:\/\/support.mozilla.org\/es\/kb\/habilitar-y-deshabilitar-cookies-sitios-web-rastrear-preferencias<br \/>\n <\/a><\/p>\n<h4>Cromo<\/h4>\n<p><a href=\"https:\/\/support.google.com\/chrome\/answer\/95647?co=GENIE.Platform=Desktop&amp;hl=es%22%20%5Co%20%22Abre%20ventana%20nueva%22%20%5Ct%20%22_blank\" data-wpel-link=\"external\">https:\/\/support.google.com\/chrome\/answer\/95647?co=GENIE.Platform%3DDesktop&amp;hl=es<\/a><\/p>\n<h4>Safari<\/h4>\n<p><a href=\"https:\/\/support.apple.com\/kb\/ph21411?locale=es_ES\" data-wpel-link=\"external\">https:\/\/support.apple.com\/kb\/ph21411?locale=es_ES<\/a><\/p>\n<p><a href=\"https:\/\/support.apple.com\/es-es\/HT201265%22%20%5Co%20%22Abre%20ventana%20nueva%22%20%5Ct%20%22_blank\" data-wpel-link=\"external\">https:\/\/support.apple.com\/es-es\/HT201265<\/a><\/p>\n<h4>Modifiche alla politica sui cookie<\/h4>\n<p>Potremmo aggiornare la Politica sui Cookie del nostro Sito Web, pertanto ti consigliamo di consultarla ogni volta che accedi al nostro Sito Web per essere adeguatamente informato su come e perch\u00e9 utilizziamo i cookie. La Politica sui Cookie \u00e8 stata aggiornata l&#8217;ultima volta il 10 luglio 2018. <\/p>\n<p>In caso di dubbi sulla presente Politica sui cookie, \u00e8 possibile contattare Kymos al seguente indirizzo <strong><a href=\"mailto:info@kymos.com?subject=Cookie\" data-wpel-link=\"internal\">info@kymos.com<\/a><\/strong> .<\/p>\n<\/div><\/div><\/div><\/div><\/div><\/p>\n","protected":false},"excerpt":{"rendered":"","protected":false},"author":8,"featured_media":0,"parent":0,"menu_order":0,"comment_status":"closed","ping_status":"closed","template":"100-width.php","meta":{"_acf_changed":false,"footnotes":""},"categories":[],"tags":[],"class_list":["post-26711","page","type-page","status-publish","hentry"],"acf":[],"yoast_head":"<!-- This site is optimized with the Yoast SEO plugin v27.4 - https:\/\/yoast.com\/product\/yoast-seo-wordpress\/ -->\n<title>Informativa sui cookie | Kymos<\/title>\n<meta name=\"robots\" content=\"noindex, nofollow\" \/>\n<meta property=\"og:locale\" content=\"it_IT\" \/>\n<meta property=\"og:type\" content=\"article\" \/>\n<meta property=\"og:title\" content=\"Informativa sui cookie | Kymos\" \/>\n<meta property=\"og:url\" content=\"https:\/\/kymos.com\/it\/informativa-sui-cookie\/\" \/>\n<meta property=\"og:site_name\" content=\"Kymos\" \/>\n<meta property=\"article:modified_time\" content=\"2025-11-24T10:04:24+00:00\" \/>\n<meta property=\"og:image\" content=\"https:\/\/kymos.com\/wp-content\/uploads\/2023\/06\/Foto-Logo-Kymos-Edificio.png\" \/>\n\t<meta property=\"og:image:width\" content=\"1200\" \/>\n\t<meta property=\"og:image:height\" content=\"1200\" \/>\n\t<meta property=\"og:image:type\" content=\"image\/png\" \/>\n<meta name=\"twitter:card\" content=\"summary_large_image\" \/>\n<meta name=\"twitter:site\" content=\"@KymosGroup\" \/>\n<meta name=\"twitter:label1\" content=\"Tempo di lettura stimato\" \/>\n\t<meta name=\"twitter:data1\" content=\"10 minuti\" \/>\n<script type=\"application\/ld+json\" class=\"yoast-schema-graph\">{\"@context\":\"https:\\\/\\\/schema.org\",\"@graph\":[{\"@type\":\"WebPage\",\"@id\":\"https:\\\/\\\/kymos.com\\\/it\\\/informativa-sui-cookie\\\/\",\"url\":\"https:\\\/\\\/kymos.com\\\/it\\\/informativa-sui-cookie\\\/\",\"name\":\"Informativa sui cookie | Kymos\",\"isPartOf\":{\"@id\":\"https:\\\/\\\/kymos.com\\\/it\\\/#website\"},\"datePublished\":\"2021-08-31T15:04:54+00:00\",\"dateModified\":\"2025-11-24T10:04:24+00:00\",\"breadcrumb\":{\"@id\":\"https:\\\/\\\/kymos.com\\\/it\\\/informativa-sui-cookie\\\/#breadcrumb\"},\"inLanguage\":\"it-IT\",\"potentialAction\":[{\"@type\":\"ReadAction\",\"target\":[\"https:\\\/\\\/kymos.com\\\/it\\\/informativa-sui-cookie\\\/\"]}]},{\"@type\":\"BreadcrumbList\",\"@id\":\"https:\\\/\\\/kymos.com\\\/it\\\/informativa-sui-cookie\\\/#breadcrumb\",\"itemListElement\":[{\"@type\":\"ListItem\",\"position\":1,\"name\":\"Home\",\"item\":\"https:\\\/\\\/kymos.com\\\/it\\\/\"},{\"@type\":\"ListItem\",\"position\":2,\"name\":\"Informativa sui cookie\"}]},{\"@type\":\"WebSite\",\"@id\":\"https:\\\/\\\/kymos.com\\\/it\\\/#website\",\"url\":\"https:\\\/\\\/kymos.com\\\/it\\\/\",\"name\":\"Kymos Group\",\"description\":\"Kymos Group\",\"potentialAction\":[{\"@type\":\"SearchAction\",\"target\":{\"@type\":\"EntryPoint\",\"urlTemplate\":\"https:\\\/\\\/kymos.com\\\/it\\\/?s={search_term_string}\"},\"query-input\":{\"@type\":\"PropertyValueSpecification\",\"valueRequired\":true,\"valueName\":\"search_term_string\"}}],\"inLanguage\":\"it-IT\"}]}<\/script>\n<!-- \/ Yoast SEO plugin. -->","yoast_head_json":{"title":"Informativa sui cookie | Kymos","robots":{"index":"noindex","follow":"nofollow"},"og_locale":"it_IT","og_type":"article","og_title":"Informativa sui cookie | Kymos","og_url":"https:\/\/kymos.com\/it\/informativa-sui-cookie\/","og_site_name":"Kymos","article_modified_time":"2025-11-24T10:04:24+00:00","og_image":[{"width":1200,"height":1200,"url":"https:\/\/kymos.com\/wp-content\/uploads\/2023\/06\/Foto-Logo-Kymos-Edificio.png","type":"image\/png"}],"twitter_card":"summary_large_image","twitter_site":"@KymosGroup","twitter_misc":{"Tempo di lettura stimato":"10 minuti"},"schema":{"@context":"https:\/\/schema.org","@graph":[{"@type":"WebPage","@id":"https:\/\/kymos.com\/it\/informativa-sui-cookie\/","url":"https:\/\/kymos.com\/it\/informativa-sui-cookie\/","name":"Informativa sui cookie | Kymos","isPartOf":{"@id":"https:\/\/kymos.com\/it\/#website"},"datePublished":"2021-08-31T15:04:54+00:00","dateModified":"2025-11-24T10:04:24+00:00","breadcrumb":{"@id":"https:\/\/kymos.com\/it\/informativa-sui-cookie\/#breadcrumb"},"inLanguage":"it-IT","potentialAction":[{"@type":"ReadAction","target":["https:\/\/kymos.com\/it\/informativa-sui-cookie\/"]}]},{"@type":"BreadcrumbList","@id":"https:\/\/kymos.com\/it\/informativa-sui-cookie\/#breadcrumb","itemListElement":[{"@type":"ListItem","position":1,"name":"Home","item":"https:\/\/kymos.com\/it\/"},{"@type":"ListItem","position":2,"name":"Informativa sui cookie"}]},{"@type":"WebSite","@id":"https:\/\/kymos.com\/it\/#website","url":"https:\/\/kymos.com\/it\/","name":"Kymos Group","description":"Kymos Group","potentialAction":[{"@type":"SearchAction","target":{"@type":"EntryPoint","urlTemplate":"https:\/\/kymos.com\/it\/?s={search_term_string}"},"query-input":{"@type":"PropertyValueSpecification","valueRequired":true,"valueName":"search_term_string"}}],"inLanguage":"it-IT"}]}},"_links":{"self":[{"href":"https:\/\/kymos.com\/it\/wp-json\/wp\/v2\/pages\/26711","targetHints":{"allow":["GET"]}}],"collection":[{"href":"https:\/\/kymos.com\/it\/wp-json\/wp\/v2\/pages"}],"about":[{"href":"https:\/\/kymos.com\/it\/wp-json\/wp\/v2\/types\/page"}],"author":[{"embeddable":true,"href":"https:\/\/kymos.com\/it\/wp-json\/wp\/v2\/users\/8"}],"replies":[{"embeddable":true,"href":"https:\/\/kymos.com\/it\/wp-json\/wp\/v2\/comments?post=26711"}],"version-history":[{"count":0,"href":"https:\/\/kymos.com\/it\/wp-json\/wp\/v2\/pages\/26711\/revisions"}],"wp:attachment":[{"href":"https:\/\/kymos.com\/it\/wp-json\/wp\/v2\/media?parent=26711"}],"wp:term":[{"taxonomy":"category","embeddable":true,"href":"https:\/\/kymos.com\/it\/wp-json\/wp\/v2\/categories?post=26711"},{"taxonomy":"post_tag","embeddable":true,"href":"https:\/\/kymos.com\/it\/wp-json\/wp\/v2\/tags?post=26711"}],"curies":[{"name":"wp","href":"https:\/\/api.w.org\/{rel}","templated":true}]}}