{"id":26709,"date":"2021-08-06T15:00:16","date_gmt":"2021-08-06T13:00:16","guid":{"rendered":"https:\/\/kymos.com\/plan-du-site\/"},"modified":"2025-11-24T11:04:19","modified_gmt":"2025-11-24T10:04:19","slug":"plan-du-site","status":"publish","type":"page","link":"https:\/\/kymos.com\/fr\/plan-du-site\/","title":{"rendered":"Plan du site"},"content":{"rendered":"<p><div class=\"fusion-fullwidth fullwidth-box fusion-builder-row-1 fusion-flex-container nonhundred-percent-fullwidth non-hundred-percent-height-scrolling\" style=\"--awb-border-radius-top-left:0px;--awb-border-radius-top-right:0px;--awb-border-radius-bottom-right:0px;--awb-border-radius-bottom-left:0px;--awb-flex-wrap:wrap;\" ><div class=\"fusion-builder-row fusion-row fusion-flex-align-items-flex-start fusion-flex-justify-content-center fusion-flex-content-wrap\" style=\"max-width:calc( 1170px + 20px );margin-left: calc(-20px \/ 2 );margin-right: calc(-20px \/ 2 );\"><div class=\"fusion-layout-column fusion_builder_column fusion-builder-column-0 fusion_builder_column_1_1 1_1 fusion-flex-column\" style=\"--awb-bg-size:cover;--awb-width-large:100%;--awb-margin-top-large:0px;--awb-spacing-right-large:10px;--awb-margin-bottom-large:20px;--awb-spacing-left-large:10px;--awb-width-medium:100%;--awb-order-medium:0;--awb-spacing-right-medium:10px;--awb-spacing-left-medium:10px;--awb-width-small:100%;--awb-order-small:0;--awb-spacing-right-small:10px;--awb-spacing-left-small:10px;\"><div class=\"fusion-column-wrapper fusion-column-has-shadow fusion-flex-justify-content-flex-start fusion-content-layout-column\"><div class=\"fusion-title title fusion-title-1 fusion-sep-none fusion-title-center fusion-title-text fusion-title-size-one\"><h1 class=\"fusion-title-heading title-heading-center\" style=\"margin:0;\">Plan du site<\/h1><\/div><\/div><\/div><\/div><\/div><div class=\"fusion-fullwidth fullwidth-box fusion-builder-row-2 fusion-flex-container nonhundred-percent-fullwidth non-hundred-percent-height-scrolling\" style=\"--awb-border-radius-top-left:0px;--awb-border-radius-top-right:0px;--awb-border-radius-bottom-right:0px;--awb-border-radius-bottom-left:0px;--awb-flex-wrap:wrap;\" ><div class=\"fusion-builder-row fusion-row fusion-flex-align-items-flex-start fusion-flex-content-wrap\" style=\"max-width:calc( 1170px + 20px );margin-left: calc(-20px \/ 2 );margin-right: calc(-20px \/ 2 );\"><div class=\"fusion-layout-column fusion_builder_column fusion-builder-column-1 fusion_builder_column_1_2 1_2 fusion-flex-column\" style=\"--awb-bg-size:cover;--awb-width-large:50%;--awb-margin-top-large:0px;--awb-spacing-right-large:10px;--awb-margin-bottom-large:20px;--awb-spacing-left-large:10px;--awb-width-medium:50%;--awb-order-medium:0;--awb-spacing-right-medium:10px;--awb-spacing-left-medium:10px;--awb-width-small:100%;--awb-order-small:0;--awb-spacing-right-small:10px;--awb-spacing-left-small:10px;\"><div class=\"fusion-column-wrapper fusion-column-has-shadow fusion-flex-justify-content-flex-start fusion-content-layout-column\"><div class=\"wshs-post-simple-list full-layout \"><ul><li><a href=\"https:\/\/kymos.com\/fr\/\" title=\"Maison\" data-wpel-link=\"internal\">Maison<\/a><\/li><li><a href=\"https:\/\/kymos.com\/fr\/politique-de-confidentialite\/\" title=\"Politique de confidentialit\u00e9\" data-wpel-link=\"internal\">Politique de confidentialit\u00e9<\/a><\/li><li><a href=\"https:\/\/kymos.com\/fr\/a-propos-de-nous\/\" title=\"\u00c0 propos de nous\" data-wpel-link=\"internal\">\u00c0 propos de nous<\/a><ul class=\"children\"><li><a href=\"https:\/\/kymos.com\/fr\/a-propos-de-nous\/qualite-et-certifications\/\" title=\"Qualit\u00e9 et certifications\" data-wpel-link=\"internal\">Qualit\u00e9 et certifications<\/a><\/li><li><a href=\"https:\/\/kymos.com\/fr\/a-propos-de-nous\/partenaires\/\" title=\"Partenaires\" data-wpel-link=\"internal\">Partenaires<\/a><\/li><li><a href=\"https:\/\/kymos.com\/fr\/a-propos-de-nous\/equipe\/\" title=\"\u00c9quipe\" data-wpel-link=\"internal\">\u00c9quipe<\/a><\/li><li><a href=\"https:\/\/kymos.com\/fr\/a-propos-de-nous\/responsabilite-sociale\/\" title=\"Responsabilit\u00e9 sociale\" data-wpel-link=\"internal\">Responsabilit\u00e9 sociale<\/a><\/li><\/ul><\/li><li><a href=\"https:\/\/kymos.com\/fr\/innovation\/\" title=\"Innovation\" data-wpel-link=\"internal\">Innovation<\/a><\/li><li><a href=\"https:\/\/kymos.com\/fr\/contact\/\" title=\"Contact\" data-wpel-link=\"internal\">Contact<\/a><\/li><li><a href=\"https:\/\/kymos.com\/fr\/prolytic\/\" title=\"Prolytic\" data-wpel-link=\"internal\">Prolytic<\/a><\/li><li><a href=\"https:\/\/kymos.com\/fr\/pharmaprogress\/\" title=\"Pharmaprogress\" data-wpel-link=\"internal\">Pharmaprogress<\/a><\/li><li><a href=\"https:\/\/kymos.com\/fr\/kymos\/\" title=\"Kymos\" data-wpel-link=\"internal\">Kymos<\/a><\/li><li><a href=\"https:\/\/kymos.com\/fr\/carrieres\/\" title=\"Carri\u00e8res\" data-wpel-link=\"internal\">Carri\u00e8res<\/a><\/li><li><a href=\"https:\/\/kymos.com\/fr\/installations\/\" title=\"Installations\" data-wpel-link=\"internal\">Installations<\/a><ul class=\"children\"><li><a href=\"https:\/\/kymos.com\/fr\/installations\/documents\/\" title=\"Documents\" data-wpel-link=\"internal\">Documents<\/a><\/li><\/ul><\/li><li><a href=\"https:\/\/kymos.com\/fr\/plan-du-site\/\" title=\"Plan du site\" data-wpel-link=\"internal\">Plan du site<\/a><\/li><li><a href=\"https:\/\/kymos.com\/fr\/mentions-legales\/\" title=\"Mentions l\u00e9gales\" data-wpel-link=\"internal\">Mentions l\u00e9gales<\/a><\/li><li><a href=\"https:\/\/kymos.com\/fr\/blog\/\" title=\"Blog\" data-wpel-link=\"internal\">Blog<\/a><\/li><li><a href=\"https:\/\/kymos.com\/fr\/particule\/\" title=\"Kymos Danemark : CRO analytique \u00e0 Copenhague\" data-wpel-link=\"internal\">Kymos Danemark : CRO analytique \u00e0 Copenhague<\/a><\/li><\/ul><\/div><\/div><\/div><div class=\"fusion-layout-column fusion_builder_column fusion-builder-column-2 fusion_builder_column_1_2 1_2 fusion-flex-column\" style=\"--awb-bg-size:cover;--awb-width-large:50%;--awb-margin-top-large:0px;--awb-spacing-right-large:10px;--awb-margin-bottom-large:20px;--awb-spacing-left-large:10px;--awb-width-medium:50%;--awb-order-medium:0;--awb-spacing-right-medium:10px;--awb-spacing-left-medium:10px;--awb-width-small:100%;--awb-order-small:0;--awb-spacing-right-small:10px;--awb-spacing-left-small:10px;\"><div class=\"fusion-column-wrapper fusion-column-has-shadow fusion-flex-justify-content-flex-start fusion-content-layout-column\"><div class=\"wshs-post-simple-list full-layout \"><ul><li><a href=\"https:\/\/kymos.com\/fr\/services\/\" title=\"Services\" data-wpel-link=\"internal\">Services<\/a><ul class=\"children\"><li><a href=\"https:\/\/kymos.com\/fr\/services\/services-precliniques-et-cliniques\/\" title=\"Services pr\u00e9cliniques et cliniques\" data-wpel-link=\"internal\">Services pr\u00e9cliniques et cliniques<\/a><ul class=\"children\"><li><a href=\"https:\/\/kymos.com\/fr\/services\/services-precliniques-et-cliniques\/bioanalyse-et-immunogenicite-des-produits-biologiques-et-biosimilaires\/\" title=\"Bioanalyse et immunog\u00e9nicit\u00e9 des produits biologiques et biosimilaires\" data-wpel-link=\"internal\">Bioanalyse et immunog\u00e9nicit\u00e9 des produits biologiques et biosimilaires<\/a><\/li><li><a href=\"https:\/\/kymos.com\/fr\/services\/services-precliniques-et-cliniques\/etudes-de-bioequivalence\/\" title=\"\u00c9tudes de bio\u00e9quivalence\" data-wpel-link=\"internal\">\u00c9tudes de bio\u00e9quivalence<\/a><\/li><li><a href=\"https:\/\/kymos.com\/fr\/services\/services-precliniques-et-cliniques\/evaluation-pharmacocinetique-et-statistiques\/\" title=\"\u00c9valuation pharmacocin\u00e9tique et statistiques\" data-wpel-link=\"internal\">\u00c9valuation pharmacocin\u00e9tique et statistiques<\/a><\/li><li><a href=\"https:\/\/kymos.com\/fr\/services\/services-precliniques-et-cliniques\/absorption-percutanee\/\" title=\"Absorption percutan\u00e9e\" data-wpel-link=\"internal\">Absorption percutan\u00e9e<\/a><\/li><li><a href=\"https:\/\/kymos.com\/fr\/services\/services-precliniques-et-cliniques\/activite-enzymatique\/\" title=\"Activit\u00e9 enzymatique\" data-wpel-link=\"internal\">Activit\u00e9 enzymatique<\/a><\/li><li><a href=\"https:\/\/kymos.com\/fr\/services\/services-precliniques-et-cliniques\/bioanalyse-des-acides-nucleiques\/\" title=\"Bioanalyse des acides nucl\u00e9iques\" data-wpel-link=\"internal\">Bioanalyse des acides nucl\u00e9iques<\/a><\/li><li><a href=\"https:\/\/kymos.com\/fr\/services\/services-precliniques-et-cliniques\/bioanalyse-des-petites-molecules-et-des-generiques\/\" title=\"Bioanalyse des petites mol\u00e9cules et des g\u00e9n\u00e9riques\" data-wpel-link=\"internal\">Bioanalyse des petites mol\u00e9cules et des g\u00e9n\u00e9riques<\/a><\/li><li><a href=\"https:\/\/kymos.com\/fr\/services\/services-precliniques-et-cliniques\/analyse-des-biomarqueurs\/\" title=\"Analyse des biomarqueurs\" data-wpel-link=\"internal\">Analyse des biomarqueurs<\/a><\/li><li><a href=\"https:\/\/kymos.com\/fr\/services\/services-precliniques-et-cliniques\/sante-animale\/\" title=\"Sant\u00e9 animale\" data-wpel-link=\"internal\">Sant\u00e9 animale<\/a><\/li><\/ul><\/li><li><a href=\"https:\/\/kymos.com\/fr\/services\/analyse-cmc-et-controle-qualite\/\" title=\"Analyse CMC et contr\u00f4le qualit\u00e9\" data-wpel-link=\"internal\">Analyse CMC et contr\u00f4le qualit\u00e9<\/a><ul class=\"children\"><li><a href=\"https:\/\/kymos.com\/fr\/services\/analyse-cmc-et-controle-qualite\/microbiologie\/\" title=\"Microbiologie\" data-wpel-link=\"internal\">Microbiologie<\/a><\/li><li><a href=\"https:\/\/kymos.com\/fr\/services\/analyse-cmc-et-controle-qualite\/elements-nitrosamines-et-autres-impuretes\/\" title=\"\u00c9l\u00e9ments, nitrosamines et autres impuret\u00e9s\" data-wpel-link=\"internal\">\u00c9l\u00e9ments, nitrosamines et autres impuret\u00e9s<\/a><ul class=\"children\"><li><a href=\"https:\/\/kymos.com\/fr\/services\/analyse-cmc-et-controle-qualite\/elements-nitrosamines-et-autres-impuretes\/nitrosamines\/\" title=\"nitrosamines\" data-wpel-link=\"internal\">nitrosamines<\/a><\/li><li><a href=\"https:\/\/kymos.com\/fr\/services\/analyse-cmc-et-controle-qualite\/elements-nitrosamines-et-autres-impuretes\/impuretes-elementaires\/\" title=\"Impuret\u00e9s \u00e9l\u00e9mentaires\" data-wpel-link=\"internal\">Impuret\u00e9s \u00e9l\u00e9mentaires<\/a><\/li><\/ul><\/li><li><a href=\"https:\/\/kymos.com\/fr\/services\/analyse-cmc-et-controle-qualite\/controle-de-la-qualite-des-produits-biologiques-et-biosimilaires\/\" title=\"Contr\u00f4le de la qualit\u00e9 des produits biologiques et biosimilaires\" data-wpel-link=\"internal\">Contr\u00f4le de la qualit\u00e9 des produits biologiques et biosimilaires<\/a><\/li><li><a href=\"https:\/\/kymos.com\/fr\/services\/analyse-cmc-et-controle-qualite\/developpement-et-validation-de-methodes\/\" title=\"D\u00e9veloppement et validation de m\u00e9thodes\" data-wpel-link=\"internal\">D\u00e9veloppement et validation de m\u00e9thodes<\/a><\/li><li><a href=\"https:\/\/kymos.com\/fr\/services\/analyse-cmc-et-controle-qualite\/etudes-de-stabilite\/\" title=\"\u00c9tudes de stabilit\u00e9\" data-wpel-link=\"internal\">\u00c9tudes de stabilit\u00e9<\/a><\/li><li><a href=\"https:\/\/kymos.com\/fr\/services\/analyse-cmc-et-controle-qualite\/tests-et-liberation-des-lots\/\" title=\"Tests et lib\u00e9ration des lots\" data-wpel-link=\"internal\">Tests et lib\u00e9ration des lots<\/a><\/li><li><a href=\"https:\/\/kymos.com\/fr\/services\/analyse-cmc-et-controle-qualite\/controle-de-la-qualite-des-petites-molecules\/\" title=\"Contr\u00f4le de la qualit\u00e9 des petites mol\u00e9cules\" data-wpel-link=\"internal\">Contr\u00f4le de la qualit\u00e9 des petites mol\u00e9cules<\/a><\/li><li><a href=\"https:\/\/kymos.com\/fr\/services\/analyse-cmc-et-controle-qualite\/tests-de-depistage-des-medicaments-administres-par-voie-orale-inhalee-et-nasale\/\" title=\"Tests de d\u00e9pistage des m\u00e9dicaments administr\u00e9s par voie orale, inhal\u00e9e et nasale\" data-wpel-link=\"internal\">Tests de d\u00e9pistage des m\u00e9dicaments administr\u00e9s par voie orale, inhal\u00e9e et nasale<\/a><\/li><li><a href=\"https:\/\/kymos.com\/fr\/services\/analyse-cmc-et-controle-qualite\/etudes-de-comparabilite-des-biosimilaires\/\" title=\"\u00c9tudes de comparabilit\u00e9 des biosimilaires\" data-wpel-link=\"internal\">\u00c9tudes de comparabilit\u00e9 des biosimilaires<\/a><\/li><li><a href=\"https:\/\/kymos.com\/fr\/services\/analyse-cmc-et-controle-qualite\/substances-extractibles-et-lixiviables\/\" title=\"Extractibles et lixiviables\" data-wpel-link=\"internal\">Extractibles et lixiviables<\/a><\/li><li><a href=\"https:\/\/kymos.com\/fr\/services\/analyse-cmc-et-controle-qualite\/essais-cellulaires-et-de-puissance\/\" title=\"Essais cellulaires et de puissance\" data-wpel-link=\"internal\">Essais cellulaires et de puissance<\/a><\/li><li><a href=\"https:\/\/kymos.com\/fr\/services\/analyse-cmc-et-controle-qualite\/tests-transdermiques\/\" title=\"Tests transdermiques\" data-wpel-link=\"internal\">Tests transdermiques<\/a><\/li><li><a href=\"https:\/\/kymos.com\/fr\/services\/analyse-cmc-et-controle-qualite\/caracterisation-des-vecteurs-viraux\/\" title=\"Caract\u00e9risation des vecteurs viraux\" data-wpel-link=\"internal\">Caract\u00e9risation des vecteurs viraux<\/a><\/li><li><a href=\"https:\/\/kymos.com\/fr\/services\/analyse-cmc-et-controle-qualite\/tests-des-matieres-premieres\/\" title=\"Tests des mati\u00e8res premi\u00e8res\" data-wpel-link=\"internal\">Tests des mati\u00e8res premi\u00e8res<\/a><\/li><li><a href=\"https:\/\/kymos.com\/fr\/services\/analyse-cmc-et-controle-qualite\/controle-de-la-qualite-des-oligonucleotides\/\" title=\"Contr\u00f4le qualit\u00e9 des oligonucl\u00e9otides\" data-wpel-link=\"internal\">Contr\u00f4le qualit\u00e9 des oligonucl\u00e9otides<\/a><\/li><\/ul><\/li><li><a href=\"https:\/\/kymos.com\/fr\/services\/petites-molecules\/\" title=\"Petites mol\u00e9cules\" data-wpel-link=\"internal\">Petites mol\u00e9cules<\/a><\/li><li><a href=\"https:\/\/kymos.com\/fr\/services\/produits-biologiques-et-biosimilaires\/\" title=\"Produits biologiques et biosimilaires\" data-wpel-link=\"internal\">Produits biologiques et biosimilaires<\/a><\/li><li><a href=\"https:\/\/kymos.com\/fr\/services\/therapies-avancees\/\" title=\"Th\u00e9rapies avanc\u00e9es\" data-wpel-link=\"internal\">Th\u00e9rapies avanc\u00e9es<\/a><\/li><li><a href=\"https:\/\/kymos.com\/fr\/services\/marees-oligo-et-peptides\/\" title=\"Mar\u00e9es (Oligo et Peptides)\" data-wpel-link=\"internal\">Mar\u00e9es (Oligo et Peptides)<\/a><\/li><\/ul><\/li><li><a href=\"https:\/\/kymos.com\/fr\/blog\/\" title=\"Blog\" data-wpel-link=\"internal\">Blog<\/a><\/li><li><a href=\"https:\/\/kymos.com\/fr\/particule\/\" title=\"Kymos Danemark : CRO analytique \u00e0 Copenhague\" data-wpel-link=\"internal\">Kymos Danemark : CRO analytique \u00e0 Copenhague<\/a><\/li><\/ul><\/div><\/div><\/div><\/div><\/div><\/p>\n","protected":false},"excerpt":{"rendered":"","protected":false},"author":8,"featured_media":0,"parent":0,"menu_order":0,"comment_status":"closed","ping_status":"closed","template":"","meta":{"_acf_changed":false,"footnotes":""},"categories":[],"tags":[],"class_list":["post-26709","page","type-page","status-publish","hentry"],"acf":[],"yoast_head":"<!-- This site is optimized with the Yoast SEO plugin v27.4 - https:\/\/yoast.com\/product\/yoast-seo-wordpress\/ -->\n<title>D\u00e9couvrez le plan du site du groupe Kymos<\/title>\n<meta name=\"description\" content=\"Consultez le plan du site du groupe Kymos ainsi que l&#039;organisation et la structure de notre page num\u00e9rique.\" \/>\n<meta name=\"robots\" content=\"noindex, follow\" \/>\n<meta property=\"og:locale\" content=\"fr_FR\" \/>\n<meta property=\"og:type\" content=\"article\" \/>\n<meta property=\"og:title\" content=\"D\u00e9couvrez le plan du site du groupe Kymos\" \/>\n<meta property=\"og:description\" content=\"Consultez le plan du site du groupe Kymos ainsi que l&#039;organisation et la structure de notre page num\u00e9rique.\" \/>\n<meta property=\"og:url\" content=\"https:\/\/kymos.com\/fr\/plan-du-site\/\" \/>\n<meta property=\"og:site_name\" content=\"Kymos\" \/>\n<meta property=\"article:modified_time\" content=\"2025-11-24T10:04:19+00:00\" \/>\n<meta property=\"og:image\" content=\"https:\/\/kymos.com\/wp-content\/uploads\/2023\/06\/Foto-Logo-Kymos-Edificio.png\" \/>\n\t<meta property=\"og:image:width\" content=\"1200\" \/>\n\t<meta property=\"og:image:height\" content=\"1200\" \/>\n\t<meta property=\"og:image:type\" content=\"image\/png\" \/>\n<meta name=\"twitter:card\" content=\"summary_large_image\" \/>\n<meta name=\"twitter:site\" content=\"@KymosGroup\" \/>\n<meta name=\"twitter:label1\" content=\"Dur\u00e9e de lecture estim\u00e9e\" \/>\n\t<meta name=\"twitter:data1\" content=\"5 minutes\" \/>\n<script type=\"application\/ld+json\" class=\"yoast-schema-graph\">{\"@context\":\"https:\\\/\\\/schema.org\",\"@graph\":[{\"@type\":\"WebPage\",\"@id\":\"https:\\\/\\\/kymos.com\\\/fr\\\/plan-du-site\\\/\",\"url\":\"https:\\\/\\\/kymos.com\\\/fr\\\/plan-du-site\\\/\",\"name\":\"D\u00e9couvrez le plan du site du groupe Kymos\",\"isPartOf\":{\"@id\":\"https:\\\/\\\/kymos.com\\\/fr\\\/#website\"},\"datePublished\":\"2021-08-06T13:00:16+00:00\",\"dateModified\":\"2025-11-24T10:04:19+00:00\",\"description\":\"Consultez le plan du site du groupe Kymos ainsi que l'organisation et la structure de notre page num\u00e9rique.\",\"breadcrumb\":{\"@id\":\"https:\\\/\\\/kymos.com\\\/fr\\\/plan-du-site\\\/#breadcrumb\"},\"inLanguage\":\"fr-FR\",\"potentialAction\":[{\"@type\":\"ReadAction\",\"target\":[\"https:\\\/\\\/kymos.com\\\/fr\\\/plan-du-site\\\/\"]}]},{\"@type\":\"BreadcrumbList\",\"@id\":\"https:\\\/\\\/kymos.com\\\/fr\\\/plan-du-site\\\/#breadcrumb\",\"itemListElement\":[{\"@type\":\"ListItem\",\"position\":1,\"name\":\"Home\",\"item\":\"https:\\\/\\\/kymos.com\\\/fr\\\/\"},{\"@type\":\"ListItem\",\"position\":2,\"name\":\"Plan du site\"}]},{\"@type\":\"WebSite\",\"@id\":\"https:\\\/\\\/kymos.com\\\/fr\\\/#website\",\"url\":\"https:\\\/\\\/kymos.com\\\/fr\\\/\",\"name\":\"Kymos Group\",\"description\":\"Kymos Group\",\"potentialAction\":[{\"@type\":\"SearchAction\",\"target\":{\"@type\":\"EntryPoint\",\"urlTemplate\":\"https:\\\/\\\/kymos.com\\\/fr\\\/?s={search_term_string}\"},\"query-input\":{\"@type\":\"PropertyValueSpecification\",\"valueRequired\":true,\"valueName\":\"search_term_string\"}}],\"inLanguage\":\"fr-FR\"}]}<\/script>\n<!-- \/ Yoast SEO plugin. -->","yoast_head_json":{"title":"D\u00e9couvrez le plan du site du groupe Kymos","description":"Consultez le plan du site du groupe Kymos ainsi que l'organisation et la structure de notre page num\u00e9rique.","robots":{"index":"noindex","follow":"follow"},"og_locale":"fr_FR","og_type":"article","og_title":"D\u00e9couvrez le plan du site du groupe Kymos","og_description":"Consultez le plan du site du groupe Kymos ainsi que l'organisation et la structure de notre page num\u00e9rique.","og_url":"https:\/\/kymos.com\/fr\/plan-du-site\/","og_site_name":"Kymos","article_modified_time":"2025-11-24T10:04:19+00:00","og_image":[{"width":1200,"height":1200,"url":"https:\/\/kymos.com\/wp-content\/uploads\/2023\/06\/Foto-Logo-Kymos-Edificio.png","type":"image\/png"}],"twitter_card":"summary_large_image","twitter_site":"@KymosGroup","twitter_misc":{"Dur\u00e9e de lecture estim\u00e9e":"5 minutes"},"schema":{"@context":"https:\/\/schema.org","@graph":[{"@type":"WebPage","@id":"https:\/\/kymos.com\/fr\/plan-du-site\/","url":"https:\/\/kymos.com\/fr\/plan-du-site\/","name":"D\u00e9couvrez le plan du site du groupe Kymos","isPartOf":{"@id":"https:\/\/kymos.com\/fr\/#website"},"datePublished":"2021-08-06T13:00:16+00:00","dateModified":"2025-11-24T10:04:19+00:00","description":"Consultez le plan du site du groupe Kymos ainsi que l'organisation et la structure de notre page num\u00e9rique.","breadcrumb":{"@id":"https:\/\/kymos.com\/fr\/plan-du-site\/#breadcrumb"},"inLanguage":"fr-FR","potentialAction":[{"@type":"ReadAction","target":["https:\/\/kymos.com\/fr\/plan-du-site\/"]}]},{"@type":"BreadcrumbList","@id":"https:\/\/kymos.com\/fr\/plan-du-site\/#breadcrumb","itemListElement":[{"@type":"ListItem","position":1,"name":"Home","item":"https:\/\/kymos.com\/fr\/"},{"@type":"ListItem","position":2,"name":"Plan du site"}]},{"@type":"WebSite","@id":"https:\/\/kymos.com\/fr\/#website","url":"https:\/\/kymos.com\/fr\/","name":"Kymos Group","description":"Kymos Group","potentialAction":[{"@type":"SearchAction","target":{"@type":"EntryPoint","urlTemplate":"https:\/\/kymos.com\/fr\/?s={search_term_string}"},"query-input":{"@type":"PropertyValueSpecification","valueRequired":true,"valueName":"search_term_string"}}],"inLanguage":"fr-FR"}]}},"_links":{"self":[{"href":"https:\/\/kymos.com\/fr\/wp-json\/wp\/v2\/pages\/26709","targetHints":{"allow":["GET"]}}],"collection":[{"href":"https:\/\/kymos.com\/fr\/wp-json\/wp\/v2\/pages"}],"about":[{"href":"https:\/\/kymos.com\/fr\/wp-json\/wp\/v2\/types\/page"}],"author":[{"embeddable":true,"href":"https:\/\/kymos.com\/fr\/wp-json\/wp\/v2\/users\/8"}],"replies":[{"embeddable":true,"href":"https:\/\/kymos.com\/fr\/wp-json\/wp\/v2\/comments?post=26709"}],"version-history":[{"count":0,"href":"https:\/\/kymos.com\/fr\/wp-json\/wp\/v2\/pages\/26709\/revisions"}],"wp:attachment":[{"href":"https:\/\/kymos.com\/fr\/wp-json\/wp\/v2\/media?parent=26709"}],"wp:term":[{"taxonomy":"category","embeddable":true,"href":"https:\/\/kymos.com\/fr\/wp-json\/wp\/v2\/categories?post=26709"},{"taxonomy":"post_tag","embeddable":true,"href":"https:\/\/kymos.com\/fr\/wp-json\/wp\/v2\/tags?post=26709"}],"curies":[{"name":"wp","href":"https:\/\/api.w.org\/{rel}","templated":true}]}}