{"id":26688,"date":"2021-08-31T17:04:54","date_gmt":"2021-08-31T15:04:54","guid":{"rendered":"https:\/\/kymos.com\/politique-relative-aux-cookies\/"},"modified":"2025-11-20T14:17:13","modified_gmt":"2025-11-20T13:17:13","slug":"politique-relative-aux-cookies","status":"publish","type":"page","link":"https:\/\/kymos.com\/fr\/politique-relative-aux-cookies\/","title":{"rendered":"Politique relative aux cookies"},"content":{"rendered":"<p><div class=\"fusion-fullwidth fullwidth-box fusion-builder-row-1 fusion-flex-container hundred-percent-fullwidth non-hundred-percent-height-scrolling\" style=\"--awb-border-radius-top-left:0px;--awb-border-radius-top-right:0px;--awb-border-radius-bottom-right:0px;--awb-border-radius-bottom-left:0px;--awb-flex-wrap:wrap;\" ><div class=\"fusion-builder-row fusion-row fusion-flex-align-items-flex-start fusion-flex-justify-content-center fusion-flex-content-wrap\" style=\"width:calc( 100% + 20px ) !important;max-width:calc( 100% + 20px ) !important;margin-left: calc(-20px \/ 2 );margin-right: calc(-20px \/ 2 );\"><div class=\"fusion-layout-column fusion_builder_column fusion-builder-column-0 fusion_builder_column_1_1 1_1 fusion-flex-column\" style=\"--awb-bg-size:cover;--awb-width-large:100%;--awb-margin-top-large:0px;--awb-spacing-right-large:10px;--awb-margin-bottom-large:20px;--awb-spacing-left-large:10px;--awb-width-medium:100%;--awb-order-medium:0;--awb-spacing-right-medium:10px;--awb-spacing-left-medium:10px;--awb-width-small:100%;--awb-order-small:0;--awb-spacing-right-small:10px;--awb-spacing-left-small:10px;\"><div class=\"fusion-column-wrapper fusion-column-has-shadow fusion-flex-justify-content-flex-start fusion-content-layout-column\"><div class=\"fusion-title title fusion-title-1 fusion-sep-none fusion-title-center fusion-title-text fusion-title-size-one\"><h1 class=\"fusion-title-heading title-heading-center\" style=\"margin:0;\">Politique relative aux cookies<\/h1><\/div><\/div><\/div><\/div><\/div><div class=\"fusion-fullwidth fullwidth-box fusion-builder-row-2 fusion-flex-container fusion-parallax-none nonhundred-percent-fullwidth non-hundred-percent-height-scrolling lazyload\" style=\"--awb-border-radius-top-left:0px;--awb-border-radius-top-right:0px;--awb-border-radius-bottom-right:0px;--awb-border-radius-bottom-left:0px;--awb-margin-bottom:100px;--awb-min-height:350px;--awb-background-size:cover;--awb-flex-wrap:wrap;\" data-bg=\"https:\/\/kymos.com\/wp-content\/uploads\/2021\/07\/KYMOS-FACILITIES_GMP_GLP-Archive_20210623-BCN-0484-1.jpg\" ><div class=\"fusion-builder-row fusion-row fusion-flex-align-items-flex-start fusion-flex-content-wrap\" style=\"max-width:calc( 1170px + 20px );margin-left: calc(-20px \/ 2 );margin-right: calc(-20px \/ 2 );\"><\/div><\/div><div class=\"fusion-fullwidth fullwidth-box fusion-builder-row-3 fusion-flex-container nonhundred-percent-fullwidth non-hundred-percent-height-scrolling\" style=\"--awb-border-radius-top-left:0px;--awb-border-radius-top-right:0px;--awb-border-radius-bottom-right:0px;--awb-border-radius-bottom-left:0px;--awb-padding-bottom:100px;--awb-margin-bottom:100px;--awb-flex-wrap:wrap;\" ><div class=\"fusion-builder-row fusion-row fusion-flex-align-items-flex-start fusion-flex-content-wrap\" style=\"max-width:calc( 1170px + 20px );margin-left: calc(-20px \/ 2 );margin-right: calc(-20px \/ 2 );\"><div class=\"fusion-layout-column fusion_builder_column fusion-builder-column-1 fusion_builder_column_1_1 1_1 fusion-flex-column\" style=\"--awb-bg-size:cover;--awb-width-large:100%;--awb-margin-top-large:0px;--awb-spacing-right-large:10px;--awb-margin-bottom-large:0px;--awb-spacing-left-large:10px;--awb-width-medium:100%;--awb-spacing-right-medium:10px;--awb-spacing-left-medium:10px;--awb-width-small:100%;--awb-spacing-right-small:10px;--awb-spacing-left-small:10px;\"><div class=\"fusion-column-wrapper fusion-flex-justify-content-flex-start fusion-content-layout-column\"><div class=\"fusion-text fusion-text-1\"><p>Un cookie est un fichier t\u00e9l\u00e9charg\u00e9 sur votre ordinateur lorsque vous consultez certains sites web. Les cookies permettent notamment \u00e0 un site web de stocker et de r\u00e9cup\u00e9rer des informations concernant un utilisateur, son ordinateur et ses habitudes de navigation. Selon les informations qu&rsquo;ils contiennent et votre utilisation de l&rsquo;ordinateur, ils peuvent \u00e9galement permettre de vous reconna\u00eetre. Votre navigateur stocke les cookies sur votre disque dur uniquement pendant la session en cours, occupant un espace m\u00e9moire minimal et sans danger pour votre ordinateur. Les cookies ne contiennent aucune information personnelle et la plupart sont supprim\u00e9s du disque dur \u00e0 la fin de la session de navigation (cookies de session). La majorit\u00e9 des navigateurs acceptent les cookies par d\u00e9faut et permettent, selon leurs param\u00e8tres de s\u00e9curit\u00e9, d&rsquo;autoriser ou de bloquer les cookies temporaires ou permanents.    <\/p>\n<p>Sans votre consentement explicite \u2013 en activant les cookies dans votre navigateur \u2013 KYMOS SL (KYMOS) et\/ou ses affili\u00e9s ne lieront pas les donn\u00e9es stock\u00e9es dans les cookies \u00e0 vos donn\u00e9es personnelles fournies au moment de l\u2019inscription.<\/p>\n<p>Quels types de cookies ce site web utilise-t-il&nbsp;?<\/p>\n<ul>\n<li>Cookies techniques&nbsp;: ce sont ceux qui permettent \u00e0 l\u2019utilisateur de naviguer sur une page web, une plateforme ou une application et d\u2019utiliser les diff\u00e9rentes options ou services qu\u2019elle peut proposer, comme par exemple contr\u00f4ler le trafic et la communication des donn\u00e9es, identifier la session, acc\u00e9der \u00e0 des parties \u00e0 acc\u00e8s restreint, m\u00e9moriser les \u00e9l\u00e9ments qui composent une commande, effectuer le processus d\u2019achat d\u2019une commande, faire une demande d\u2019inscription ou de participation \u00e0 un \u00e9v\u00e9nement, utiliser des \u00e9l\u00e9ments de s\u00e9curit\u00e9 lors de la navigation, stocker du contenu pour la diffusion vid\u00e9o ou audio, ou partager du contenu via les r\u00e9seaux sociaux.<\/li>\n<li>Cookies de personnalisation&nbsp;: ce sont ceux qui permettent \u00e0 l\u2019utilisateur d\u2019acc\u00e9der au service avec certaines caract\u00e9ristiques g\u00e9n\u00e9rales pr\u00e9d\u00e9finies sur son terminal, comme par exemple la langue, le type de navigateur utilis\u00e9 pour acc\u00e9der au service, la configuration r\u00e9gionale \u00e0 partir de laquelle l\u2019acc\u00e8s au service se fait, etc.<\/li>\n<li>Cookies d&rsquo;analyse&nbsp;: ces cookies, trait\u00e9s par nous ou par des tiers, nous permettent de quantifier le nombre d&rsquo;utilisateurs et ainsi de r\u00e9aliser des mesures et des analyses statistiques de l&rsquo;utilisation du service propos\u00e9. Votre navigation sur notre site web est ainsi analys\u00e9e afin d&rsquo;am\u00e9liorer l&rsquo;offre de produits et de services que nous proposons. <\/li>\n<li>Cookies tiers&nbsp;: Le site web KYMOS peut utiliser des services tiers qui, pour le compte de KYMOS, collectent des informations \u00e0 des fins statistiques, concernant l\u2019utilisation du site par l\u2019utilisateur et pour la fourniture d\u2019autres services li\u00e9s \u00e0 l\u2019activit\u00e9 du site web et \u00e0 d\u2019autres services Internet.<\/li>\n<\/ul>\n<p>Plus pr\u00e9cis\u00e9ment, ce site Web utilise les cookies suivants fournis par Google, Inc., soci\u00e9t\u00e9 bas\u00e9e aux \u00c9tats-Unis et dont le si\u00e8ge social est situ\u00e9 au 1600 Amphitheatre Parkway, Mountain View, Californie 94043&nbsp;:<\/p>\n<p>a) <a href=\"https:\/\/www.google.com\/analytics\/terms\/us.html\" data-wpel-link=\"external\">Google Analytics<\/a>&nbsp;: il s\u2019agit d\u2019un service d\u2019analyse web qui collecte des informations, notamment l\u2019adresse IP de l\u2019utilisateur, lesquelles seront transmises, trait\u00e9es et stock\u00e9es par Google conform\u00e9ment aux conditions d\u00e9finies sur le site web Google.com. Cela inclut la possibilit\u00e9 de transmission de ces informations \u00e0 des tiers pour des raisons l\u00e9gales ou lorsque ces tiers traitent des informations pour le compte de Google. <\/p>\n<p>b) <a href=\"https:\/\/support.google.com\/ds\/answer\/2839090?hl=en\" data-wpel-link=\"external\">DoubleClick<\/a> : utilise des cookies pour am\u00e9liorer la publicit\u00e9, en envoyant un cookie au navigateur apr\u00e8s chaque impression, clic ou autre action entra\u00eenant une requ\u00eate \u00e0 nos serveurs. Si le navigateur accepte le cookie, celui-ci est stock\u00e9 dans le navigateur. <\/p>\n<p>c) <a href=\"https:\/\/support.google.com\/tagmanager\/answer\/6102821?hl=en\" data-wpel-link=\"external\">Google Tag Manager<\/a>&nbsp;: ce syst\u00e8me vous permet de mettre \u00e0 jour rapidement et facilement les balises et les extraits de code de votre site web ou application mobile. Une fois l\u2019extrait de code Tag Manager ajout\u00e9 \u00e0 votre site web ou application mobile, vous pouvez configurer les balises via une interface utilisateur web, sans avoir \u00e0 modifier ni d\u00e9ployer de code suppl\u00e9mentaire. Cela r\u00e9duit les erreurs et vous \u00e9vite de devoir faire appel \u00e0 un d\u00e9veloppeur \u00e0 chaque modification.  <\/p>\n<p>d) <a href=\"https:\/\/support.google.com\/optimize\/answer\/6262388?hl=en\" data-wpel-link=\"external\">Audiences GA<\/a> : Une audience de remarketing est une liste de cookies ou d&rsquo;identifiants de publicit\u00e9 mobile qui repr\u00e9sente un groupe d&rsquo;utilisateurs que vous souhaitez r\u00e9engager en raison de leur probabilit\u00e9 de conversion.<\/p>\n<p>De plus, ce site Web utilise les cookies suivants de Drupal :<\/p>\n<p>a) <a href=\"https:\/\/www.acquia.com\/about-us\/legal\/privacy-policy\" data-wpel-link=\"external\">has_js<\/a> : D\u00e9termine si JavaScript est activ\u00e9 ou non afin que Drupal puisse effectuer plus efficacement des op\u00e9rations pour am\u00e9liorer l&rsquo;exp\u00e9rience utilisateur.<\/p>\n<p>b) <a href=\"https:\/\/www.acquia.com\/about-us\/legal\/privacy-policy\" data-wpel-link=\"external\">Acceptation des cookies<\/a> : indique si la politique relative aux cookies est accept\u00e9e.<\/p>\n<p>En utilisant ce Site, l&rsquo;utilisateur accepte le traitement des informations collect\u00e9es selon les modalit\u00e9s et aux fins mentionn\u00e9es ci-dessus. Il reconna\u00eet \u00e9galement avoir la possibilit\u00e9 de s&rsquo;opposer au traitement de ces donn\u00e9es en d\u00e9sactivant les cookies dans son navigateur. Toutefois, le blocage des cookies peut emp\u00eacher l&rsquo;acc\u00e8s \u00e0 toutes les fonctionnalit\u00e9s du Site.  <\/p>\n<p>Sauf si vous avez modifi\u00e9 les param\u00e8tres de votre navigateur, notre syst\u00e8me cr\u00e9era des cookies d\u00e8s votre visite sur notre site Web. Sachez que tous les navigateurs Internet permettent de modifier cette configuration. Pour plus d&rsquo;informations sur la modification des param\u00e8tres des cookies dans les navigateurs suivants, veuillez consulter le lien correspondant&nbsp;:  <\/p>\n<h4>Internet Explorer<\/h4>\n<p><a href=\"https:\/\/support.microsoft.com\/kb\/196955\" data-wpel-link=\"external\">https:\/\/support.microsoft.com\/kb\/196955<\/a><\/p>\n<p><a href=\"https:\/\/www.allaboutcookies.org\/es\/administrar-las-cookies\/internet-explorer7-plus.html\" data-wpel-link=\"external\">https:\/\/www.allaboutcookies.org\/es\/administrar-las-cookies\/internet-explorer7-plus.html<\/a><\/p>\n<p><a href=\"https:\/\/www.allaboutcookies.org\/es\/administrar-las-cookies\/internet-explorer8-plus.html\" data-wpel-link=\"external\">https:\/\/www.allaboutcookies.org\/es\/administrar-las-cookies\/internet-explorer8-plus.html<\/a><\/p>\n<p><a href=\"https:\/\/www.allaboutcookies.org\/es\/administrar-las-cookies\/internet-explorer9-plus.html\" data-wpel-link=\"external\">https:\/\/www.allaboutcookies.org\/es\/administrar-las-cookies\/internet-explorer9-plus.html<\/a><\/p>\n<p><a href=\"https:\/\/support.microsoft.com\/es-es\/help\/17442\/windows-internet-explorer-delete-manage-cookies\" data-wpel-link=\"external\">https:\/\/support.microsoft.com\/es-es\/help\/17442\/windows-internet-explorer-delete-manage-cookies<\/a><\/p>\n<h4>Firefox<\/h4>\n<p><a href=\"https:\/\/support.mozilla.org\/es\/kb\/habilitar-y-deshabilitar-cookies-sitios-web-rastrear-preferencias%22%20%5Co%20%22Abre%20ventana%20nueva%22%20%5Ct%20%22_blank\" data-wpel-link=\"external\">https:\/\/support.mozilla.org\/es\/kb\/habilitar-y-deshabilitar-cookies-sitios-web-rastrear-preferencias<br \/>\n <\/a><\/p>\n<h4>Chrome<\/h4>\n<p><a href=\"https:\/\/support.google.com\/chrome\/answer\/95647?co=GENIE.Platform=Desktop&amp;hl=es%22%20%5Co%20%22Abre%20ventana%20nueva%22%20%5Ct%20%22_blank\" data-wpel-link=\"external\">https:\/\/support.google.com\/chrome\/answer\/95647?co=GENIE.Platform%3DDesktop&amp;hl=es<\/a><\/p>\n<h4>Safari<\/h4>\n<p><a href=\"https:\/\/support.apple.com\/kb\/ph21411?locale=es_ES\" data-wpel-link=\"external\">https:\/\/support.apple.com\/kb\/ph21411?locale=es_ES<\/a><\/p>\n<p><a href=\"https:\/\/support.apple.com\/es-es\/HT201265%22%20%5Co%20%22Abre%20ventana%20nueva%22%20%5Ct%20%22_blank\" data-wpel-link=\"external\">https:\/\/support.apple.com\/es-es\/HT201265<\/a><\/p>\n<h4>Modifications de la politique relative aux cookies<\/h4>\n<p>Nous pouvons \u00eatre amen\u00e9s \u00e0 modifier la Politique relative aux cookies de notre site web. Nous vous recommandons donc de la consulter \u00e0 chaque visite afin de rester inform\u00e9(e) sur l&rsquo;utilisation des cookies. La derni\u00e8re mise \u00e0 jour de cette politique date du 10 juillet 2018. <\/p>\n<p>Si vous avez des doutes concernant cette politique relative aux cookies, vous pouvez contacter Kymos \u00e0 l&rsquo;adresse suivante<strong><a href=\"mailto:info@kymos.com?subject=Cookies\" data-wpel-link=\"internal\">&nbsp;: info@kymos.com<\/a><\/strong> .<\/p>\n<\/div><\/div><\/div><\/div><\/div><\/p>\n","protected":false},"excerpt":{"rendered":"","protected":false},"author":8,"featured_media":0,"parent":0,"menu_order":0,"comment_status":"closed","ping_status":"closed","template":"100-width.php","meta":{"_acf_changed":false,"footnotes":""},"categories":[],"tags":[],"class_list":["post-26688","page","type-page","status-publish","hentry"],"acf":[],"yoast_head":"<!-- This site is optimized with the Yoast SEO plugin v27.3 - https:\/\/yoast.com\/product\/yoast-seo-wordpress\/ -->\n<title>Politique relative aux cookies | Kymos<\/title>\n<meta name=\"robots\" content=\"noindex, nofollow\" \/>\n<meta property=\"og:locale\" content=\"fr_FR\" \/>\n<meta property=\"og:type\" content=\"article\" \/>\n<meta property=\"og:title\" content=\"Politique relative aux cookies | Kymos\" \/>\n<meta property=\"og:url\" content=\"https:\/\/kymos.com\/fr\/politique-relative-aux-cookies\/\" \/>\n<meta property=\"og:site_name\" content=\"Kymos\" \/>\n<meta property=\"article:modified_time\" content=\"2025-11-20T13:17:13+00:00\" \/>\n<meta property=\"og:image\" content=\"https:\/\/kymos.com\/wp-content\/uploads\/2023\/06\/Foto-Logo-Kymos-Edificio.png\" \/>\n\t<meta property=\"og:image:width\" content=\"1200\" \/>\n\t<meta property=\"og:image:height\" content=\"1200\" \/>\n\t<meta property=\"og:image:type\" content=\"image\/png\" \/>\n<meta name=\"twitter:card\" content=\"summary_large_image\" \/>\n<meta name=\"twitter:site\" content=\"@KymosGroup\" \/>\n<meta name=\"twitter:label1\" content=\"Dur\u00e9e de lecture estim\u00e9e\" \/>\n\t<meta name=\"twitter:data1\" content=\"10 minutes\" \/>\n<script type=\"application\/ld+json\" class=\"yoast-schema-graph\">{\"@context\":\"https:\\\/\\\/schema.org\",\"@graph\":[{\"@type\":\"WebPage\",\"@id\":\"https:\\\/\\\/kymos.com\\\/fr\\\/politique-relative-aux-cookies\\\/\",\"url\":\"https:\\\/\\\/kymos.com\\\/fr\\\/politique-relative-aux-cookies\\\/\",\"name\":\"Politique relative aux cookies | Kymos\",\"isPartOf\":{\"@id\":\"https:\\\/\\\/kymos.com\\\/fr\\\/#website\"},\"datePublished\":\"2021-08-31T15:04:54+00:00\",\"dateModified\":\"2025-11-20T13:17:13+00:00\",\"breadcrumb\":{\"@id\":\"https:\\\/\\\/kymos.com\\\/fr\\\/politique-relative-aux-cookies\\\/#breadcrumb\"},\"inLanguage\":\"fr-FR\",\"potentialAction\":[{\"@type\":\"ReadAction\",\"target\":[\"https:\\\/\\\/kymos.com\\\/fr\\\/politique-relative-aux-cookies\\\/\"]}]},{\"@type\":\"BreadcrumbList\",\"@id\":\"https:\\\/\\\/kymos.com\\\/fr\\\/politique-relative-aux-cookies\\\/#breadcrumb\",\"itemListElement\":[{\"@type\":\"ListItem\",\"position\":1,\"name\":\"Home\",\"item\":\"https:\\\/\\\/kymos.com\\\/fr\\\/\"},{\"@type\":\"ListItem\",\"position\":2,\"name\":\"Politique relative aux cookies\"}]},{\"@type\":\"WebSite\",\"@id\":\"https:\\\/\\\/kymos.com\\\/fr\\\/#website\",\"url\":\"https:\\\/\\\/kymos.com\\\/fr\\\/\",\"name\":\"Kymos Group\",\"description\":\"Kymos Group\",\"potentialAction\":[{\"@type\":\"SearchAction\",\"target\":{\"@type\":\"EntryPoint\",\"urlTemplate\":\"https:\\\/\\\/kymos.com\\\/fr\\\/?s={search_term_string}\"},\"query-input\":{\"@type\":\"PropertyValueSpecification\",\"valueRequired\":true,\"valueName\":\"search_term_string\"}}],\"inLanguage\":\"fr-FR\"}]}<\/script>\n<!-- \/ Yoast SEO plugin. -->","yoast_head_json":{"title":"Politique relative aux cookies | Kymos","robots":{"index":"noindex","follow":"nofollow"},"og_locale":"fr_FR","og_type":"article","og_title":"Politique relative aux cookies | Kymos","og_url":"https:\/\/kymos.com\/fr\/politique-relative-aux-cookies\/","og_site_name":"Kymos","article_modified_time":"2025-11-20T13:17:13+00:00","og_image":[{"width":1200,"height":1200,"url":"https:\/\/kymos.com\/wp-content\/uploads\/2023\/06\/Foto-Logo-Kymos-Edificio.png","type":"image\/png"}],"twitter_card":"summary_large_image","twitter_site":"@KymosGroup","twitter_misc":{"Dur\u00e9e de lecture estim\u00e9e":"10 minutes"},"schema":{"@context":"https:\/\/schema.org","@graph":[{"@type":"WebPage","@id":"https:\/\/kymos.com\/fr\/politique-relative-aux-cookies\/","url":"https:\/\/kymos.com\/fr\/politique-relative-aux-cookies\/","name":"Politique relative aux cookies | Kymos","isPartOf":{"@id":"https:\/\/kymos.com\/fr\/#website"},"datePublished":"2021-08-31T15:04:54+00:00","dateModified":"2025-11-20T13:17:13+00:00","breadcrumb":{"@id":"https:\/\/kymos.com\/fr\/politique-relative-aux-cookies\/#breadcrumb"},"inLanguage":"fr-FR","potentialAction":[{"@type":"ReadAction","target":["https:\/\/kymos.com\/fr\/politique-relative-aux-cookies\/"]}]},{"@type":"BreadcrumbList","@id":"https:\/\/kymos.com\/fr\/politique-relative-aux-cookies\/#breadcrumb","itemListElement":[{"@type":"ListItem","position":1,"name":"Home","item":"https:\/\/kymos.com\/fr\/"},{"@type":"ListItem","position":2,"name":"Politique relative aux cookies"}]},{"@type":"WebSite","@id":"https:\/\/kymos.com\/fr\/#website","url":"https:\/\/kymos.com\/fr\/","name":"Kymos Group","description":"Kymos Group","potentialAction":[{"@type":"SearchAction","target":{"@type":"EntryPoint","urlTemplate":"https:\/\/kymos.com\/fr\/?s={search_term_string}"},"query-input":{"@type":"PropertyValueSpecification","valueRequired":true,"valueName":"search_term_string"}}],"inLanguage":"fr-FR"}]}},"_links":{"self":[{"href":"https:\/\/kymos.com\/fr\/wp-json\/wp\/v2\/pages\/26688","targetHints":{"allow":["GET"]}}],"collection":[{"href":"https:\/\/kymos.com\/fr\/wp-json\/wp\/v2\/pages"}],"about":[{"href":"https:\/\/kymos.com\/fr\/wp-json\/wp\/v2\/types\/page"}],"author":[{"embeddable":true,"href":"https:\/\/kymos.com\/fr\/wp-json\/wp\/v2\/users\/8"}],"replies":[{"embeddable":true,"href":"https:\/\/kymos.com\/fr\/wp-json\/wp\/v2\/comments?post=26688"}],"version-history":[{"count":0,"href":"https:\/\/kymos.com\/fr\/wp-json\/wp\/v2\/pages\/26688\/revisions"}],"wp:attachment":[{"href":"https:\/\/kymos.com\/fr\/wp-json\/wp\/v2\/media?parent=26688"}],"wp:term":[{"taxonomy":"category","embeddable":true,"href":"https:\/\/kymos.com\/fr\/wp-json\/wp\/v2\/categories?post=26688"},{"taxonomy":"post_tag","embeddable":true,"href":"https:\/\/kymos.com\/fr\/wp-json\/wp\/v2\/tags?post=26688"}],"curies":[{"name":"wp","href":"https:\/\/api.w.org\/{rel}","templated":true}]}}