{"id":22928,"date":"2021-08-31T17:04:54","date_gmt":"2021-08-31T15:04:54","guid":{"rendered":"https:\/\/kymos.com\/politica-de-cookies\/"},"modified":"2026-01-22T16:22:04","modified_gmt":"2026-01-22T15:22:04","slug":"politica-de-cookies","status":"publish","type":"page","link":"https:\/\/kymos.com\/es\/politica-de-cookies\/","title":{"rendered":"Pol\u00edtica de cookies"},"content":{"rendered":"<p><div class=\"fusion-fullwidth fullwidth-box fusion-builder-row-1 fusion-flex-container hundred-percent-fullwidth non-hundred-percent-height-scrolling\" style=\"--awb-border-radius-top-left:0px;--awb-border-radius-top-right:0px;--awb-border-radius-bottom-right:0px;--awb-border-radius-bottom-left:0px;--awb-flex-wrap:wrap;\" ><div class=\"fusion-builder-row fusion-row fusion-flex-align-items-flex-start fusion-flex-justify-content-center fusion-flex-content-wrap\" style=\"width:calc( 100% + 20px ) !important;max-width:calc( 100% + 20px ) !important;margin-left: calc(-20px \/ 2 );margin-right: calc(-20px \/ 2 );\"><div class=\"fusion-layout-column fusion_builder_column fusion-builder-column-0 fusion_builder_column_1_1 1_1 fusion-flex-column\" style=\"--awb-bg-size:cover;--awb-width-large:100%;--awb-margin-top-large:0px;--awb-spacing-right-large:10px;--awb-margin-bottom-large:20px;--awb-spacing-left-large:10px;--awb-width-medium:100%;--awb-order-medium:0;--awb-spacing-right-medium:10px;--awb-spacing-left-medium:10px;--awb-width-small:100%;--awb-order-small:0;--awb-spacing-right-small:10px;--awb-spacing-left-small:10px;\"><div class=\"fusion-column-wrapper fusion-column-has-shadow fusion-flex-justify-content-flex-start fusion-content-layout-column\"><div class=\"fusion-title title fusion-title-1 fusion-sep-none fusion-title-center fusion-title-text fusion-title-size-one\"><h1 class=\"fusion-title-heading title-heading-center\" style=\"margin:0;\">Pol\u00edtica de cookies<\/h1><\/div><\/div><\/div><\/div><\/div><div class=\"fusion-fullwidth fullwidth-box fusion-builder-row-2 fusion-flex-container fusion-parallax-none nonhundred-percent-fullwidth non-hundred-percent-height-scrolling lazyload\" style=\"--awb-border-radius-top-left:0px;--awb-border-radius-top-right:0px;--awb-border-radius-bottom-right:0px;--awb-border-radius-bottom-left:0px;--awb-margin-bottom:100px;--awb-min-height:350px;--awb-background-size:cover;--awb-flex-wrap:wrap;\" data-bg=\"https:\/\/kymos.com\/wp-content\/uploads\/2021\/07\/KYMOS-FACILITIES_GMP_GLP-Archive_20210623-BCN-0484-1.jpg\" ><div class=\"fusion-builder-row fusion-row fusion-flex-align-items-flex-start fusion-flex-content-wrap\" style=\"max-width:calc( 1170px + 20px );margin-left: calc(-20px \/ 2 );margin-right: calc(-20px \/ 2 );\"><\/div><\/div><div class=\"fusion-fullwidth fullwidth-box fusion-builder-row-3 fusion-flex-container nonhundred-percent-fullwidth non-hundred-percent-height-scrolling\" style=\"--awb-border-radius-top-left:0px;--awb-border-radius-top-right:0px;--awb-border-radius-bottom-right:0px;--awb-border-radius-bottom-left:0px;--awb-padding-bottom:100px;--awb-margin-bottom:100px;--awb-flex-wrap:wrap;\" ><div class=\"fusion-builder-row fusion-row fusion-flex-align-items-flex-start fusion-flex-content-wrap\" style=\"max-width:calc( 1170px + 20px );margin-left: calc(-20px \/ 2 );margin-right: calc(-20px \/ 2 );\"><div class=\"fusion-layout-column fusion_builder_column fusion-builder-column-1 fusion_builder_column_1_1 1_1 fusion-flex-column\" style=\"--awb-bg-size:cover;--awb-width-large:100%;--awb-margin-top-large:0px;--awb-spacing-right-large:10px;--awb-margin-bottom-large:0px;--awb-spacing-left-large:10px;--awb-width-medium:100%;--awb-spacing-right-medium:10px;--awb-spacing-left-medium:10px;--awb-width-small:100%;--awb-spacing-right-small:10px;--awb-spacing-left-small:10px;\"><div class=\"fusion-column-wrapper fusion-flex-justify-content-flex-start fusion-content-layout-column\"><div class=\"fusion-text fusion-text-1\"><p>Una cookie es un archivo que se descarga en su ordenador al acceder a determinados sitios web. Las cookies permiten a un sitio web, entre otras cosas, almacenar y recuperar informaci\u00f3n sobre el usuario, su ordenador y sus h\u00e1bitos de navegaci\u00f3n y, dependiendo de la informaci\u00f3n que contengan y de la forma en que utilice su ordenador, pueden utilizarse para reconocer al usuario. El navegador del usuario almacena cookies en el disco duro solo durante la sesi\u00f3n actual, ocupando un espacio m\u00ednimo de memoria y sin perjudicar al ordenador. Las cookies no contienen ning\u00fan tipo de informaci\u00f3n personal y la mayor\u00eda se borran del disco duro al finalizar la sesi\u00f3n (las denominadas cookies de sesi\u00f3n). La mayor\u00eda de los navegadores aceptan las cookies como est\u00e1ndar y, con independencia de ellas, permiten o impiden la configuraci\u00f3n de seguridad de las cookies temporales o memorizadas.    <\/p>\n<p>Sin su expreso consentimiento \u2013mediante la activaci\u00f3n de las cookies en su navegador\u2013KYMOS SL (KYMOS) y\/o sus afiliados no enlazar\u00e1n en las cookies los datos memorizados con sus datos personales proporcionados en el momento del registro.<\/p>\n<p>\u00bfQu\u00e9 tipos de cookies utiliza este sitio web?<\/p>\n<ul>\n<li>Cookies t\u00e9cnicas: son aquellas que permiten al usuario la navegaci\u00f3n a trav\u00e9s de una p\u00e1gina web, plataforma o aplicaci\u00f3n y la utilizaci\u00f3n de las diferentes opciones o servicios que en ella existan como, por ejemplo, controlar el tr\u00e1fico y la comunicaci\u00f3n de datos, identificar la sesi\u00f3n, acceder a partes de acceso restringido, recordar los elementos que integran un pedido, realizar el proceso de compra de un pedido, realizar la solicitud de inscripci\u00f3n o participaci\u00f3n en un evento, utilizar elementos de seguridad durante la navegaci\u00f3n, almacenar contenidos para la difusi\u00f3n de videos o sonido o compartir contenidos a trav\u00e9s de redes sociales.<\/li>\n<li>Cookies de personalizaci\u00f3n: son aquellas que permiten al usuario acceder al servicio con algunas caracter\u00edsticas de car\u00e1cter general predefinidas en el terminal del usuario como por ejemplo serian el idioma, el tipo de navegador a trav\u00e9s del cual accede al servicio, la configuraci\u00f3n regional desde donde accede al servicio, etc.<\/li>\n<li>Cookies de an\u00e1lisis: Son aquellas que, tratadas por nosotros o por terceros, nos permiten cuantificar el n\u00famero de usuarios y, por lo tanto, realizar la medici\u00f3n y el an\u00e1lisis estad\u00edstico del uso del servicio ofrecido. De este modo, analizamos su navegaci\u00f3n en nuestro sitio web para mejorar la oferta de productos o servicios que ofrecemos. <\/li>\n<li>Cookies de terceros: El sitio web de KYMOS puede utilizar servicios de terceros que, por cuenta de KYMOS, recopilaran informaci\u00f3n con fines estad\u00edsticos, de uso del Site por parte del usuario y para la prestaci\u00f3n de otros servicios relacionados con la actividad del Website y otros servicios de Internet.<\/li>\n<\/ul>\n<p>En concreto, este sitio web utiliza las siguientes cookies proporcionadas por Google, Inc. con domicilio en Estados Unidos, con sede central en 1600 Amphitheatre Parkway, Mountain View, California 94043:<\/p>\n<p>a) <a href=\"https:\/\/www.google.com\/analytics\/terms\/us.html\" data-wpel-link=\"external\">Google Analytics<\/a> : es un servicio de an\u00e1lisis web que recopila informaci\u00f3n, incluida la direcci\u00f3n IP del usuario, que ser\u00e1 transmitida, tratada y almacenada por Google seg\u00fan los t\u00e9rminos establecidos en el sitio web Google.com. Esto incluye la posible transmisi\u00f3n de dicha informaci\u00f3n a terceros por motivos legales o cuando dichos terceros procesen la informaci\u00f3n en nombre de Google. <\/p>\n<p>b) <a href=\"https:\/\/support.google.com\/ds\/answer\/2839090?hl=en\" data-wpel-link=\"external\">DoubleClick<\/a> : utiliza cookies para mejorar la publicidad, enviando una cookie al navegador tras cualquier impresi\u00f3n, clic u otra actividad que genere una llamada a nuestros servidores. Si el navegador acepta la cookie, esta se almacena en \u00e9l. <\/p>\n<p>c) <a href=\"https:\/\/support.google.com\/tagmanager\/answer\/6102821?hl=en\" data-wpel-link=\"external\">Google Tag Manager<\/a> : es un sistema que permite actualizar etiquetas y fragmentos de c\u00f3digo de forma r\u00e1pida y sencilla en su sitio web o aplicaci\u00f3n m\u00f3vil. Una vez a\u00f1adido el fragmento de Tag Manager a su sitio web o aplicaci\u00f3n m\u00f3vil, puede configurar las etiquetas mediante una interfaz de usuario web sin necesidad de modificar ni implementar c\u00f3digo adicional. Esto reduce los errores y le evita tener que recurrir a un desarrollador cada vez que necesite realizar cambios.  <\/p>\n<p>d) <a href=\"https:\/\/support.google.com\/optimize\/answer\/6262388?hl=en\" data-wpel-link=\"external\">Audiencias de GA<\/a> : una audiencia de remarketing es una lista de cookies o identificadores de publicidad m\u00f3vil que representa un grupo de usuarios con los que desea volver a interactuar debido a su probabilidad de conversi\u00f3n.<\/p>\n<p>Adem\u00e1s, este sitio web utiliza las siguientes cookies de Drupal: `<\/p>\n<p>a) <a href=\"https:\/\/www.acquia.com\/about-us\/legal\/privacy-policy\" data-wpel-link=\"external\">has_js<\/a> : determina si JavaScript est\u00e1 habilitado o no para que Drupal pueda realizar operaciones de manera m\u00e1s eficiente para mejorar la experiencia del usuario.<\/p>\n<p>b) <a href=\"https:\/\/www.acquia.com\/about-us\/legal\/privacy-policy\" data-wpel-link=\"external\">Cookie-agreed<\/a> : indica si se acepta la pol\u00edtica de cookies.<\/p>\n<p>El usuario acepta, al utilizar este Sitio, el tratamiento de la informaci\u00f3n recopilada en la forma y para los fines mencionados anteriormente. Asimismo, reconoce conocer la posibilidad de rechazar el tratamiento de dichos datos o informaci\u00f3n rechazando el uso de cookies mediante la configuraci\u00f3n adecuada de su navegador. Si bien esta opci\u00f3n de bloqueo de cookies en su navegador puede no permitirle el uso completo de todas las funciones del Sitio Web.  <\/p>\n<p>A menos que haya ajustado la configuraci\u00f3n de su navegador, nuestro sistema crear\u00e1 cookies en cuanto visite nuestro sitio web. Tenga en cuenta que todos los navegadores de internet permiten cambiar dicha configuraci\u00f3n. Para obtener m\u00e1s informaci\u00f3n sobre c\u00f3mo ajustar la configuraci\u00f3n de cookies en los siguientes navegadores, le remitimos al enlace correspondiente:  <\/p>\n<h4>Internet Explorer<\/h4>\n<p><a href=\"https:\/\/support.microsoft.com\/kb\/196955\" data-wpel-link=\"external\">https:\/\/support.microsoft.com\/kb\/196955<\/a><\/p>\n<p><a href=\"https:\/\/www.allaboutcookies.org\/es\/administrar-las-cookies\/internet-explorer7-plus.html\" data-wpel-link=\"external\">https:\/\/www.allaboutcookies.org\/es\/administrar-las-cookies\/internet-explorer7-plus.html<\/a><\/p>\n<p><a href=\"https:\/\/www.allaboutcookies.org\/es\/administrar-las-cookies\/internet-explorer8-plus.html\" data-wpel-link=\"external\">https:\/\/www.allaboutcookies.org\/es\/administrar-las-cookies\/internet-explorer8-plus.html<\/a><\/p>\n<p><a href=\"https:\/\/www.allaboutcookies.org\/es\/administrar-las-cookies\/internet-explorer9-plus.html\" data-wpel-link=\"external\">https:\/\/www.allaboutcookies.org\/es\/administrar-las-cookies\/internet-explorer9-plus.html<\/a><\/p>\n<p><a href=\"https:\/\/support.microsoft.com\/es-es\/help\/17442\/windows-internet-explorer-delete-manage-cookies\" data-wpel-link=\"external\">https:\/\/support.microsoft.com\/es-es\/help\/17442\/windows-internet-explorer-delete-manage-cookies<\/a><\/p>\n<h4>Firefox<\/h4>\n<p><a href=\"https:\/\/support.mozilla.org\/es\/kb\/habilitar-y-deshabilitar-cookies-sitios-web-rastrear-preferencias%22%20%5Co%20%22Abre%20ventana%20nueva%22%20%5Ct%20%22_blank\" data-wpel-link=\"external\">https:\/\/support.mozilla.org\/es\/kb\/habilitar-y-deshabilitar-cookies-sitios-web-rastrear-preferencias<br \/>\n <\/a><\/p>\n<h4>Cromo<\/h4>\n<p><a href=\"https:\/\/support.google.com\/chrome\/answer\/95647?co=GENIE.Platform=Desktop&amp;hl=es%22%20%5Co%20%22Abre%20ventana%20nueva%22%20%5Ct%20%22_blank\" data-wpel-link=\"external\">https:\/\/support.google.com\/chrome\/answer\/95647?co=GENIE.Platform%3DDesktop&amp;hl=es<\/a><\/p>\n<h4>Safari<\/h4>\n<p><a href=\"https:\/\/support.apple.com\/kb\/ph21411?locale=es_ES\" data-wpel-link=\"external\">https:\/\/support.apple.com\/kb\/ph21411?locale=es_ES<\/a><\/p>\n<p><a href=\"https:\/\/support.apple.com\/es-es\/HT201265%22%20%5Co%20%22Abre%20ventana%20nueva%22%20%5Ct%20%22_blank\" data-wpel-link=\"external\">https:\/\/support.apple.com\/es-es\/HT201265<\/a><\/p>\n<h4>Cambios en la pol\u00edtica de cookies<\/h4>\n<p>Podemos actualizar la Pol\u00edtica de Cookies de nuestro Sitio Web, por lo que le recomendamos que la revise cada vez que acceda a nuestro Sitio Web para estar adecuadamente informado sobre c\u00f3mo y por qu\u00e9 usamos las cookies. La Pol\u00edtica de Cookies se actualiz\u00f3 por \u00faltima vez el 10 de julio de 2018. <\/p>\n<p>Si tiene alguna duda sobre esta Pol\u00edtica de Cookies, puede ponerse en contacto con Kymos en la siguiente direcci\u00f3n: <strong><a href=\"mailto:info@kymos.com?subject=Cookies\" data-wpel-link=\"internal\">info@kymos.com<\/a><\/strong>.<\/p>\n<\/div><\/div><\/div><\/div><\/div><\/p>\n","protected":false},"excerpt":{"rendered":"","protected":false},"author":8,"featured_media":0,"parent":0,"menu_order":0,"comment_status":"closed","ping_status":"closed","template":"100-width.php","meta":{"_acf_changed":false,"footnotes":""},"categories":[],"tags":[],"class_list":["post-22928","page","type-page","status-publish","hentry"],"acf":[],"yoast_head":"<!-- This site is optimized with the Yoast SEO plugin v27.4 - https:\/\/yoast.com\/product\/yoast-seo-wordpress\/ -->\n<title>Pol\u00edtica de cookies | Kymos<\/title>\n<meta name=\"robots\" content=\"noindex, nofollow\" \/>\n<meta property=\"og:locale\" content=\"es_ES\" \/>\n<meta property=\"og:type\" content=\"article\" \/>\n<meta property=\"og:title\" content=\"Pol\u00edtica de cookies | Kymos\" \/>\n<meta property=\"og:url\" content=\"https:\/\/kymos.com\/es\/politica-de-cookies\/\" \/>\n<meta property=\"og:site_name\" content=\"Kymos\" \/>\n<meta property=\"article:modified_time\" content=\"2026-01-22T15:22:04+00:00\" \/>\n<meta property=\"og:image\" content=\"https:\/\/kymos.com\/wp-content\/uploads\/2023\/06\/Foto-Logo-Kymos-Edificio.png\" \/>\n\t<meta property=\"og:image:width\" content=\"1200\" \/>\n\t<meta property=\"og:image:height\" content=\"1200\" \/>\n\t<meta property=\"og:image:type\" content=\"image\/png\" \/>\n<meta name=\"twitter:card\" content=\"summary_large_image\" \/>\n<meta name=\"twitter:site\" content=\"@KymosGroup\" \/>\n<meta name=\"twitter:label1\" content=\"Tiempo de lectura\" \/>\n\t<meta name=\"twitter:data1\" content=\"10 minutos\" \/>\n<script type=\"application\/ld+json\" class=\"yoast-schema-graph\">{\"@context\":\"https:\\\/\\\/schema.org\",\"@graph\":[{\"@type\":\"WebPage\",\"@id\":\"https:\\\/\\\/kymos.com\\\/es\\\/politica-de-cookies\\\/\",\"url\":\"https:\\\/\\\/kymos.com\\\/es\\\/politica-de-cookies\\\/\",\"name\":\"Pol\u00edtica de cookies | Kymos\",\"isPartOf\":{\"@id\":\"https:\\\/\\\/kymos.com\\\/es\\\/#website\"},\"datePublished\":\"2021-08-31T15:04:54+00:00\",\"dateModified\":\"2026-01-22T15:22:04+00:00\",\"breadcrumb\":{\"@id\":\"https:\\\/\\\/kymos.com\\\/es\\\/politica-de-cookies\\\/#breadcrumb\"},\"inLanguage\":\"es\",\"potentialAction\":[{\"@type\":\"ReadAction\",\"target\":[\"https:\\\/\\\/kymos.com\\\/es\\\/politica-de-cookies\\\/\"]}]},{\"@type\":\"BreadcrumbList\",\"@id\":\"https:\\\/\\\/kymos.com\\\/es\\\/politica-de-cookies\\\/#breadcrumb\",\"itemListElement\":[{\"@type\":\"ListItem\",\"position\":1,\"name\":\"Home\",\"item\":\"https:\\\/\\\/kymos.com\\\/es\\\/\"},{\"@type\":\"ListItem\",\"position\":2,\"name\":\"Pol\u00edtica de cookies\"}]},{\"@type\":\"WebSite\",\"@id\":\"https:\\\/\\\/kymos.com\\\/es\\\/#website\",\"url\":\"https:\\\/\\\/kymos.com\\\/es\\\/\",\"name\":\"Kymos Group\",\"description\":\"Kymos Group\",\"potentialAction\":[{\"@type\":\"SearchAction\",\"target\":{\"@type\":\"EntryPoint\",\"urlTemplate\":\"https:\\\/\\\/kymos.com\\\/es\\\/?s={search_term_string}\"},\"query-input\":{\"@type\":\"PropertyValueSpecification\",\"valueRequired\":true,\"valueName\":\"search_term_string\"}}],\"inLanguage\":\"es\"}]}<\/script>\n<!-- \/ Yoast SEO plugin. -->","yoast_head_json":{"title":"Pol\u00edtica de cookies | Kymos","robots":{"index":"noindex","follow":"nofollow"},"og_locale":"es_ES","og_type":"article","og_title":"Pol\u00edtica de cookies | Kymos","og_url":"https:\/\/kymos.com\/es\/politica-de-cookies\/","og_site_name":"Kymos","article_modified_time":"2026-01-22T15:22:04+00:00","og_image":[{"width":1200,"height":1200,"url":"https:\/\/kymos.com\/wp-content\/uploads\/2023\/06\/Foto-Logo-Kymos-Edificio.png","type":"image\/png"}],"twitter_card":"summary_large_image","twitter_site":"@KymosGroup","twitter_misc":{"Tiempo de lectura":"10 minutos"},"schema":{"@context":"https:\/\/schema.org","@graph":[{"@type":"WebPage","@id":"https:\/\/kymos.com\/es\/politica-de-cookies\/","url":"https:\/\/kymos.com\/es\/politica-de-cookies\/","name":"Pol\u00edtica de cookies | Kymos","isPartOf":{"@id":"https:\/\/kymos.com\/es\/#website"},"datePublished":"2021-08-31T15:04:54+00:00","dateModified":"2026-01-22T15:22:04+00:00","breadcrumb":{"@id":"https:\/\/kymos.com\/es\/politica-de-cookies\/#breadcrumb"},"inLanguage":"es","potentialAction":[{"@type":"ReadAction","target":["https:\/\/kymos.com\/es\/politica-de-cookies\/"]}]},{"@type":"BreadcrumbList","@id":"https:\/\/kymos.com\/es\/politica-de-cookies\/#breadcrumb","itemListElement":[{"@type":"ListItem","position":1,"name":"Home","item":"https:\/\/kymos.com\/es\/"},{"@type":"ListItem","position":2,"name":"Pol\u00edtica de cookies"}]},{"@type":"WebSite","@id":"https:\/\/kymos.com\/es\/#website","url":"https:\/\/kymos.com\/es\/","name":"Kymos Group","description":"Kymos Group","potentialAction":[{"@type":"SearchAction","target":{"@type":"EntryPoint","urlTemplate":"https:\/\/kymos.com\/es\/?s={search_term_string}"},"query-input":{"@type":"PropertyValueSpecification","valueRequired":true,"valueName":"search_term_string"}}],"inLanguage":"es"}]}},"_links":{"self":[{"href":"https:\/\/kymos.com\/es\/wp-json\/wp\/v2\/pages\/22928","targetHints":{"allow":["GET"]}}],"collection":[{"href":"https:\/\/kymos.com\/es\/wp-json\/wp\/v2\/pages"}],"about":[{"href":"https:\/\/kymos.com\/es\/wp-json\/wp\/v2\/types\/page"}],"author":[{"embeddable":true,"href":"https:\/\/kymos.com\/es\/wp-json\/wp\/v2\/users\/8"}],"replies":[{"embeddable":true,"href":"https:\/\/kymos.com\/es\/wp-json\/wp\/v2\/comments?post=22928"}],"version-history":[{"count":0,"href":"https:\/\/kymos.com\/es\/wp-json\/wp\/v2\/pages\/22928\/revisions"}],"wp:attachment":[{"href":"https:\/\/kymos.com\/es\/wp-json\/wp\/v2\/media?parent=22928"}],"wp:term":[{"taxonomy":"category","embeddable":true,"href":"https:\/\/kymos.com\/es\/wp-json\/wp\/v2\/categories?post=22928"},{"taxonomy":"post_tag","embeddable":true,"href":"https:\/\/kymos.com\/es\/wp-json\/wp\/v2\/tags?post=22928"}],"curies":[{"name":"wp","href":"https:\/\/api.w.org\/{rel}","templated":true}]}}