{"id":22927,"date":"2021-08-06T15:00:16","date_gmt":"2021-08-06T13:00:16","guid":{"rendered":"https:\/\/kymos.com\/mapa-del-sitio\/"},"modified":"2026-01-22T16:22:02","modified_gmt":"2026-01-22T15:22:02","slug":"mapa-del-sitio","status":"publish","type":"page","link":"https:\/\/kymos.com\/es\/mapa-del-sitio\/","title":{"rendered":"Mapa del sitio"},"content":{"rendered":"<p><div class=\"fusion-fullwidth fullwidth-box fusion-builder-row-1 fusion-flex-container nonhundred-percent-fullwidth non-hundred-percent-height-scrolling\" style=\"--awb-border-radius-top-left:0px;--awb-border-radius-top-right:0px;--awb-border-radius-bottom-right:0px;--awb-border-radius-bottom-left:0px;--awb-flex-wrap:wrap;\" ><div class=\"fusion-builder-row fusion-row fusion-flex-align-items-flex-start fusion-flex-justify-content-center fusion-flex-content-wrap\" style=\"max-width:calc( 1170px + 20px );margin-left: calc(-20px \/ 2 );margin-right: calc(-20px \/ 2 );\"><div class=\"fusion-layout-column fusion_builder_column fusion-builder-column-0 fusion_builder_column_1_1 1_1 fusion-flex-column\" style=\"--awb-bg-size:cover;--awb-width-large:100%;--awb-margin-top-large:0px;--awb-spacing-right-large:10px;--awb-margin-bottom-large:20px;--awb-spacing-left-large:10px;--awb-width-medium:100%;--awb-order-medium:0;--awb-spacing-right-medium:10px;--awb-spacing-left-medium:10px;--awb-width-small:100%;--awb-order-small:0;--awb-spacing-right-small:10px;--awb-spacing-left-small:10px;\"><div class=\"fusion-column-wrapper fusion-column-has-shadow fusion-flex-justify-content-flex-start fusion-content-layout-column\"><div class=\"fusion-title title fusion-title-1 fusion-sep-none fusion-title-center fusion-title-text fusion-title-size-one\"><h1 class=\"fusion-title-heading title-heading-center\" style=\"margin:0;\">Mapa del sitio<\/h1><\/div><\/div><\/div><\/div><\/div><div class=\"fusion-fullwidth fullwidth-box fusion-builder-row-2 fusion-flex-container nonhundred-percent-fullwidth non-hundred-percent-height-scrolling\" style=\"--awb-border-radius-top-left:0px;--awb-border-radius-top-right:0px;--awb-border-radius-bottom-right:0px;--awb-border-radius-bottom-left:0px;--awb-flex-wrap:wrap;\" ><div class=\"fusion-builder-row fusion-row fusion-flex-align-items-flex-start fusion-flex-content-wrap\" style=\"max-width:calc( 1170px + 20px );margin-left: calc(-20px \/ 2 );margin-right: calc(-20px \/ 2 );\"><div class=\"fusion-layout-column fusion_builder_column fusion-builder-column-1 fusion_builder_column_1_2 1_2 fusion-flex-column\" style=\"--awb-bg-size:cover;--awb-width-large:50%;--awb-margin-top-large:0px;--awb-spacing-right-large:10px;--awb-margin-bottom-large:20px;--awb-spacing-left-large:10px;--awb-width-medium:50%;--awb-order-medium:0;--awb-spacing-right-medium:10px;--awb-spacing-left-medium:10px;--awb-width-small:100%;--awb-order-small:0;--awb-spacing-right-small:10px;--awb-spacing-left-small:10px;\"><div class=\"fusion-column-wrapper fusion-column-has-shadow fusion-flex-justify-content-flex-start fusion-content-layout-column\"><div class=\"wshs-post-simple-list full-layout \"><ul><li><a href=\"https:\/\/kymos.com\/es\/\" title=\"Inicio\" data-wpel-link=\"internal\">Inicio<\/a><\/li><li><a href=\"https:\/\/kymos.com\/es\/politica-de-privacidad\/\" title=\"Pol\u00edtica de privacidad\" data-wpel-link=\"internal\">Pol\u00edtica de privacidad<\/a><\/li><li><a href=\"https:\/\/kymos.com\/es\/sobre-nosotros\/\" title=\"Sobre nosotros\" data-wpel-link=\"internal\">Sobre nosotros<\/a><ul class=\"children\"><li><a href=\"https:\/\/kymos.com\/es\/sobre-nosotros\/calidad-y-certificaciones\/\" title=\"Calidad y certificaciones\" data-wpel-link=\"internal\">Calidad y certificaciones<\/a><\/li><li><a href=\"https:\/\/kymos.com\/es\/sobre-nosotros\/partners\/\" title=\"Socios\" data-wpel-link=\"internal\">Socios<\/a><\/li><li><a href=\"https:\/\/kymos.com\/es\/sobre-nosotros\/equipo\/\" title=\"Equipo\" data-wpel-link=\"internal\">Equipo<\/a><\/li><li><a href=\"https:\/\/kymos.com\/es\/sobre-nosotros\/responsabilidad-social\/\" title=\"Responsabilidad social\" data-wpel-link=\"internal\">Responsabilidad social<\/a><\/li><\/ul><\/li><li><a href=\"https:\/\/kymos.com\/es\/innovacion\/\" title=\"Innovaci\u00f3n\" data-wpel-link=\"internal\">Innovaci\u00f3n<\/a><\/li><li><a href=\"https:\/\/kymos.com\/es\/contacto\/\" title=\"Contacto\" data-wpel-link=\"internal\">Contacto<\/a><\/li><li><a href=\"https:\/\/kymos.com\/es\/prolytic\/\" title=\"Prolytic\" data-wpel-link=\"internal\">Prolytic<\/a><\/li><li><a href=\"https:\/\/kymos.com\/es\/pharmaprogress\/\" title=\"Pharmaprogress\" data-wpel-link=\"internal\">Pharmaprogress<\/a><\/li><li><a href=\"https:\/\/kymos.com\/es\/kymos\/\" title=\"Kymos\" data-wpel-link=\"internal\">Kymos<\/a><\/li><li><a href=\"https:\/\/kymos.com\/es\/carreras\/\" title=\"Carreras\" data-wpel-link=\"internal\">Carreras<\/a><\/li><li><a href=\"https:\/\/kymos.com\/es\/instalaciones\/\" title=\"Instalaciones\" data-wpel-link=\"internal\">Instalaciones<\/a><ul class=\"children\"><li><a href=\"https:\/\/kymos.com\/es\/instalaciones\/documentos\/\" title=\"Documentos\" data-wpel-link=\"internal\">Documentos<\/a><\/li><\/ul><\/li><li><a href=\"https:\/\/kymos.com\/es\/mapa-del-sitio\/\" title=\"Mapa del sitio\" data-wpel-link=\"internal\">Mapa del sitio<\/a><\/li><li><a href=\"https:\/\/kymos.com\/es\/legal\/\" title=\"Legal\" data-wpel-link=\"internal\">Legal<\/a><\/li><li><a href=\"https:\/\/kymos.com\/es\/news\/\" title=\"Blog\" data-wpel-link=\"internal\">Blog<\/a><\/li><li><a href=\"https:\/\/kymos.com\/es\/particula\/\" title=\"Kymos Dinamarca: CRO anal\u00edtica en Copenhague\" data-wpel-link=\"internal\">Kymos Dinamarca: CRO anal\u00edtica en Copenhague<\/a><\/li><\/ul><\/div><\/div><\/div><div class=\"fusion-layout-column fusion_builder_column fusion-builder-column-2 fusion_builder_column_1_2 1_2 fusion-flex-column\" style=\"--awb-bg-size:cover;--awb-width-large:50%;--awb-margin-top-large:0px;--awb-spacing-right-large:10px;--awb-margin-bottom-large:20px;--awb-spacing-left-large:10px;--awb-width-medium:50%;--awb-order-medium:0;--awb-spacing-right-medium:10px;--awb-spacing-left-medium:10px;--awb-width-small:100%;--awb-order-small:0;--awb-spacing-right-small:10px;--awb-spacing-left-small:10px;\"><div class=\"fusion-column-wrapper fusion-column-has-shadow fusion-flex-justify-content-flex-start fusion-content-layout-column\"><div class=\"wshs-post-simple-list full-layout \"><ul><li><a href=\"https:\/\/kymos.com\/es\/servicios\/\" title=\"Servicios\" data-wpel-link=\"internal\">Servicios<\/a><ul class=\"children\"><li><a href=\"https:\/\/kymos.com\/es\/servicios\/servicios-preclinicos-y-clinicos\/\" title=\"Servicios precl\u00ednicos y cl\u00ednicos\" data-wpel-link=\"internal\">Servicios precl\u00ednicos y cl\u00ednicos<\/a><ul class=\"children\"><li><a href=\"https:\/\/kymos.com\/es\/servicios\/servicios-preclinicos-y-clinicos\/bioanalisis-e-inmunogenicidad-de-productos-biologicos-y-biosimilares\/\" title=\"Bioan\u00e1lisis e inmunogenicidad de productos biol\u00f3gicos y biosimilares\" data-wpel-link=\"internal\">Bioan\u00e1lisis e inmunogenicidad de productos biol\u00f3gicos y biosimilares<\/a><\/li><li><a href=\"https:\/\/kymos.com\/es\/servicios\/servicios-preclinicos-y-clinicos\/estudios-de-bioequivalencia\/\" title=\"Estudios de bioequivalencia\" data-wpel-link=\"internal\">Estudios de bioequivalencia<\/a><\/li><li><a href=\"https:\/\/kymos.com\/es\/servicios\/servicios-preclinicos-y-clinicos\/evaluacion-farmacocinetica-y-estadisticas\/\" title=\"Evaluaci\u00f3n farmacocin\u00e9tica y estad\u00edsticas\" data-wpel-link=\"internal\">Evaluaci\u00f3n farmacocin\u00e9tica y estad\u00edsticas<\/a><\/li><li><a href=\"https:\/\/kymos.com\/es\/servicios\/servicios-preclinicos-y-clinicos\/absorcion-percutanea\/\" title=\"Absorci\u00f3n percut\u00e1nea\" data-wpel-link=\"internal\">Absorci\u00f3n percut\u00e1nea<\/a><\/li><li><a href=\"https:\/\/kymos.com\/es\/servicios\/servicios-preclinicos-y-clinicos\/actividad-enzimatica\/\" title=\"Actividad enzim\u00e1tica\" data-wpel-link=\"internal\">Actividad enzim\u00e1tica<\/a><\/li><li><a href=\"https:\/\/kymos.com\/es\/servicios\/servicios-preclinicos-y-clinicos\/bioanalisis-de-acidos-nucleicos\/\" title=\"Bioan\u00e1lisis de \u00e1cidos nucleicos\" data-wpel-link=\"internal\">Bioan\u00e1lisis de \u00e1cidos nucleicos<\/a><\/li><li><a href=\"https:\/\/kymos.com\/es\/servicios\/servicios-preclinicos-y-clinicos\/bioanalisis-de-moleculas-pequenas-y-genericos\/\" title=\"Bioan\u00e1lisis de Mol\u00e9culas Peque\u00f1as y Gen\u00e9ricos\" data-wpel-link=\"internal\">Bioan\u00e1lisis de Mol\u00e9culas Peque\u00f1as y Gen\u00e9ricos<\/a><\/li><li><a href=\"https:\/\/kymos.com\/es\/servicios\/servicios-preclinicos-y-clinicos\/analisis-de-biomarcadores\/\" title=\"An\u00e1lisis de biomarcadores\" data-wpel-link=\"internal\">An\u00e1lisis de biomarcadores<\/a><\/li><li><a href=\"https:\/\/kymos.com\/es\/servicios\/servicios-preclinicos-y-clinicos\/estudios-veterinarios\/\" title=\"Estudios Veterinarios\" data-wpel-link=\"internal\">Estudios Veterinarios<\/a><\/li><\/ul><\/li><li><a href=\"https:\/\/kymos.com\/es\/servicios\/analisis-y-control-de-calidad-de-cmc\/\" title=\"An\u00e1lisis CMC y Control de Calidad\" data-wpel-link=\"internal\">An\u00e1lisis CMC y Control de Calidad<\/a><ul class=\"children\"><li><a href=\"https:\/\/kymos.com\/es\/servicios\/analisis-y-control-de-calidad-de-cmc\/microbiologia\/\" title=\"Microbiolog\u00eda\" data-wpel-link=\"internal\">Microbiolog\u00eda<\/a><\/li><li><a href=\"https:\/\/kymos.com\/es\/servicios\/analisis-y-control-de-calidad-de-cmc\/elementales-nitrosaminas-y-otras-impurezas\/\" title=\"Elementales, nitrosaminas y otras impurezas\" data-wpel-link=\"internal\">Elementales, nitrosaminas y otras impurezas<\/a><ul class=\"children\"><li><a href=\"https:\/\/kymos.com\/es\/servicios\/analisis-y-control-de-calidad-de-cmc\/elementales-nitrosaminas-y-otras-impurezas\/nitrosaminas\/\" title=\"Nitrosaminas\" data-wpel-link=\"internal\">Nitrosaminas<\/a><\/li><li><a href=\"https:\/\/kymos.com\/es\/servicios\/analisis-y-control-de-calidad-de-cmc\/elementales-nitrosaminas-y-otras-impurezas\/impurezas-elementales\/\" title=\"Impurezas elementales\" data-wpel-link=\"internal\">Impurezas elementales<\/a><\/li><\/ul><\/li><li><a href=\"https:\/\/kymos.com\/es\/servicios\/analisis-y-control-de-calidad-de-cmc\/control-de-calidad-de-productos-biologicos-y-biosimilares\/\" title=\"Control de Calidad de Productos Biol\u00f3gicos y Biosimilares\" data-wpel-link=\"internal\">Control de Calidad de Productos Biol\u00f3gicos y Biosimilares<\/a><\/li><li><a href=\"https:\/\/kymos.com\/es\/servicios\/analisis-y-control-de-calidad-de-cmc\/desarrollo-y-validacion-de-metodos\/\" title=\"Desarrollo y validaci\u00f3n de m\u00e9todos\" data-wpel-link=\"internal\">Desarrollo y validaci\u00f3n de m\u00e9todos<\/a><\/li><li><a href=\"https:\/\/kymos.com\/es\/servicios\/analisis-y-control-de-calidad-de-cmc\/estudios-de-estabilidad\/\" title=\"Estudios de Estabilidad\" data-wpel-link=\"internal\">Estudios de Estabilidad<\/a><\/li><li><a href=\"https:\/\/kymos.com\/es\/servicios\/analisis-y-control-de-calidad-de-cmc\/pruebas-y-liberacion-de-lotes\/\" title=\"Pruebas y liberaci\u00f3n de lotes\" data-wpel-link=\"internal\">Pruebas y liberaci\u00f3n de lotes<\/a><\/li><li><a href=\"https:\/\/kymos.com\/es\/servicios\/analisis-y-control-de-calidad-de-cmc\/control-de-calidad-de-moleculas-pequenas\/\" title=\"Control de calidad de mol\u00e9culas peque\u00f1as\" data-wpel-link=\"internal\">Control de calidad de mol\u00e9culas peque\u00f1as<\/a><\/li><li><a href=\"https:\/\/kymos.com\/es\/servicios\/analisis-y-control-de-calidad-de-cmc\/pruebas-de-medicamentos-inhalados-por-via-oral-y-nasal\/\" title=\"Pruebas de medicamentos inhalados por v\u00eda oral y nasal\" data-wpel-link=\"internal\">Pruebas de medicamentos inhalados por v\u00eda oral y nasal<\/a><\/li><li><a href=\"https:\/\/kymos.com\/es\/servicios\/analisis-y-control-de-calidad-de-cmc\/estudios-de-comparabilidad-de-biosimilares\/\" title=\"Estudios de Comparabilidad de Biosimilares\" data-wpel-link=\"internal\">Estudios de Comparabilidad de Biosimilares<\/a><\/li><li><a href=\"https:\/\/kymos.com\/es\/servicios\/analisis-y-control-de-calidad-de-cmc\/extraibles-y-lixiviables\/\" title=\"Extractables y Lixiviables\" data-wpel-link=\"internal\">Extractables y Lixiviables<\/a><\/li><li><a href=\"https:\/\/kymos.com\/es\/servicios\/analisis-y-control-de-calidad-de-cmc\/ensayo-de-potencia-y-basado-en-celulas\/\" title=\"Ensayo de potencia y basado en c\u00e9lulas\" data-wpel-link=\"internal\">Ensayo de potencia y basado en c\u00e9lulas<\/a><\/li><li><a href=\"https:\/\/kymos.com\/es\/servicios\/analisis-y-control-de-calidad-de-cmc\/pruebas-transdermicas\/\" title=\"Pruebas transd\u00e9rmicas\" data-wpel-link=\"internal\">Pruebas transd\u00e9rmicas<\/a><\/li><li><a href=\"https:\/\/kymos.com\/es\/servicios\/analisis-y-control-de-calidad-de-cmc\/caracterizacion-de-vectores-virales\/\" title=\"Caracterizaci\u00f3n de vectores virales\" data-wpel-link=\"internal\">Caracterizaci\u00f3n de vectores virales<\/a><\/li><li><a href=\"https:\/\/kymos.com\/es\/servicios\/analisis-y-control-de-calidad-de-cmc\/prueba-de-materia-prima\/\" title=\"An\u00e1lisis de materias primas\" data-wpel-link=\"internal\">An\u00e1lisis de materias primas<\/a><\/li><li><a href=\"https:\/\/kymos.com\/es\/servicios\/analisis-y-control-de-calidad-de-cmc\/control-calidad-oligos\/\" title=\"Control de calidad de oligonucle\u00f3tidos\" data-wpel-link=\"internal\">Control de calidad de oligonucle\u00f3tidos<\/a><\/li><\/ul><\/li><li><a href=\"https:\/\/kymos.com\/es\/servicios\/moleculas-pequenas\/\" title=\"Peque\u00f1a Mol\u00e9cula\" data-wpel-link=\"internal\">Peque\u00f1a Mol\u00e9cula<\/a><\/li><li><a href=\"https:\/\/kymos.com\/es\/servicios\/productos-biologicos-y-biosimilares\/\" title=\"Productos biol\u00f3gicos y biosimilares\" data-wpel-link=\"internal\">Productos biol\u00f3gicos y biosimilares<\/a><\/li><li><a href=\"https:\/\/kymos.com\/es\/servicios\/terapias-avanzadas\/\" title=\"Terapias avanzadas\" data-wpel-link=\"internal\">Terapias avanzadas<\/a><\/li><li><a href=\"https:\/\/kymos.com\/es\/servicios\/mareas-oligo-y-peptidos\/\" title=\"TIDES (Oligo y P\u00e9ptidos)\" data-wpel-link=\"internal\">TIDES (Oligo y P\u00e9ptidos)<\/a><\/li><\/ul><\/li><li><a href=\"https:\/\/kymos.com\/es\/news\/\" title=\"Blog\" data-wpel-link=\"internal\">Blog<\/a><\/li><li><a href=\"https:\/\/kymos.com\/es\/particula\/\" title=\"Kymos Dinamarca: CRO anal\u00edtica en Copenhague\" data-wpel-link=\"internal\">Kymos Dinamarca: CRO anal\u00edtica en Copenhague<\/a><\/li><\/ul><\/div><\/div><\/div><\/div><\/div><\/p>\n","protected":false},"excerpt":{"rendered":"","protected":false},"author":8,"featured_media":0,"parent":0,"menu_order":0,"comment_status":"closed","ping_status":"closed","template":"","meta":{"_acf_changed":false,"footnotes":""},"categories":[],"tags":[],"class_list":["post-22927","page","type-page","status-publish","hentry"],"acf":[],"yoast_head":"<!-- This site is optimized with the Yoast SEO plugin v27.4 - https:\/\/yoast.com\/product\/yoast-seo-wordpress\/ -->\n<title>Conozca el mapa del sitio de Kymos Group<\/title>\n<meta name=\"description\" content=\"Consulte el mapa del sitio web de Kymos Group y la organizaci\u00f3n y estructura dada a nuestra p\u00e1gina digital.\" \/>\n<meta name=\"robots\" content=\"noindex, follow\" \/>\n<meta property=\"og:locale\" content=\"es_ES\" \/>\n<meta property=\"og:type\" content=\"article\" \/>\n<meta property=\"og:title\" content=\"Conozca el mapa del sitio de Kymos Group\" \/>\n<meta property=\"og:description\" content=\"Consulte el mapa del sitio web de Kymos Group y la organizaci\u00f3n y estructura dada a nuestra p\u00e1gina digital.\" \/>\n<meta property=\"og:url\" content=\"https:\/\/kymos.com\/es\/mapa-del-sitio\/\" \/>\n<meta property=\"og:site_name\" content=\"Kymos\" \/>\n<meta property=\"article:modified_time\" content=\"2026-01-22T15:22:02+00:00\" \/>\n<meta property=\"og:image\" content=\"https:\/\/kymos.com\/wp-content\/uploads\/2023\/06\/Foto-Logo-Kymos-Edificio.png\" \/>\n\t<meta property=\"og:image:width\" content=\"1200\" \/>\n\t<meta property=\"og:image:height\" content=\"1200\" \/>\n\t<meta property=\"og:image:type\" content=\"image\/png\" \/>\n<meta name=\"twitter:card\" content=\"summary_large_image\" \/>\n<meta name=\"twitter:site\" content=\"@KymosGroup\" \/>\n<meta name=\"twitter:label1\" content=\"Tiempo de lectura\" \/>\n\t<meta name=\"twitter:data1\" content=\"5 minutos\" \/>\n<script type=\"application\/ld+json\" class=\"yoast-schema-graph\">{\"@context\":\"https:\\\/\\\/schema.org\",\"@graph\":[{\"@type\":\"WebPage\",\"@id\":\"https:\\\/\\\/kymos.com\\\/es\\\/mapa-del-sitio\\\/\",\"url\":\"https:\\\/\\\/kymos.com\\\/es\\\/mapa-del-sitio\\\/\",\"name\":\"Conozca el mapa del sitio de Kymos Group\",\"isPartOf\":{\"@id\":\"https:\\\/\\\/kymos.com\\\/es\\\/#website\"},\"datePublished\":\"2021-08-06T13:00:16+00:00\",\"dateModified\":\"2026-01-22T15:22:02+00:00\",\"description\":\"Consulte el mapa del sitio web de Kymos Group y la organizaci\u00f3n y estructura dada a nuestra p\u00e1gina digital.\",\"breadcrumb\":{\"@id\":\"https:\\\/\\\/kymos.com\\\/es\\\/mapa-del-sitio\\\/#breadcrumb\"},\"inLanguage\":\"es\",\"potentialAction\":[{\"@type\":\"ReadAction\",\"target\":[\"https:\\\/\\\/kymos.com\\\/es\\\/mapa-del-sitio\\\/\"]}]},{\"@type\":\"BreadcrumbList\",\"@id\":\"https:\\\/\\\/kymos.com\\\/es\\\/mapa-del-sitio\\\/#breadcrumb\",\"itemListElement\":[{\"@type\":\"ListItem\",\"position\":1,\"name\":\"Home\",\"item\":\"https:\\\/\\\/kymos.com\\\/es\\\/\"},{\"@type\":\"ListItem\",\"position\":2,\"name\":\"Mapa del sitio\"}]},{\"@type\":\"WebSite\",\"@id\":\"https:\\\/\\\/kymos.com\\\/es\\\/#website\",\"url\":\"https:\\\/\\\/kymos.com\\\/es\\\/\",\"name\":\"Kymos Group\",\"description\":\"Kymos Group\",\"potentialAction\":[{\"@type\":\"SearchAction\",\"target\":{\"@type\":\"EntryPoint\",\"urlTemplate\":\"https:\\\/\\\/kymos.com\\\/es\\\/?s={search_term_string}\"},\"query-input\":{\"@type\":\"PropertyValueSpecification\",\"valueRequired\":true,\"valueName\":\"search_term_string\"}}],\"inLanguage\":\"es\"}]}<\/script>\n<!-- \/ Yoast SEO plugin. -->","yoast_head_json":{"title":"Conozca el mapa del sitio de Kymos Group","description":"Consulte el mapa del sitio web de Kymos Group y la organizaci\u00f3n y estructura dada a nuestra p\u00e1gina digital.","robots":{"index":"noindex","follow":"follow"},"og_locale":"es_ES","og_type":"article","og_title":"Conozca el mapa del sitio de Kymos Group","og_description":"Consulte el mapa del sitio web de Kymos Group y la organizaci\u00f3n y estructura dada a nuestra p\u00e1gina digital.","og_url":"https:\/\/kymos.com\/es\/mapa-del-sitio\/","og_site_name":"Kymos","article_modified_time":"2026-01-22T15:22:02+00:00","og_image":[{"width":1200,"height":1200,"url":"https:\/\/kymos.com\/wp-content\/uploads\/2023\/06\/Foto-Logo-Kymos-Edificio.png","type":"image\/png"}],"twitter_card":"summary_large_image","twitter_site":"@KymosGroup","twitter_misc":{"Tiempo de lectura":"5 minutos"},"schema":{"@context":"https:\/\/schema.org","@graph":[{"@type":"WebPage","@id":"https:\/\/kymos.com\/es\/mapa-del-sitio\/","url":"https:\/\/kymos.com\/es\/mapa-del-sitio\/","name":"Conozca el mapa del sitio de Kymos Group","isPartOf":{"@id":"https:\/\/kymos.com\/es\/#website"},"datePublished":"2021-08-06T13:00:16+00:00","dateModified":"2026-01-22T15:22:02+00:00","description":"Consulte el mapa del sitio web de Kymos Group y la organizaci\u00f3n y estructura dada a nuestra p\u00e1gina digital.","breadcrumb":{"@id":"https:\/\/kymos.com\/es\/mapa-del-sitio\/#breadcrumb"},"inLanguage":"es","potentialAction":[{"@type":"ReadAction","target":["https:\/\/kymos.com\/es\/mapa-del-sitio\/"]}]},{"@type":"BreadcrumbList","@id":"https:\/\/kymos.com\/es\/mapa-del-sitio\/#breadcrumb","itemListElement":[{"@type":"ListItem","position":1,"name":"Home","item":"https:\/\/kymos.com\/es\/"},{"@type":"ListItem","position":2,"name":"Mapa del sitio"}]},{"@type":"WebSite","@id":"https:\/\/kymos.com\/es\/#website","url":"https:\/\/kymos.com\/es\/","name":"Kymos Group","description":"Kymos Group","potentialAction":[{"@type":"SearchAction","target":{"@type":"EntryPoint","urlTemplate":"https:\/\/kymos.com\/es\/?s={search_term_string}"},"query-input":{"@type":"PropertyValueSpecification","valueRequired":true,"valueName":"search_term_string"}}],"inLanguage":"es"}]}},"_links":{"self":[{"href":"https:\/\/kymos.com\/es\/wp-json\/wp\/v2\/pages\/22927","targetHints":{"allow":["GET"]}}],"collection":[{"href":"https:\/\/kymos.com\/es\/wp-json\/wp\/v2\/pages"}],"about":[{"href":"https:\/\/kymos.com\/es\/wp-json\/wp\/v2\/types\/page"}],"author":[{"embeddable":true,"href":"https:\/\/kymos.com\/es\/wp-json\/wp\/v2\/users\/8"}],"replies":[{"embeddable":true,"href":"https:\/\/kymos.com\/es\/wp-json\/wp\/v2\/comments?post=22927"}],"version-history":[{"count":0,"href":"https:\/\/kymos.com\/es\/wp-json\/wp\/v2\/pages\/22927\/revisions"}],"wp:attachment":[{"href":"https:\/\/kymos.com\/es\/wp-json\/wp\/v2\/media?parent=22927"}],"wp:term":[{"taxonomy":"category","embeddable":true,"href":"https:\/\/kymos.com\/es\/wp-json\/wp\/v2\/categories?post=22927"},{"taxonomy":"post_tag","embeddable":true,"href":"https:\/\/kymos.com\/es\/wp-json\/wp\/v2\/tags?post=22927"}],"curies":[{"name":"wp","href":"https:\/\/api.w.org\/{rel}","templated":true}]}}