{"id":26682,"date":"2021-08-31T17:04:54","date_gmt":"2021-08-31T15:04:54","guid":{"rendered":"https:\/\/kymos.com\/cookie-richtlinie\/"},"modified":"2025-11-20T14:17:12","modified_gmt":"2025-11-20T13:17:12","slug":"cookie-richtlinie","status":"publish","type":"page","link":"https:\/\/kymos.com\/de\/cookie-richtlinie\/","title":{"rendered":"Cookie-Richtlinie"},"content":{"rendered":"<p><div class=\"fusion-fullwidth fullwidth-box fusion-builder-row-1 fusion-flex-container hundred-percent-fullwidth non-hundred-percent-height-scrolling\" style=\"--awb-border-radius-top-left:0px;--awb-border-radius-top-right:0px;--awb-border-radius-bottom-right:0px;--awb-border-radius-bottom-left:0px;--awb-flex-wrap:wrap;\" ><div class=\"fusion-builder-row fusion-row fusion-flex-align-items-flex-start fusion-flex-justify-content-center fusion-flex-content-wrap\" style=\"width:calc( 100% + 20px ) !important;max-width:calc( 100% + 20px ) !important;margin-left: calc(-20px \/ 2 );margin-right: calc(-20px \/ 2 );\"><div class=\"fusion-layout-column fusion_builder_column fusion-builder-column-0 fusion_builder_column_1_1 1_1 fusion-flex-column\" style=\"--awb-bg-size:cover;--awb-width-large:100%;--awb-margin-top-large:0px;--awb-spacing-right-large:10px;--awb-margin-bottom-large:20px;--awb-spacing-left-large:10px;--awb-width-medium:100%;--awb-order-medium:0;--awb-spacing-right-medium:10px;--awb-spacing-left-medium:10px;--awb-width-small:100%;--awb-order-small:0;--awb-spacing-right-small:10px;--awb-spacing-left-small:10px;\"><div class=\"fusion-column-wrapper fusion-column-has-shadow fusion-flex-justify-content-flex-start fusion-content-layout-column\"><div class=\"fusion-title title fusion-title-1 fusion-sep-none fusion-title-center fusion-title-text fusion-title-size-one\"><h1 class=\"fusion-title-heading title-heading-center\" style=\"margin:0;\">Cookie-Richtlinie<\/h1><\/div><\/div><\/div><\/div><\/div><div class=\"fusion-fullwidth fullwidth-box fusion-builder-row-2 fusion-flex-container fusion-parallax-none nonhundred-percent-fullwidth non-hundred-percent-height-scrolling lazyload\" style=\"--awb-border-radius-top-left:0px;--awb-border-radius-top-right:0px;--awb-border-radius-bottom-right:0px;--awb-border-radius-bottom-left:0px;--awb-margin-bottom:100px;--awb-min-height:350px;--awb-background-size:cover;--awb-flex-wrap:wrap;\" data-bg=\"https:\/\/kymos.com\/wp-content\/uploads\/2021\/07\/KYMOS-FACILITIES_GMP_GLP-Archive_20210623-BCN-0484-1.jpg\" ><div class=\"fusion-builder-row fusion-row fusion-flex-align-items-flex-start fusion-flex-content-wrap\" style=\"max-width:calc( 1170px + 20px );margin-left: calc(-20px \/ 2 );margin-right: calc(-20px \/ 2 );\"><\/div><\/div><div class=\"fusion-fullwidth fullwidth-box fusion-builder-row-3 fusion-flex-container nonhundred-percent-fullwidth non-hundred-percent-height-scrolling\" style=\"--awb-border-radius-top-left:0px;--awb-border-radius-top-right:0px;--awb-border-radius-bottom-right:0px;--awb-border-radius-bottom-left:0px;--awb-padding-bottom:100px;--awb-margin-bottom:100px;--awb-flex-wrap:wrap;\" ><div class=\"fusion-builder-row fusion-row fusion-flex-align-items-flex-start fusion-flex-content-wrap\" style=\"max-width:calc( 1170px + 20px );margin-left: calc(-20px \/ 2 );margin-right: calc(-20px \/ 2 );\"><div class=\"fusion-layout-column fusion_builder_column fusion-builder-column-1 fusion_builder_column_1_1 1_1 fusion-flex-column\" style=\"--awb-bg-size:cover;--awb-width-large:100%;--awb-margin-top-large:0px;--awb-spacing-right-large:10px;--awb-margin-bottom-large:0px;--awb-spacing-left-large:10px;--awb-width-medium:100%;--awb-spacing-right-medium:10px;--awb-spacing-left-medium:10px;--awb-width-small:100%;--awb-spacing-right-small:10px;--awb-spacing-left-small:10px;\"><div class=\"fusion-column-wrapper fusion-flex-justify-content-flex-start fusion-content-layout-column\"><div class=\"fusion-text fusion-text-1\"><p>Ein Cookie ist eine Datei, die beim Besuch bestimmter Websites auf Ihren Computer heruntergeladen wird. Cookies erm\u00f6glichen es einer Website unter anderem, Informationen \u00fcber einen Nutzer, seinen Computer und sein Surfverhalten zu speichern und abzurufen. Je nach den enthaltenen Informationen und Ihrer Computernutzung k\u00f6nnen Cookies dazu verwendet werden, den Nutzer wiederzuerkennen. Der Browser des Nutzers speichert Cookies nur w\u00e4hrend der aktuellen Sitzung auf der Festplatte. Sie belegen minimalen Speicherplatz und schaden Ihrem Computer nicht. Cookies enthalten keinerlei personenbezogene Daten, und die meisten werden nach Beendigung der Browsersitzung von der Festplatte gel\u00f6scht (sogenannte Session-Cookies). Die meisten Browser akzeptieren Cookies standardm\u00e4\u00dfig und bieten unabh\u00e4ngig davon Sicherheitseinstellungen, die tempor\u00e4re oder dauerhafte Cookies zulassen oder verhindern.    <\/p>\n<p>Ohne Ihre ausdr\u00fcckliche Zustimmung \u2013 durch Aktivierung von Cookies in Ihrem Browser \u2013 werden KYMOS SL (KYMOS) und\/oder ihre verbundenen Unternehmen die in den Cookies gespeicherten Daten nicht mit Ihren bei der Registrierung angegebenen personenbezogenen Daten verkn\u00fcpfen.<\/p>\n<p>Welche Arten von Cookies werden auf dieser Website verwendet?<\/p>\n<ul>\n<li>Technische Cookies: Diese erm\u00f6glichen es dem Benutzer, auf einer Webseite, Plattform oder Anwendung zu surfen und die verschiedenen Optionen oder Dienste zu nutzen, die dort vorhanden sind, wie zum Beispiel die Kontrolle des Datenverkehrs und der Datenkommunikation, die Identifizierung der Sitzung, den Zugriff auf gesch\u00fctzte Bereiche, das Speichern der Elemente einer Bestellung, die Durchf\u00fchrung des Kaufvorgangs, die Anmeldung oder Teilnahme an einer Veranstaltung, die Nutzung von Sicherheitselementen beim Surfen, das Speichern von Inhalten f\u00fcr die Video- oder Audio\u00fcbertragung oder das Teilen von Inhalten \u00fcber soziale Netzwerke.<\/li>\n<li>Personalisierungs-Cookies: Diese Cookies erm\u00f6glichen es dem Benutzer, auf den Dienst mit einigen allgemeinen, im Benutzerendger\u00e4t vordefinierten Merkmalen zuzugreifen, wie beispielsweise Sprache, Browsertyp, \u00fcber den auf den Dienst zugegriffen wird, regionale Konfiguration, von der aus auf den Dienst zugegriffen wird usw.<\/li>\n<li>Analyse-Cookies: Diese Cookies, die von uns oder Drittanbietern verarbeitet werden, erm\u00f6glichen es uns, die Anzahl der Nutzer zu erfassen und so die Nutzung unserer Dienste statistisch auszuwerten. Dadurch wird Ihr Navigationsverhalten auf unserer Website analysiert, um unser Produkt- und Dienstleistungsangebot zu verbessern. <\/li>\n<li>Cookies von Drittanbietern: Die KYMOS-Website kann Dienste von Drittanbietern nutzen, die im Auftrag von KYMOS Informationen zu statistischen Zwecken, zur Nutzung der Website durch den Benutzer und zur Bereitstellung anderer Dienste im Zusammenhang mit der Aktivit\u00e4t der Website und anderer Internetdienste sammeln.<\/li>\n<\/ul>\n<p>Diese Website verwendet insbesondere die folgenden Cookies von Google, Inc. mit Sitz in den Vereinigten Staaten, 1600 Amphitheatre Parkway, Mountain View, Kalifornien 94043:<\/p>\n<p>a) <a href=\"https:\/\/www.google.com\/analytics\/terms\/us.html\" data-wpel-link=\"external\">Google Analytics<\/a> : Dies ist ein Webanalysedienst, der Informationen, einschlie\u00dflich der IP-Adresse des Nutzers, erfasst. Diese Daten werden von Google gem\u00e4\u00df den auf der Website Google.com festgelegten Bedingungen \u00fcbermittelt, verarbeitet und gespeichert. Dies schlie\u00dft die m\u00f6gliche Weitergabe dieser Informationen an Dritte ein, sei es aufgrund gesetzlicher Bestimmungen oder wenn diese Dritten die Daten im Auftrag von Google verarbeiten. <\/p>\n<p>b) <a href=\"https:\/\/support.google.com\/ds\/answer\/2839090?hl=en\" data-wpel-link=\"external\">DoubleClick<\/a> : verwendet Cookies zur Verbesserung der Werbung. Nach jeder Impression, jedem Klick oder jeder anderen Aktivit\u00e4t, die einen Aufruf unserer Server ausl\u00f6st, wird ein Cookie an den Browser gesendet. Wenn der Browser den Cookie akzeptiert, wird er dort gespeichert. <\/p>\n<p>c) <a href=\"https:\/\/support.google.com\/tagmanager\/answer\/6102821?hl=en\" data-wpel-link=\"external\">Google Tag Manager<\/a> : Mit diesem System k\u00f6nnen Sie Tags und Code-Snippets auf Ihrer Website oder mobilen App schnell und einfach aktualisieren. Sobald das Tag-Manager-Snippet hinzugef\u00fcgt wurde, k\u00f6nnen Sie die Tags \u00fcber eine webbasierte Benutzeroberfl\u00e4che konfigurieren, ohne zus\u00e4tzlichen Code \u00e4ndern und bereitstellen zu m\u00fcssen. Dadurch werden Fehler reduziert und Sie m\u00fcssen nicht mehr bei jeder \u00c4nderung einen Entwickler hinzuziehen.  <\/p>\n<p>d) <a href=\"https:\/\/support.google.com\/optimize\/answer\/6262388?hl=en\" data-wpel-link=\"external\">GA-Zielgruppen<\/a> : Eine Remarketing-Zielgruppe ist eine Liste von Cookies oder mobilen Werbe-IDs, die eine Gruppe von Nutzern repr\u00e4sentiert, die Sie aufgrund ihrer Konversionswahrscheinlichkeit erneut ansprechen m\u00f6chten.<\/p>\n<p>Dar\u00fcber hinaus verwendet diese Website die folgenden Cookies von Drupal: `<\/p>\n<p>a) <a href=\"https:\/\/www.acquia.com\/about-us\/legal\/privacy-policy\" data-wpel-link=\"external\">has_js<\/a> : Gibt an, ob JavaScript aktiviert ist, damit Drupal Operationen effizienter durchf\u00fchren und so die Benutzererfahrung verbessern kann.<\/p>\n<p>b) <a href=\"https:\/\/www.acquia.com\/about-us\/legal\/privacy-policy\" data-wpel-link=\"external\">Cookie-Zustimmung<\/a> : Gibt an, ob die Cookie-Richtlinien akzeptiert werden.<\/p>\n<p>Der Nutzer akzeptiert durch die Nutzung dieser Website die Verarbeitung der erhobenen Daten in der oben beschriebenen Weise und zu den oben genannten Zwecken. Er nimmt au\u00dferdem zur Kenntnis, dass er die Verarbeitung dieser Daten ablehnen kann, indem er die Verwendung von Cookies in seinen Browsereinstellungen deaktiviert. Beachten Sie jedoch, dass die Deaktivierung von Cookies die Nutzung einiger Funktionen der Website einschr\u00e4nken kann.  <\/p>\n<p>Sofern Sie die Einstellungen Ihres Browsers nicht angepasst haben, erstellt unser System Cookies, sobald Sie unsere Website besuchen. Beachten Sie, dass alle Internetbrowser die \u00c4nderung dieser Konfiguration erm\u00f6glichen. Weitere Informationen zur Anpassung Ihrer Cookie-Einstellungen in den folgenden Browsern finden Sie unter dem entsprechenden Link:  <\/p>\n<h4>Internet Explorer<\/h4>\n<p><a href=\"https:\/\/support.microsoft.com\/kb\/196955\" data-wpel-link=\"external\">https:\/\/support.microsoft.com\/kb\/196955<\/a><\/p>\n<p><a href=\"https:\/\/www.allaboutcookies.org\/es\/administrar-las-cookies\/internet-explorer7-plus.html\" data-wpel-link=\"external\">https:\/\/www.allaboutcookies.org\/es\/administrar-las-cookies\/internet-explorer7-plus.html<\/a><\/p>\n<p><a href=\"https:\/\/www.allaboutcookies.org\/es\/administrar-las-cookies\/internet-explorer8-plus.html\" data-wpel-link=\"external\">https:\/\/www.allaboutcookies.org\/es\/administrar-las-cookies\/internet-explorer8-plus.html<\/a><\/p>\n<p><a href=\"https:\/\/www.allaboutcookies.org\/es\/administrar-las-cookies\/internet-explorer9-plus.html\" data-wpel-link=\"external\">https:\/\/www.allaboutcookies.org\/es\/administrar-las-cookies\/internet-explorer9-plus.html<\/a><\/p>\n<p><a href=\"https:\/\/support.microsoft.com\/es-es\/help\/17442\/windows-internet-explorer-delete-manage-cookies\" data-wpel-link=\"external\">https:\/\/support.microsoft.com\/es-es\/help\/17442\/windows-internet-explorer-delete-manage-cookies<\/a><\/p>\n<h4>Firefox<\/h4>\n<p><a href=\"https:\/\/support.mozilla.org\/es\/kb\/habilitar-y-deshabilitar-cookies-sitios-web-rastrear-preferencias%22%20%5Co%20%22Abre%20ventana%20nueva%22%20%5Ct%20%22_blank\" data-wpel-link=\"external\">https:\/\/support.mozilla.org\/es\/kb\/habilitar-y-deshabilitar-cookies-sitios-web-rastrear-preferencias<br \/>\n <\/a><\/p>\n<h4>Chrom<\/h4>\n<p><a href=\"https:\/\/support.google.com\/chrome\/answer\/95647?co=GENIE.Platform=Desktop&amp;hl=es%22%20%5Co%20%22Abre%20ventana%20nueva%22%20%5Ct%20%22_blank\" data-wpel-link=\"external\">https:\/\/support.google.com\/chrome\/answer\/95647?co=GENIE.Platform%3DDesktop&amp;hl=es<\/a><\/p>\n<h4>Safari<\/h4>\n<p><a href=\"https:\/\/support.apple.com\/kb\/ph21411?locale=es_ES\" data-wpel-link=\"external\">https:\/\/support.apple.com\/kb\/ph21411?locale=es_ES<\/a><\/p>\n<p><a href=\"https:\/\/support.apple.com\/es-es\/HT201265%22%20%5Co%20%22Abre%20ventana%20nueva%22%20%5Ct%20%22_blank\" data-wpel-link=\"external\">https:\/\/support.apple.com\/es-es\/HT201265<\/a><\/p>\n<h4>\u00c4nderungen der Cookie-Richtlinie<\/h4>\n<p>Wir aktualisieren m\u00f6glicherweise die Cookie-Richtlinie unserer Website. Daher empfehlen wir Ihnen, diese Richtlinie bei jedem Besuch unserer Website zu lesen, um sich dar\u00fcber zu informieren, wie und warum wir Cookies verwenden. Die Cookie-Richtlinie wurde zuletzt am 10. Juli 2018 aktualisiert. <\/p>\n<p>Sollten Sie Zweifel an dieser Cookie-Richtlinie haben, k\u00f6nnen Sie Kymos unter der folgenden Adresse kontaktieren <strong><a href=\"mailto:info@kymos.com?subject=Cookies\" data-wpel-link=\"internal\">: info@kymos.com<\/a><\/strong> .<\/p>\n<\/div><\/div><\/div><\/div><\/div><\/p>\n","protected":false},"excerpt":{"rendered":"","protected":false},"author":8,"featured_media":0,"parent":0,"menu_order":0,"comment_status":"closed","ping_status":"closed","template":"100-width.php","meta":{"_acf_changed":false,"footnotes":""},"categories":[],"tags":[],"class_list":["post-26682","page","type-page","status-publish","hentry"],"acf":[],"yoast_head":"<!-- This site is optimized with the Yoast SEO plugin v27.4 - https:\/\/yoast.com\/product\/yoast-seo-wordpress\/ -->\n<title>Cookie-Richtlinie | Kymos<\/title>\n<meta name=\"robots\" content=\"noindex, nofollow\" \/>\n<meta property=\"og:locale\" content=\"de_DE\" \/>\n<meta property=\"og:type\" content=\"article\" \/>\n<meta property=\"og:title\" content=\"Cookie-Richtlinie | Kymos\" \/>\n<meta property=\"og:url\" content=\"https:\/\/kymos.com\/de\/cookie-richtlinie\/\" \/>\n<meta property=\"og:site_name\" content=\"Kymos\" \/>\n<meta property=\"article:modified_time\" content=\"2025-11-20T13:17:12+00:00\" \/>\n<meta property=\"og:image\" content=\"https:\/\/kymos.com\/wp-content\/uploads\/2023\/06\/Foto-Logo-Kymos-Edificio.png\" \/>\n\t<meta property=\"og:image:width\" content=\"1200\" \/>\n\t<meta property=\"og:image:height\" content=\"1200\" \/>\n\t<meta property=\"og:image:type\" content=\"image\/png\" \/>\n<meta name=\"twitter:card\" content=\"summary_large_image\" \/>\n<meta name=\"twitter:site\" content=\"@KymosGroup\" \/>\n<meta name=\"twitter:label1\" content=\"Gesch\u00e4tzte Lesezeit\" \/>\n\t<meta name=\"twitter:data1\" content=\"9\u00a0Minuten\" \/>\n<script type=\"application\/ld+json\" class=\"yoast-schema-graph\">{\"@context\":\"https:\\\/\\\/schema.org\",\"@graph\":[{\"@type\":\"WebPage\",\"@id\":\"https:\\\/\\\/kymos.com\\\/de\\\/cookie-richtlinie\\\/\",\"url\":\"https:\\\/\\\/kymos.com\\\/de\\\/cookie-richtlinie\\\/\",\"name\":\"Cookie-Richtlinie | Kymos\",\"isPartOf\":{\"@id\":\"https:\\\/\\\/kymos.com\\\/de\\\/#website\"},\"datePublished\":\"2021-08-31T15:04:54+00:00\",\"dateModified\":\"2025-11-20T13:17:12+00:00\",\"breadcrumb\":{\"@id\":\"https:\\\/\\\/kymos.com\\\/de\\\/cookie-richtlinie\\\/#breadcrumb\"},\"inLanguage\":\"de\",\"potentialAction\":[{\"@type\":\"ReadAction\",\"target\":[\"https:\\\/\\\/kymos.com\\\/de\\\/cookie-richtlinie\\\/\"]}]},{\"@type\":\"BreadcrumbList\",\"@id\":\"https:\\\/\\\/kymos.com\\\/de\\\/cookie-richtlinie\\\/#breadcrumb\",\"itemListElement\":[{\"@type\":\"ListItem\",\"position\":1,\"name\":\"Home\",\"item\":\"https:\\\/\\\/kymos.com\\\/de\\\/\"},{\"@type\":\"ListItem\",\"position\":2,\"name\":\"Cookie-Richtlinie\"}]},{\"@type\":\"WebSite\",\"@id\":\"https:\\\/\\\/kymos.com\\\/de\\\/#website\",\"url\":\"https:\\\/\\\/kymos.com\\\/de\\\/\",\"name\":\"Kymos Group\",\"description\":\"Kymos Group\",\"potentialAction\":[{\"@type\":\"SearchAction\",\"target\":{\"@type\":\"EntryPoint\",\"urlTemplate\":\"https:\\\/\\\/kymos.com\\\/de\\\/?s={search_term_string}\"},\"query-input\":{\"@type\":\"PropertyValueSpecification\",\"valueRequired\":true,\"valueName\":\"search_term_string\"}}],\"inLanguage\":\"de\"}]}<\/script>\n<!-- \/ Yoast SEO plugin. -->","yoast_head_json":{"title":"Cookie-Richtlinie | Kymos","robots":{"index":"noindex","follow":"nofollow"},"og_locale":"de_DE","og_type":"article","og_title":"Cookie-Richtlinie | Kymos","og_url":"https:\/\/kymos.com\/de\/cookie-richtlinie\/","og_site_name":"Kymos","article_modified_time":"2025-11-20T13:17:12+00:00","og_image":[{"width":1200,"height":1200,"url":"https:\/\/kymos.com\/wp-content\/uploads\/2023\/06\/Foto-Logo-Kymos-Edificio.png","type":"image\/png"}],"twitter_card":"summary_large_image","twitter_site":"@KymosGroup","twitter_misc":{"Gesch\u00e4tzte Lesezeit":"9\u00a0Minuten"},"schema":{"@context":"https:\/\/schema.org","@graph":[{"@type":"WebPage","@id":"https:\/\/kymos.com\/de\/cookie-richtlinie\/","url":"https:\/\/kymos.com\/de\/cookie-richtlinie\/","name":"Cookie-Richtlinie | Kymos","isPartOf":{"@id":"https:\/\/kymos.com\/de\/#website"},"datePublished":"2021-08-31T15:04:54+00:00","dateModified":"2025-11-20T13:17:12+00:00","breadcrumb":{"@id":"https:\/\/kymos.com\/de\/cookie-richtlinie\/#breadcrumb"},"inLanguage":"de","potentialAction":[{"@type":"ReadAction","target":["https:\/\/kymos.com\/de\/cookie-richtlinie\/"]}]},{"@type":"BreadcrumbList","@id":"https:\/\/kymos.com\/de\/cookie-richtlinie\/#breadcrumb","itemListElement":[{"@type":"ListItem","position":1,"name":"Home","item":"https:\/\/kymos.com\/de\/"},{"@type":"ListItem","position":2,"name":"Cookie-Richtlinie"}]},{"@type":"WebSite","@id":"https:\/\/kymos.com\/de\/#website","url":"https:\/\/kymos.com\/de\/","name":"Kymos Group","description":"Kymos Group","potentialAction":[{"@type":"SearchAction","target":{"@type":"EntryPoint","urlTemplate":"https:\/\/kymos.com\/de\/?s={search_term_string}"},"query-input":{"@type":"PropertyValueSpecification","valueRequired":true,"valueName":"search_term_string"}}],"inLanguage":"de"}]}},"_links":{"self":[{"href":"https:\/\/kymos.com\/de\/wp-json\/wp\/v2\/pages\/26682","targetHints":{"allow":["GET"]}}],"collection":[{"href":"https:\/\/kymos.com\/de\/wp-json\/wp\/v2\/pages"}],"about":[{"href":"https:\/\/kymos.com\/de\/wp-json\/wp\/v2\/types\/page"}],"author":[{"embeddable":true,"href":"https:\/\/kymos.com\/de\/wp-json\/wp\/v2\/users\/8"}],"replies":[{"embeddable":true,"href":"https:\/\/kymos.com\/de\/wp-json\/wp\/v2\/comments?post=26682"}],"version-history":[{"count":0,"href":"https:\/\/kymos.com\/de\/wp-json\/wp\/v2\/pages\/26682\/revisions"}],"wp:attachment":[{"href":"https:\/\/kymos.com\/de\/wp-json\/wp\/v2\/media?parent=26682"}],"wp:term":[{"taxonomy":"category","embeddable":true,"href":"https:\/\/kymos.com\/de\/wp-json\/wp\/v2\/categories?post=26682"},{"taxonomy":"post_tag","embeddable":true,"href":"https:\/\/kymos.com\/de\/wp-json\/wp\/v2\/tags?post=26682"}],"curies":[{"name":"wp","href":"https:\/\/api.w.org\/{rel}","templated":true}]}}