{"id":13776,"date":"2021-08-06T15:00:16","date_gmt":"2021-08-06T13:00:16","guid":{"rendered":"https:\/\/kymos.com\/mapa-del-lloc\/"},"modified":"2025-08-12T14:46:03","modified_gmt":"2025-08-12T12:46:03","slug":"mapa-del-lloc","status":"publish","type":"page","link":"https:\/\/kymos.com\/ca\/mapa-del-lloc\/","title":{"rendered":"Mapa del lloc"},"content":{"rendered":"<p><div class=\"fusion-fullwidth fullwidth-box fusion-builder-row-1 fusion-flex-container nonhundred-percent-fullwidth non-hundred-percent-height-scrolling\" style=\"--awb-border-radius-top-left:0px;--awb-border-radius-top-right:0px;--awb-border-radius-bottom-right:0px;--awb-border-radius-bottom-left:0px;--awb-flex-wrap:wrap;\" ><div class=\"fusion-builder-row fusion-row fusion-flex-align-items-flex-start fusion-flex-justify-content-center fusion-flex-content-wrap\" style=\"max-width:calc( 1170px + 20px );margin-left: calc(-20px \/ 2 );margin-right: calc(-20px \/ 2 );\"><div class=\"fusion-layout-column fusion_builder_column fusion-builder-column-0 fusion_builder_column_1_1 1_1 fusion-flex-column\" style=\"--awb-bg-size:cover;--awb-width-large:100%;--awb-margin-top-large:0px;--awb-spacing-right-large:10px;--awb-margin-bottom-large:20px;--awb-spacing-left-large:10px;--awb-width-medium:100%;--awb-order-medium:0;--awb-spacing-right-medium:10px;--awb-spacing-left-medium:10px;--awb-width-small:100%;--awb-order-small:0;--awb-spacing-right-small:10px;--awb-spacing-left-small:10px;\"><div class=\"fusion-column-wrapper fusion-column-has-shadow fusion-flex-justify-content-flex-start fusion-content-layout-column\"><div class=\"fusion-title title fusion-title-1 fusion-sep-none fusion-title-center fusion-title-text fusion-title-size-one\"><h1 class=\"fusion-title-heading title-heading-center\" style=\"margin:0;\">Mapa del lloc<\/h1><\/div><\/div><\/div><\/div><\/div><div class=\"fusion-fullwidth fullwidth-box fusion-builder-row-2 fusion-flex-container nonhundred-percent-fullwidth non-hundred-percent-height-scrolling\" style=\"--awb-border-radius-top-left:0px;--awb-border-radius-top-right:0px;--awb-border-radius-bottom-right:0px;--awb-border-radius-bottom-left:0px;--awb-flex-wrap:wrap;\" ><div class=\"fusion-builder-row fusion-row fusion-flex-align-items-flex-start fusion-flex-content-wrap\" style=\"max-width:calc( 1170px + 20px );margin-left: calc(-20px \/ 2 );margin-right: calc(-20px \/ 2 );\"><div class=\"fusion-layout-column fusion_builder_column fusion-builder-column-1 fusion_builder_column_1_2 1_2 fusion-flex-column\" style=\"--awb-bg-size:cover;--awb-width-large:50%;--awb-margin-top-large:0px;--awb-spacing-right-large:10px;--awb-margin-bottom-large:20px;--awb-spacing-left-large:10px;--awb-width-medium:50%;--awb-order-medium:0;--awb-spacing-right-medium:10px;--awb-spacing-left-medium:10px;--awb-width-small:100%;--awb-order-small:0;--awb-spacing-right-small:10px;--awb-spacing-left-small:10px;\"><div class=\"fusion-column-wrapper fusion-column-has-shadow fusion-flex-justify-content-flex-start fusion-content-layout-column\"><div class=\"wshs-post-simple-list full-layout \"><ul><li><a href=\"https:\/\/kymos.com\/ca\/\" title=\"Inici\" data-wpel-link=\"internal\">Inici<\/a><\/li><li><a href=\"https:\/\/kymos.com\/ca\/politica-de-privacitat\/\" title=\"Pol\u00edtica de privacitat\" data-wpel-link=\"internal\">Pol\u00edtica de privacitat<\/a><\/li><li><a href=\"https:\/\/kymos.com\/ca\/sobre-nosaltres\/\" title=\"Sobre nosaltres\" data-wpel-link=\"internal\">Sobre nosaltres<\/a><ul class=\"children\"><li><a href=\"https:\/\/kymos.com\/ca\/sobre-nosaltres\/qualitat-i-certificacions\/\" title=\"Qualitat i Certificacions\" data-wpel-link=\"internal\">Qualitat i Certificacions<\/a><\/li><li><a href=\"https:\/\/kymos.com\/ca\/sobre-nosaltres\/socis\/\" title=\"Socis\" data-wpel-link=\"internal\">Socis<\/a><\/li><li><a href=\"https:\/\/kymos.com\/ca\/sobre-nosaltres\/equip\/\" title=\"Equip\" data-wpel-link=\"internal\">Equip<\/a><\/li><li><a href=\"https:\/\/kymos.com\/ca\/sobre-nosaltres\/social-responsibility\/\" title=\"Responsabilitat Social\" data-wpel-link=\"internal\">Responsabilitat Social<\/a><\/li><\/ul><\/li><li><a href=\"https:\/\/kymos.com\/ca\/innovacio\/\" title=\"Innovaci\u00f3\" data-wpel-link=\"internal\">Innovaci\u00f3<\/a><\/li><li><a href=\"https:\/\/kymos.com\/ca\/contacte\/\" title=\"Contacte\" data-wpel-link=\"internal\">Contacte<\/a><\/li><li><a href=\"https:\/\/kymos.com\/ca\/prolitic\/\" title=\"Prolytic\" data-wpel-link=\"internal\">Prolytic<\/a><\/li><li><a href=\"https:\/\/kymos.com\/ca\/pharmaprogress\/\" title=\"Pharmaprogress\" data-wpel-link=\"internal\">Pharmaprogress<\/a><\/li><li><a href=\"https:\/\/kymos.com\/ca\/kymos\/\" title=\"Kymos\" data-wpel-link=\"internal\">Kymos<\/a><\/li><li><a href=\"https:\/\/kymos.com\/ca\/carreres-professionals\/\" title=\"Carreres\" data-wpel-link=\"internal\">Carreres<\/a><\/li><li><a href=\"https:\/\/kymos.com\/ca\/installacions\/\" title=\"Instal\u00b7lacions\" data-wpel-link=\"internal\">Instal\u00b7lacions<\/a><ul class=\"children\"><li><a href=\"https:\/\/kymos.com\/ca\/installacions\/documents\/\" title=\"Documents\" data-wpel-link=\"internal\">Documents<\/a><\/li><\/ul><\/li><li><a href=\"https:\/\/kymos.com\/ca\/mapa-del-lloc\/\" title=\"Mapa del lloc\" data-wpel-link=\"internal\">Mapa del lloc<\/a><\/li><li><a href=\"https:\/\/kymos.com\/ca\/news\/\" title=\"Bloc\" data-wpel-link=\"internal\">Bloc<\/a><\/li><li><a href=\"https:\/\/kymos.com\/ca\/innovacio-2\/\" title=\"Innovaci\u00f3\" data-wpel-link=\"internal\">Innovaci\u00f3<\/a><\/li><\/ul><\/div><\/div><\/div><div class=\"fusion-layout-column fusion_builder_column fusion-builder-column-2 fusion_builder_column_1_2 1_2 fusion-flex-column\" style=\"--awb-bg-size:cover;--awb-width-large:50%;--awb-margin-top-large:0px;--awb-spacing-right-large:10px;--awb-margin-bottom-large:20px;--awb-spacing-left-large:10px;--awb-width-medium:50%;--awb-order-medium:0;--awb-spacing-right-medium:10px;--awb-spacing-left-medium:10px;--awb-width-small:100%;--awb-order-small:0;--awb-spacing-right-small:10px;--awb-spacing-left-small:10px;\"><div class=\"fusion-column-wrapper fusion-column-has-shadow fusion-flex-justify-content-flex-start fusion-content-layout-column\"><div class=\"wshs-post-simple-list full-layout \"><ul><li><a href=\"https:\/\/kymos.com\/ca\/serveis\/\" title=\"Serveis\" data-wpel-link=\"internal\">Serveis<\/a><ul class=\"children\"><li><a href=\"https:\/\/kymos.com\/ca\/serveis\/serveis-preclinics-i-clinics\/\" title=\"Serveis precl\u00ednics i cl\u00ednics\" data-wpel-link=\"internal\">Serveis precl\u00ednics i cl\u00ednics<\/a><ul class=\"children\"><li><a href=\"https:\/\/kymos.com\/ca\/serveis\/serveis-preclinics-i-clinics\/bioanalisi-i-immunogenicitat-de-productes-biologics-i-biosimilars\/\" title=\"Bioan\u00e0lisi i immunogenicitat de productes biol\u00f2gics i biosimilars\" data-wpel-link=\"internal\">Bioan\u00e0lisi i immunogenicitat de productes biol\u00f2gics i biosimilars<\/a><\/li><li><a href=\"https:\/\/kymos.com\/ca\/serveis\/serveis-preclinics-i-clinics\/estudis-de-bioequivalencia\/\" title=\"Estudis de Bioequival\u00e8ncia\" data-wpel-link=\"internal\">Estudis de Bioequival\u00e8ncia<\/a><\/li><li><a href=\"https:\/\/kymos.com\/ca\/serveis\/serveis-preclinics-i-clinics\/avaluacio-farmacocinetica-i-estadistiques\/\" title=\"Avaluaci\u00f3 farmacocin\u00e8tica i estad\u00edstiques\" data-wpel-link=\"internal\">Avaluaci\u00f3 farmacocin\u00e8tica i estad\u00edstiques<\/a><\/li><li><a href=\"https:\/\/kymos.com\/ca\/serveis\/serveis-preclinics-i-clinics\/absorcio-percutania\/\" title=\"Absorci\u00f3 percut\u00e0nia\" data-wpel-link=\"internal\">Absorci\u00f3 percut\u00e0nia<\/a><\/li><li><a href=\"https:\/\/kymos.com\/ca\/serveis\/serveis-preclinics-i-clinics\/activitat-enzimatica\/\" title=\"Activitat enzim\u00e0tica\" data-wpel-link=\"internal\">Activitat enzim\u00e0tica<\/a><\/li><li><a href=\"https:\/\/kymos.com\/ca\/serveis\/serveis-preclinics-i-clinics\/bioanalisi-dacids-nucleics\/\" title=\"Bioan\u00e0lisi d&#039;\u00e0cids nucleics\" data-wpel-link=\"internal\">Bioan\u00e0lisi d'\u00e0cids nucleics<\/a><\/li><li><a href=\"https:\/\/kymos.com\/ca\/serveis\/serveis-preclinics-i-clinics\/bioanalisi-de-petites-molecules-i-generics\/\" title=\"Bioan\u00e0lisi de mol\u00e8cules petites i gen\u00e8rics\" data-wpel-link=\"internal\">Bioan\u00e0lisi de mol\u00e8cules petites i gen\u00e8rics<\/a><\/li><li><a href=\"https:\/\/kymos.com\/ca\/serveis\/serveis-preclinics-i-clinics\/analisi-de-biomarcadors\/\" title=\"An\u00e0lisi de biomarcadors\" data-wpel-link=\"internal\">An\u00e0lisi de biomarcadors<\/a><\/li><li><a href=\"https:\/\/kymos.com\/ca\/serveis\/serveis-preclinics-i-clinics\/estudis-veterinaris\/\" title=\"Estudis Veterinaris\" data-wpel-link=\"internal\">Estudis Veterinaris<\/a><\/li><\/ul><\/li><li><a href=\"https:\/\/kymos.com\/ca\/serveis\/cmc-analisi-i-control-de-qualitat\/\" title=\"An\u00e0lisi CMC i Control de Qualitat\" data-wpel-link=\"internal\">An\u00e0lisi CMC i Control de Qualitat<\/a><ul class=\"children\"><li><a href=\"https:\/\/kymos.com\/ca\/serveis\/cmc-analisi-i-control-de-qualitat\/microbiologia\/\" title=\"Microbiologia\" data-wpel-link=\"internal\">Microbiologia<\/a><\/li><li><a href=\"https:\/\/kymos.com\/ca\/serveis\/cmc-analisi-i-control-de-qualitat\/elementals-nitrosamines-i-altres-impureses\/\" title=\"Elementals, nitrosamines i altres impureses\" data-wpel-link=\"internal\">Elementals, nitrosamines i altres impureses<\/a><ul class=\"children\"><li><a href=\"https:\/\/kymos.com\/ca\/serveis\/cmc-analisi-i-control-de-qualitat\/elementals-nitrosamines-i-altres-impureses\/nitrosamines\/\" title=\"Nitrosamines\" data-wpel-link=\"internal\">Nitrosamines<\/a><\/li><li><a href=\"https:\/\/kymos.com\/ca\/serveis\/cmc-analisi-i-control-de-qualitat\/elementals-nitrosamines-i-altres-impureses\/impureses-elementals\/\" title=\"Impureses elementals\" data-wpel-link=\"internal\">Impureses elementals<\/a><\/li><\/ul><\/li><li><a href=\"https:\/\/kymos.com\/ca\/serveis\/cmc-analisi-i-control-de-qualitat\/control-de-qualitat-de-productes-biologics-i-biosimilars\/\" title=\"Control de qualitat de productes biol\u00f2gics i biosimilars\" data-wpel-link=\"internal\">Control de qualitat de productes biol\u00f2gics i biosimilars<\/a><\/li><li><a href=\"https:\/\/kymos.com\/ca\/serveis\/cmc-analisi-i-control-de-qualitat\/desenvolupament-i-validacio-de-metodes\/\" title=\"Desenvolupament i validaci\u00f3 de m\u00e8todes\" data-wpel-link=\"internal\">Desenvolupament i validaci\u00f3 de m\u00e8todes<\/a><\/li><li><a href=\"https:\/\/kymos.com\/ca\/serveis\/cmc-analisi-i-control-de-qualitat\/estudis-destabilitat\/\" title=\"Estudis d&#039;estabilitat\" data-wpel-link=\"internal\">Estudis d'estabilitat<\/a><\/li><li><a href=\"https:\/\/kymos.com\/ca\/serveis\/cmc-analisi-i-control-de-qualitat\/prova-de-lots-i-llancament-de-lots\/\" title=\"An\u00e0lisi i lliberament de lots\" data-wpel-link=\"internal\">An\u00e0lisi i lliberament de lots<\/a><\/li><li><a href=\"https:\/\/kymos.com\/ca\/serveis\/cmc-analisi-i-control-de-qualitat\/control-de-qualitat-de-petites-molecules\/\" title=\"Control de qualitat de petites mol\u00e8cules\" data-wpel-link=\"internal\">Control de qualitat de petites mol\u00e8cules<\/a><\/li><li><a href=\"https:\/\/kymos.com\/ca\/serveis\/cmc-analisi-i-control-de-qualitat\/prova-de-productes-farmaceutics-per-inhalacio-oral-i-nasal\/\" title=\"Prova de productes farmac\u00e8utics per inhalaci\u00f3 oral i nasal\" data-wpel-link=\"internal\">Prova de productes farmac\u00e8utics per inhalaci\u00f3 oral i nasal<\/a><\/li><li><a href=\"https:\/\/kymos.com\/ca\/serveis\/cmc-analisi-i-control-de-qualitat\/estudis-de-comparabilitat-biosimilars\/\" title=\"Estudis de comparabilitat biosimilars\" data-wpel-link=\"internal\">Estudis de comparabilitat biosimilars<\/a><\/li><li><a href=\"https:\/\/kymos.com\/ca\/serveis\/cmc-analisi-i-control-de-qualitat\/extraibles-i-lixiviables\/\" title=\"Extractables i lixiviables\" data-wpel-link=\"internal\">Extractables i lixiviables<\/a><\/li><li><a href=\"https:\/\/kymos.com\/ca\/serveis\/cmc-analisi-i-control-de-qualitat\/assaig-de-potencia-i-basat-en-cellules\/\" title=\"Assaig de pot\u00e8ncia i basat en c\u00e8l\u00b7lules\" data-wpel-link=\"internal\">Assaig de pot\u00e8ncia i basat en c\u00e8l\u00b7lules<\/a><\/li><li><a href=\"https:\/\/kymos.com\/ca\/serveis\/cmc-analisi-i-control-de-qualitat\/analisi-transdermic\/\" title=\"An\u00e0lisi transd\u00e8rmic\" data-wpel-link=\"internal\">An\u00e0lisi transd\u00e8rmic<\/a><\/li><li><a href=\"https:\/\/kymos.com\/ca\/serveis\/cmc-analisi-i-control-de-qualitat\/terapies-avancades\/\" title=\"Caracteritzaci\u00f3 de vectors virals\" data-wpel-link=\"internal\">Caracteritzaci\u00f3 de vectors virals<\/a><\/li><li><a href=\"https:\/\/kymos.com\/ca\/serveis\/cmc-analisi-i-control-de-qualitat\/assajos-de-materies-primeres\/\" title=\"An\u00e0lisi de Mat\u00e8ries Primeres\" data-wpel-link=\"internal\">An\u00e0lisi de Mat\u00e8ries Primeres<\/a><\/li><li><a href=\"https:\/\/kymos.com\/ca\/serveis\/cmc-analisi-i-control-de-qualitat\/control-qualitat-oligos\/\" title=\"Control de qualitat d&#039;oligonucle\u00f2tids\" data-wpel-link=\"internal\">Control de qualitat d'oligonucle\u00f2tids<\/a><\/li><\/ul><\/li><li><a href=\"https:\/\/kymos.com\/ca\/serveis\/molecules-petites\/\" title=\"Mol\u00e8cula Petita\" data-wpel-link=\"internal\">Mol\u00e8cula Petita<\/a><\/li><li><a href=\"https:\/\/kymos.com\/ca\/serveis\/biologics-i-biosimilars\/\" title=\"Biol\u00f2gics i Biosimilars\" data-wpel-link=\"internal\">Biol\u00f2gics i Biosimilars<\/a><\/li><li><a href=\"https:\/\/kymos.com\/ca\/serveis\/terapies-avancades\/\" title=\"Ter\u00e0pies avan\u00e7ades\" data-wpel-link=\"internal\">Ter\u00e0pies avan\u00e7ades<\/a><\/li><li><a href=\"https:\/\/kymos.com\/ca\/serveis\/marees-oligo-i-peptids\/\" title=\"TIDES (oligo i p\u00e8ptids)\" data-wpel-link=\"internal\">TIDES (oligo i p\u00e8ptids)<\/a><\/li><\/ul><\/li><li><a href=\"https:\/\/kymos.com\/ca\/news\/\" title=\"Bloc\" data-wpel-link=\"internal\">Bloc<\/a><\/li><li><a href=\"https:\/\/kymos.com\/ca\/innovacio-2\/\" title=\"Innovaci\u00f3\" data-wpel-link=\"internal\">Innovaci\u00f3<\/a><\/li><\/ul><\/div><\/div><\/div><\/div><\/div><\/p>\n","protected":false},"excerpt":{"rendered":"","protected":false},"author":8,"featured_media":0,"parent":0,"menu_order":0,"comment_status":"closed","ping_status":"closed","template":"","meta":{"_acf_changed":false,"footnotes":""},"categories":[],"tags":[],"class_list":["post-13776","page","type-page","status-publish","hentry"],"acf":[],"yoast_head":"<!-- This site is optimized with the Yoast SEO plugin v27.3 - https:\/\/yoast.com\/product\/yoast-seo-wordpress\/ -->\n<title>Coneix el mapa del lloc web de Kymos Group<\/title>\n<meta name=\"description\" content=\"Consulteu el mapa del lloc web del grup Kymos i l&#039;organitzaci\u00f3 i estructura de la nostra p\u00e0gina digital.\" \/>\n<meta name=\"robots\" content=\"noindex, follow\" \/>\n<meta property=\"og:locale\" content=\"ca_ES\" \/>\n<meta property=\"og:type\" content=\"article\" \/>\n<meta property=\"og:title\" content=\"Coneix el mapa del lloc web de Kymos Group\" \/>\n<meta property=\"og:description\" content=\"Consulteu el mapa del lloc web del grup Kymos i l&#039;organitzaci\u00f3 i estructura de la nostra p\u00e0gina digital.\" \/>\n<meta property=\"og:url\" content=\"https:\/\/kymos.com\/ca\/mapa-del-lloc\/\" \/>\n<meta property=\"og:site_name\" content=\"Kymos\" \/>\n<meta property=\"article:modified_time\" content=\"2025-08-12T12:46:03+00:00\" \/>\n<meta property=\"og:image\" content=\"https:\/\/kymos.com\/wp-content\/uploads\/2023\/06\/Foto-Logo-Kymos-Edificio.png\" \/>\n\t<meta property=\"og:image:width\" content=\"1200\" \/>\n\t<meta property=\"og:image:height\" content=\"1200\" \/>\n\t<meta property=\"og:image:type\" content=\"image\/png\" \/>\n<meta name=\"twitter:card\" content=\"summary_large_image\" \/>\n<meta name=\"twitter:site\" content=\"@KymosGroup\" \/>\n<meta name=\"twitter:label1\" content=\"Temps estimat de lectura\" \/>\n\t<meta name=\"twitter:data1\" content=\"1 minut\" \/>\n<script type=\"application\/ld+json\" class=\"yoast-schema-graph\">{\"@context\":\"https:\\\/\\\/schema.org\",\"@graph\":[{\"@type\":\"WebPage\",\"@id\":\"https:\\\/\\\/kymos.com\\\/ca\\\/mapa-del-lloc\\\/\",\"url\":\"https:\\\/\\\/kymos.com\\\/ca\\\/mapa-del-lloc\\\/\",\"name\":\"Coneix el mapa del lloc web de Kymos Group\",\"isPartOf\":{\"@id\":\"https:\\\/\\\/kymos.com\\\/ca\\\/#website\"},\"datePublished\":\"2021-08-06T13:00:16+00:00\",\"dateModified\":\"2025-08-12T12:46:03+00:00\",\"description\":\"Consulteu el mapa del lloc web del grup Kymos i l'organitzaci\u00f3 i estructura de la nostra p\u00e0gina digital.\",\"breadcrumb\":{\"@id\":\"https:\\\/\\\/kymos.com\\\/ca\\\/mapa-del-lloc\\\/#breadcrumb\"},\"inLanguage\":\"ca\",\"potentialAction\":[{\"@type\":\"ReadAction\",\"target\":[\"https:\\\/\\\/kymos.com\\\/ca\\\/mapa-del-lloc\\\/\"]}]},{\"@type\":\"BreadcrumbList\",\"@id\":\"https:\\\/\\\/kymos.com\\\/ca\\\/mapa-del-lloc\\\/#breadcrumb\",\"itemListElement\":[{\"@type\":\"ListItem\",\"position\":1,\"name\":\"Home\",\"item\":\"https:\\\/\\\/kymos.com\\\/ca\\\/inici\\\/\"},{\"@type\":\"ListItem\",\"position\":2,\"name\":\"Mapa del lloc\"}]},{\"@type\":\"WebSite\",\"@id\":\"https:\\\/\\\/kymos.com\\\/ca\\\/#website\",\"url\":\"https:\\\/\\\/kymos.com\\\/ca\\\/\",\"name\":\"Kymos Group\",\"description\":\"Kymos Group\",\"potentialAction\":[{\"@type\":\"SearchAction\",\"target\":{\"@type\":\"EntryPoint\",\"urlTemplate\":\"https:\\\/\\\/kymos.com\\\/ca\\\/?s={search_term_string}\"},\"query-input\":{\"@type\":\"PropertyValueSpecification\",\"valueRequired\":true,\"valueName\":\"search_term_string\"}}],\"inLanguage\":\"ca\"}]}<\/script>\n<!-- \/ Yoast SEO plugin. -->","yoast_head_json":{"title":"Coneix el mapa del lloc web de Kymos Group","description":"Consulteu el mapa del lloc web del grup Kymos i l'organitzaci\u00f3 i estructura de la nostra p\u00e0gina digital.","robots":{"index":"noindex","follow":"follow"},"og_locale":"ca_ES","og_type":"article","og_title":"Coneix el mapa del lloc web de Kymos Group","og_description":"Consulteu el mapa del lloc web del grup Kymos i l'organitzaci\u00f3 i estructura de la nostra p\u00e0gina digital.","og_url":"https:\/\/kymos.com\/ca\/mapa-del-lloc\/","og_site_name":"Kymos","article_modified_time":"2025-08-12T12:46:03+00:00","og_image":[{"width":1200,"height":1200,"url":"https:\/\/kymos.com\/wp-content\/uploads\/2023\/06\/Foto-Logo-Kymos-Edificio.png","type":"image\/png"}],"twitter_card":"summary_large_image","twitter_site":"@KymosGroup","twitter_misc":{"Temps estimat de lectura":"1 minut"},"schema":{"@context":"https:\/\/schema.org","@graph":[{"@type":"WebPage","@id":"https:\/\/kymos.com\/ca\/mapa-del-lloc\/","url":"https:\/\/kymos.com\/ca\/mapa-del-lloc\/","name":"Coneix el mapa del lloc web de Kymos Group","isPartOf":{"@id":"https:\/\/kymos.com\/ca\/#website"},"datePublished":"2021-08-06T13:00:16+00:00","dateModified":"2025-08-12T12:46:03+00:00","description":"Consulteu el mapa del lloc web del grup Kymos i l'organitzaci\u00f3 i estructura de la nostra p\u00e0gina digital.","breadcrumb":{"@id":"https:\/\/kymos.com\/ca\/mapa-del-lloc\/#breadcrumb"},"inLanguage":"ca","potentialAction":[{"@type":"ReadAction","target":["https:\/\/kymos.com\/ca\/mapa-del-lloc\/"]}]},{"@type":"BreadcrumbList","@id":"https:\/\/kymos.com\/ca\/mapa-del-lloc\/#breadcrumb","itemListElement":[{"@type":"ListItem","position":1,"name":"Home","item":"https:\/\/kymos.com\/ca\/inici\/"},{"@type":"ListItem","position":2,"name":"Mapa del lloc"}]},{"@type":"WebSite","@id":"https:\/\/kymos.com\/ca\/#website","url":"https:\/\/kymos.com\/ca\/","name":"Kymos Group","description":"Kymos Group","potentialAction":[{"@type":"SearchAction","target":{"@type":"EntryPoint","urlTemplate":"https:\/\/kymos.com\/ca\/?s={search_term_string}"},"query-input":{"@type":"PropertyValueSpecification","valueRequired":true,"valueName":"search_term_string"}}],"inLanguage":"ca"}]}},"_links":{"self":[{"href":"https:\/\/kymos.com\/ca\/wp-json\/wp\/v2\/pages\/13776","targetHints":{"allow":["GET"]}}],"collection":[{"href":"https:\/\/kymos.com\/ca\/wp-json\/wp\/v2\/pages"}],"about":[{"href":"https:\/\/kymos.com\/ca\/wp-json\/wp\/v2\/types\/page"}],"author":[{"embeddable":true,"href":"https:\/\/kymos.com\/ca\/wp-json\/wp\/v2\/users\/8"}],"replies":[{"embeddable":true,"href":"https:\/\/kymos.com\/ca\/wp-json\/wp\/v2\/comments?post=13776"}],"version-history":[{"count":0,"href":"https:\/\/kymos.com\/ca\/wp-json\/wp\/v2\/pages\/13776\/revisions"}],"wp:attachment":[{"href":"https:\/\/kymos.com\/ca\/wp-json\/wp\/v2\/media?parent=13776"}],"wp:term":[{"taxonomy":"category","embeddable":true,"href":"https:\/\/kymos.com\/ca\/wp-json\/wp\/v2\/categories?post=13776"},{"taxonomy":"post_tag","embeddable":true,"href":"https:\/\/kymos.com\/ca\/wp-json\/wp\/v2\/tags?post=13776"}],"curies":[{"name":"wp","href":"https:\/\/api.w.org\/{rel}","templated":true}]}}