{"id":13691,"date":"2021-08-31T17:04:54","date_gmt":"2021-08-31T15:04:54","guid":{"rendered":"https:\/\/kymos.com\/politica-de-cookies\/"},"modified":"2025-08-12T14:46:10","modified_gmt":"2025-08-12T12:46:10","slug":"politica-de-cookies","status":"publish","type":"page","link":"https:\/\/kymos.com\/ca\/politica-de-cookies\/","title":{"rendered":"Pol\u00edtica de cookies"},"content":{"rendered":"<p><div class=\"fusion-fullwidth fullwidth-box fusion-builder-row-1 fusion-flex-container hundred-percent-fullwidth non-hundred-percent-height-scrolling\" style=\"--awb-border-radius-top-left:0px;--awb-border-radius-top-right:0px;--awb-border-radius-bottom-right:0px;--awb-border-radius-bottom-left:0px;--awb-flex-wrap:wrap;\" ><div class=\"fusion-builder-row fusion-row fusion-flex-align-items-flex-start fusion-flex-justify-content-center fusion-flex-content-wrap\" style=\"width:calc( 100% + 20px ) !important;max-width:calc( 100% + 20px ) !important;margin-left: calc(-20px \/ 2 );margin-right: calc(-20px \/ 2 );\"><div class=\"fusion-layout-column fusion_builder_column fusion-builder-column-0 fusion_builder_column_1_1 1_1 fusion-flex-column\" style=\"--awb-bg-size:cover;--awb-width-large:100%;--awb-margin-top-large:0px;--awb-spacing-right-large:10px;--awb-margin-bottom-large:20px;--awb-spacing-left-large:10px;--awb-width-medium:100%;--awb-order-medium:0;--awb-spacing-right-medium:10px;--awb-spacing-left-medium:10px;--awb-width-small:100%;--awb-order-small:0;--awb-spacing-right-small:10px;--awb-spacing-left-small:10px;\"><div class=\"fusion-column-wrapper fusion-column-has-shadow fusion-flex-justify-content-flex-start fusion-content-layout-column\"><div class=\"fusion-title title fusion-title-1 fusion-sep-none fusion-title-center fusion-title-text fusion-title-size-one\"><h1 class=\"fusion-title-heading title-heading-center\" style=\"margin:0;\">Pol\u00edtica de cookies<\/h1><\/div><\/div><\/div><\/div><\/div><div class=\"fusion-fullwidth fullwidth-box fusion-builder-row-2 fusion-flex-container fusion-parallax-none nonhundred-percent-fullwidth non-hundred-percent-height-scrolling lazyload\" style=\"--awb-border-radius-top-left:0px;--awb-border-radius-top-right:0px;--awb-border-radius-bottom-right:0px;--awb-border-radius-bottom-left:0px;--awb-margin-bottom:100px;--awb-min-height:350px;--awb-background-size:cover;--awb-flex-wrap:wrap;\" data-bg=\"https:\/\/kymos.com\/wp-content\/uploads\/2021\/07\/KYMOS-FACILITIES_GMP_GLP-Archive_20210623-BCN-0484-1.jpg\" ><div class=\"fusion-builder-row fusion-row fusion-flex-align-items-flex-start fusion-flex-content-wrap\" style=\"max-width:calc( 1170px + 20px );margin-left: calc(-20px \/ 2 );margin-right: calc(-20px \/ 2 );\"><\/div><\/div><div class=\"fusion-fullwidth fullwidth-box fusion-builder-row-3 fusion-flex-container nonhundred-percent-fullwidth non-hundred-percent-height-scrolling\" style=\"--awb-border-radius-top-left:0px;--awb-border-radius-top-right:0px;--awb-border-radius-bottom-right:0px;--awb-border-radius-bottom-left:0px;--awb-padding-bottom:100px;--awb-margin-bottom:100px;--awb-flex-wrap:wrap;\" ><div class=\"fusion-builder-row fusion-row fusion-flex-align-items-flex-start fusion-flex-content-wrap\" style=\"max-width:calc( 1170px + 20px );margin-left: calc(-20px \/ 2 );margin-right: calc(-20px \/ 2 );\"><div class=\"fusion-layout-column fusion_builder_column fusion-builder-column-1 fusion_builder_column_1_1 1_1 fusion-flex-column\" style=\"--awb-bg-size:cover;--awb-width-large:100%;--awb-margin-top-large:0px;--awb-spacing-right-large:10px;--awb-margin-bottom-large:0px;--awb-spacing-left-large:10px;--awb-width-medium:100%;--awb-spacing-right-medium:10px;--awb-spacing-left-medium:10px;--awb-width-small:100%;--awb-spacing-right-small:10px;--awb-spacing-left-small:10px;\"><div class=\"fusion-column-wrapper fusion-flex-justify-content-flex-start fusion-content-layout-column\"><div class=\"fusion-text fusion-text-1\"><p>La cookie \u00e9s un fitxer que es descarrega al seu ordinador quan accedeix a alguns llocs web. Les cookies permeten que un lloc web, entre altres coses, emmagatzemi i recuperi informaci\u00f3 sobre un usuari o el seu ordinador i els seus h\u00e0bits de navegaci\u00f3 i, en funci\u00f3 de la informaci\u00f3 que continguin i de la forma en qu\u00e8 utilitzi el seu ordinador, es poden utilitzar per recon\u00e8ixer l&#8217;usuari. El navegador de l&#8217;usuari emmagatzema cookies al disc dur nom\u00e9s durant la sessi\u00f3 actual ocupant un espai m\u00ednim de mem\u00f2ria i sense danyar el seu ordinador. Les cookies no contenen cap tipus d&#8217;informaci\u00f3 personal, i la majoria d&#8217;elles s&#8217;esborren del disc dur al final del navegador de sessi\u00f3 (les anomenades cookies de sessi\u00f3). La majoria de navegadors accepten com a galetes est\u00e0ndard i, independentment d&#8217;elles, permeten o impedeixen la configuraci\u00f3 de seguretat galetes temporals o emmagatzemades.    <\/p>\n<p>Sense el seu consentiment expr\u00e9s -activant les cookies al seu navegador- KYMOS SL (KYMOS) i\/o els seus afiliats no enlla\u00e7aran en les cookies dades emmagatzemades amb les seves dades personals facilitades en el moment del registre.<\/p>\n<p>Quins tipus de galetes utilitza aquest lloc web?<\/p>\n<ul>\n<li>Cookies t\u00e8cniques: s\u00f3n aquelles que permeten a l&#8217;usuari la navegaci\u00f3 per una p\u00e0gina web, plataforma o aplicaci\u00f3 i l&#8217;\u00fas de les diferents opcions o serveis que pugui existir com, per exemple, controlar el tr\u00e0nsit i la comunicaci\u00f3 de dades, identificar la sessi\u00f3, accedir a parts de acc\u00e9s restringit, recordant els elements que conformen una comanda, realitzar el proc\u00e9s de compra d&#8217;una comanda, realitzar la sol\u00b7licitud d&#8217;inscripci\u00f3 o participaci\u00f3 en un esdeveniment, utilitzar elements de seguretat durant la navegaci\u00f3, emmagatzemar continguts per a la difusi\u00f3 de v\u00eddeo o so, o compartir continguts. a trav\u00e9s de les xarxes socials.<\/li>\n<li>Cookies de personalitzaci\u00f3: s\u00f3n aquelles que permeten a l&#8217;usuari accedir al servei amb algunes caracter\u00edstiques generals predefinides en el terminal de l&#8217;usuari com serien per exemple l&#8217;idioma, el tipus de navegador a trav\u00e9s del qual accedir al servei, la configuraci\u00f3 regional des d&#8217;on s&#8217;accedeix al servei, etc. .<\/li>\n<li>Cookies d&#8217;an\u00e0lisi: s\u00f3n aquelles que ben tractades per nosaltres o per tercers, ens permeten quantificar el nombre d&#8217;usuaris i aix\u00ed realitzar el mesurament i an\u00e0lisi estad\u00edstica de l&#8217;\u00fas del servei ofert als usuaris. Aix\u00ed, s&#8217;analitza la seva navegaci\u00f3 al nostre lloc web per tal de millorar l&#8217;oferta de productes o serveis que oferim. <\/li>\n<li>Cookies de tercers: el lloc web de KYMOS pot utilitzar serveis de tercers que, per compte de KYMOS, recullen informaci\u00f3 amb finalitats estad\u00edstiques, d&#8217;\u00fas del lloc per part de l&#8217;usuari i per a la prestaci\u00f3 d&#8217;altres serveis relacionats amb l&#8217;activitat del lloc web i altres serveis d&#8217;Internet.<\/li>\n<\/ul>\n<p>En concret, aquest lloc web utilitza les seg\u00fcents galetes proporcionades per Google, Inc. amb seu als Estats Units, amb seu a 1600 Amphitheatre Parkway, Mountain View, Calif\u00f2rnia 94043:<\/p>\n<p>a) <a href=\"https:\/\/www.google.com\/analytics\/terms\/us.html\" data-wpel-link=\"external\">Google Analytics<\/a> : \u00e9s un servei web anal\u00edtic que recull informaci\u00f3, inclosa l&#8217;adre\u00e7a IP de l&#8217;usuari, que ser\u00e0 transmesa, tractada i emmagatzemada per Google en els termes establerts al lloc web Google.com. Incloent la possible transmissi\u00f3 d&#8217;aquesta informaci\u00f3 a tercers per raons legals o quan aquests tercers processin informaci\u00f3 en nom de Google.<\/p>\n<p>b) <a href=\"https:\/\/support.google.com\/ds\/answer\/2839090?hl=en\" data-wpel-link=\"external\">DoubleClick<\/a> : utilitza cookies per millorar la publicitat, enviant una galeta al navegador despr\u00e9s de qualsevol impressi\u00f3, clic o altra activitat que resulti en una trucada als nostres servidors. Si el navegador accepta la galeta, la galeta s&#8217;emmagatzema al navegador.<\/p>\n<p>c) <a href=\"https:\/\/support.google.com\/tagmanager\/answer\/6102821?hl=en\" data-wpel-link=\"external\">Google Tag Manager<\/a> : \u00e9s un sistema que us permet actualitzar de manera r\u00e0pida i senzilla etiquetes i fragments de codi al vostre lloc web o aplicaci\u00f3 m\u00f2bil. Un cop s&#8217;ha afegit el fragment del Gestor d&#8217;etiquetes al vostre lloc web o a l&#8217;aplicaci\u00f3 m\u00f2bil, podeu configurar les etiquetes mitjan\u00e7ant una interf\u00edcie d&#8217;usuari basada en web sense haver d&#8217;alterar i desplegar codi addicional. Aix\u00f2 redueix els errors i us allibera de la implicaci\u00f3 d&#8217;un desenvolupador sempre que necessiteu fer canvis.<\/p>\n<p>d) <a href=\"https:\/\/support.google.com\/optimize\/answer\/6262388?hl=en\" data-wpel-link=\"external\">P\u00fablics de GA<\/a> : un p\u00fablic de rem\u00e0rqueting \u00e9s una llista de galetes o identificadors de publicitat per a m\u00f2bils que representa un grup d&#8217;usuaris als quals voleu tornar a implicar a causa de la seva probabilitat de convertir.<\/p>\n<p>A m\u00e9s, aquest lloc web utilitza les seg\u00fcents cookies de Drupal: `<\/p>\n<p>a) <a href=\"https:\/\/www.acquia.com\/about-us\/legal\/privacy-policy\" data-wpel-link=\"external\">has_js<\/a> : determina si JavaScript est\u00e0 habilitat o no perqu\u00e8 Drupal pugui realitzar operacions de manera m\u00e9s eficient per millorar l&#8217;experi\u00e8ncia de l&#8217;usuari.<\/p>\n<p>b) <a href=\"https:\/\/www.acquia.com\/about-us\/legal\/privacy-policy\" data-wpel-link=\"external\">Aceptat amb cookies<\/a> : indica si s&#8217;accepta la pol\u00edtica de cookies.<\/p>\n<p>L&#8217;usuari accepta, per l&#8217;\u00fas d&#8217;aquest Lloc, el tractament de la informaci\u00f3 recollida en la forma i per a les finalitats esmentades anteriorment. I tamb\u00e9 reconeix con\u00e8ixer la possibilitat de rebutjar el tractament d&#8217;aquestes dades o informaci\u00f3 rebutjant a tal efecte l&#8217;\u00fas de Cookies seleccionant la configuraci\u00f3 adequada al seu navegador. Encara que aquesta opci\u00f3 de bloqueig de Cookies al seu navegador pot no permetre l&#8217;\u00fas total de totes les caracter\u00edstiques del Lloc Web  <\/p>\n<p>A menys que h\u00e0giu ajustat la configuraci\u00f3 del vostre navegador, el nostre sistema crear\u00e0 galetes tan bon punt visiteu el nostre lloc web. Tingueu en compte que tots els navegadors d&#8217;Internet permeten el canvi d&#8217;aquesta configuraci\u00f3. Per a m\u00e9s informaci\u00f3 sobre com ajustar la configuraci\u00f3 de les galetes en els seg\u00fcents navegadors, us remetem a l&#8217;enlla\u00e7 corresponent:  <\/p>\n<h4>Internet Explorer<\/h4>\n<p><a href=\"https:\/\/support.microsoft.com\/kb\/196955\" data-wpel-link=\"external\">https:\/\/support.microsoft.com\/kb\/196955<\/a><\/p>\n<p><a href=\"https:\/\/www.allaboutcookies.org\/es\/administrar-las-cookies\/internet-explorer7-plus.html\" data-wpel-link=\"external\">https:\/\/www.allaboutcookies.org\/es\/administrar-las-cookies\/internet-explorer7-plus.html<\/a><\/p>\n<p><a href=\"https:\/\/www.allaboutcookies.org\/es\/administrar-las-cookies\/internet-explorer8-plus.html\" data-wpel-link=\"external\">https:\/\/www.allaboutcookies.org\/es\/administrar-las-cookies\/internet-explorer8-plus.html<\/a><\/p>\n<p><a href=\"https:\/\/www.allaboutcookies.org\/es\/administrar-las-cookies\/internet-explorer9-plus.html\" data-wpel-link=\"external\">https:\/\/www.allaboutcookies.org\/es\/administrar-las-cookies\/internet-explorer9-plus.html<\/a><\/p>\n<p><a href=\"https:\/\/support.microsoft.com\/es-es\/help\/17442\/windows-internet-explorer-delete-manage-cookies\" data-wpel-link=\"external\">https:\/\/support.microsoft.com\/es-es\/help\/17442\/windows-internet-explorer-delete-manage-cookies<\/a><\/p>\n<h4>Firefox<\/h4>\n<p><a href=\"https:\/\/support.mozilla.org\/es\/kb\/habilitar-y-deshabilitar-cookies-sitios-web-rastrear-preferencias%22%20%5Co%20%22Abre%20ventana%20nueva%22%20%5Ct%20%22_blank\" data-wpel-link=\"external\">https:\/\/support.mozilla.org\/es\/kb\/habilitar-y-deshabilitar-cookies-sitios-web-rastrear-preferencias  <\/a><\/p>\n<h4>Chrome<\/h4>\n<p><a href=\"https:\/\/support.google.com\/chrome\/answer\/95647?co=GENIE.Platform=Desktop&amp;hl=es%22%20%5Co%20%22Abre%20ventana%20nueva%22%20%5Ct%20%22_blank\" data-wpel-link=\"external\">https:\/\/support.google.com\/chrome\/answer\/95647?co=GENIE.Platform%3DDesktop&amp;hl=es<\/a><\/p>\n<h4>Safari<\/h4>\n<p><a href=\"https:\/\/support.apple.com\/kb\/ph21411?locale=es_ES\" data-wpel-link=\"external\">https:\/\/support.apple.com\/kb\/ph21411?locale=es_ES<\/a><\/p>\n<p><a href=\"https:\/\/support.apple.com\/es-es\/HT201265%22%20%5Co%20%22Abre%20ventana%20nueva%22%20%5Ct%20%22_blank\" data-wpel-link=\"external\">https:\/\/support.apple.com\/es-es\/HT201265<\/a><\/p>\n<h4>Canvis en la pol\u00edtica de cookies<\/h4>\n<p>\u00c9s possible que actualitzem la Pol\u00edtica de galetes del nostre lloc web, per la qual cosa us recomanem que reviseu aquesta pol\u00edtica cada vegada que accediu al nostre lloc web per tal d&#8217;estar adequadament informat sobre com i per qu\u00e8 utilitzem les galetes. La Pol\u00edtica de Cookies es va actualitzar per \u00faltima vegada el 10 de juliol de 2018. <\/p>\n<p>Si tens dubtes sobre aquesta Pol\u00edtica de Cookies, pots contactar amb Kymos a la seg\u00fcent adre\u00e7a <strong><a href=\"mailto:info@kymos.com?subject=Cookies\" data-wpel-link=\"internal\">info@kymos.com<\/a><\/strong> .<\/p>\n<\/div><\/div><\/div><\/div><\/div><\/p>\n","protected":false},"excerpt":{"rendered":"","protected":false},"author":8,"featured_media":0,"parent":0,"menu_order":0,"comment_status":"closed","ping_status":"open","template":"100-width.php","meta":{"_acf_changed":false,"footnotes":""},"categories":[],"tags":[],"class_list":["post-13691","page","type-page","status-publish","hentry"],"acf":[],"yoast_head":"<!-- This site is optimized with the Yoast SEO plugin v27.4 - https:\/\/yoast.com\/product\/yoast-seo-wordpress\/ -->\n<title>Pol\u00edtica de cookies | Kymos<\/title>\n<meta name=\"robots\" content=\"noindex, nofollow\" \/>\n<meta property=\"og:locale\" content=\"ca_ES\" \/>\n<meta property=\"og:type\" content=\"article\" \/>\n<meta property=\"og:title\" content=\"Pol\u00edtica de cookies | Kymos\" \/>\n<meta property=\"og:url\" content=\"https:\/\/kymos.com\/ca\/politica-de-cookies\/\" \/>\n<meta property=\"og:site_name\" content=\"Kymos\" \/>\n<meta property=\"article:modified_time\" content=\"2025-08-12T12:46:10+00:00\" \/>\n<meta property=\"og:image\" content=\"https:\/\/kymos.com\/wp-content\/uploads\/2023\/06\/Foto-Logo-Kymos-Edificio.png\" \/>\n\t<meta property=\"og:image:width\" content=\"1200\" \/>\n\t<meta property=\"og:image:height\" content=\"1200\" \/>\n\t<meta property=\"og:image:type\" content=\"image\/png\" \/>\n<meta name=\"twitter:card\" content=\"summary_large_image\" \/>\n<meta name=\"twitter:site\" content=\"@KymosGroup\" \/>\n<meta name=\"twitter:label1\" content=\"Temps estimat de lectura\" \/>\n\t<meta name=\"twitter:data1\" content=\"10 minut\" \/>\n<script type=\"application\/ld+json\" class=\"yoast-schema-graph\">{\"@context\":\"https:\\\/\\\/schema.org\",\"@graph\":[{\"@type\":\"WebPage\",\"@id\":\"https:\\\/\\\/kymos.com\\\/ca\\\/politica-de-cookies\\\/\",\"url\":\"https:\\\/\\\/kymos.com\\\/ca\\\/politica-de-cookies\\\/\",\"name\":\"Pol\u00edtica de cookies | Kymos\",\"isPartOf\":{\"@id\":\"https:\\\/\\\/kymos.com\\\/ca\\\/#website\"},\"datePublished\":\"2021-08-31T15:04:54+00:00\",\"dateModified\":\"2025-08-12T12:46:10+00:00\",\"breadcrumb\":{\"@id\":\"https:\\\/\\\/kymos.com\\\/ca\\\/politica-de-cookies\\\/#breadcrumb\"},\"inLanguage\":\"ca\",\"potentialAction\":[{\"@type\":\"ReadAction\",\"target\":[\"https:\\\/\\\/kymos.com\\\/ca\\\/politica-de-cookies\\\/\"]}]},{\"@type\":\"BreadcrumbList\",\"@id\":\"https:\\\/\\\/kymos.com\\\/ca\\\/politica-de-cookies\\\/#breadcrumb\",\"itemListElement\":[{\"@type\":\"ListItem\",\"position\":1,\"name\":\"Home\",\"item\":\"https:\\\/\\\/kymos.com\\\/ca\\\/inici\\\/\"},{\"@type\":\"ListItem\",\"position\":2,\"name\":\"Pol\u00edtica de cookies\"}]},{\"@type\":\"WebSite\",\"@id\":\"https:\\\/\\\/kymos.com\\\/ca\\\/#website\",\"url\":\"https:\\\/\\\/kymos.com\\\/ca\\\/\",\"name\":\"Kymos Group\",\"description\":\"Kymos Group\",\"potentialAction\":[{\"@type\":\"SearchAction\",\"target\":{\"@type\":\"EntryPoint\",\"urlTemplate\":\"https:\\\/\\\/kymos.com\\\/ca\\\/?s={search_term_string}\"},\"query-input\":{\"@type\":\"PropertyValueSpecification\",\"valueRequired\":true,\"valueName\":\"search_term_string\"}}],\"inLanguage\":\"ca\"}]}<\/script>\n<!-- \/ Yoast SEO plugin. -->","yoast_head_json":{"title":"Pol\u00edtica de cookies | Kymos","robots":{"index":"noindex","follow":"nofollow"},"og_locale":"ca_ES","og_type":"article","og_title":"Pol\u00edtica de cookies | Kymos","og_url":"https:\/\/kymos.com\/ca\/politica-de-cookies\/","og_site_name":"Kymos","article_modified_time":"2025-08-12T12:46:10+00:00","og_image":[{"width":1200,"height":1200,"url":"https:\/\/kymos.com\/wp-content\/uploads\/2023\/06\/Foto-Logo-Kymos-Edificio.png","type":"image\/png"}],"twitter_card":"summary_large_image","twitter_site":"@KymosGroup","twitter_misc":{"Temps estimat de lectura":"10 minut"},"schema":{"@context":"https:\/\/schema.org","@graph":[{"@type":"WebPage","@id":"https:\/\/kymos.com\/ca\/politica-de-cookies\/","url":"https:\/\/kymos.com\/ca\/politica-de-cookies\/","name":"Pol\u00edtica de cookies | Kymos","isPartOf":{"@id":"https:\/\/kymos.com\/ca\/#website"},"datePublished":"2021-08-31T15:04:54+00:00","dateModified":"2025-08-12T12:46:10+00:00","breadcrumb":{"@id":"https:\/\/kymos.com\/ca\/politica-de-cookies\/#breadcrumb"},"inLanguage":"ca","potentialAction":[{"@type":"ReadAction","target":["https:\/\/kymos.com\/ca\/politica-de-cookies\/"]}]},{"@type":"BreadcrumbList","@id":"https:\/\/kymos.com\/ca\/politica-de-cookies\/#breadcrumb","itemListElement":[{"@type":"ListItem","position":1,"name":"Home","item":"https:\/\/kymos.com\/ca\/inici\/"},{"@type":"ListItem","position":2,"name":"Pol\u00edtica de cookies"}]},{"@type":"WebSite","@id":"https:\/\/kymos.com\/ca\/#website","url":"https:\/\/kymos.com\/ca\/","name":"Kymos Group","description":"Kymos Group","potentialAction":[{"@type":"SearchAction","target":{"@type":"EntryPoint","urlTemplate":"https:\/\/kymos.com\/ca\/?s={search_term_string}"},"query-input":{"@type":"PropertyValueSpecification","valueRequired":true,"valueName":"search_term_string"}}],"inLanguage":"ca"}]}},"_links":{"self":[{"href":"https:\/\/kymos.com\/ca\/wp-json\/wp\/v2\/pages\/13691","targetHints":{"allow":["GET"]}}],"collection":[{"href":"https:\/\/kymos.com\/ca\/wp-json\/wp\/v2\/pages"}],"about":[{"href":"https:\/\/kymos.com\/ca\/wp-json\/wp\/v2\/types\/page"}],"author":[{"embeddable":true,"href":"https:\/\/kymos.com\/ca\/wp-json\/wp\/v2\/users\/8"}],"replies":[{"embeddable":true,"href":"https:\/\/kymos.com\/ca\/wp-json\/wp\/v2\/comments?post=13691"}],"version-history":[{"count":0,"href":"https:\/\/kymos.com\/ca\/wp-json\/wp\/v2\/pages\/13691\/revisions"}],"wp:attachment":[{"href":"https:\/\/kymos.com\/ca\/wp-json\/wp\/v2\/media?parent=13691"}],"wp:term":[{"taxonomy":"category","embeddable":true,"href":"https:\/\/kymos.com\/ca\/wp-json\/wp\/v2\/categories?post=13691"},{"taxonomy":"post_tag","embeddable":true,"href":"https:\/\/kymos.com\/ca\/wp-json\/wp\/v2\/tags?post=13691"}],"curies":[{"name":"wp","href":"https:\/\/api.w.org\/{rel}","templated":true}]}}